{"id":2272,"date":"2015-01-15T20:46:05","date_gmt":"2015-01-15T20:46:05","guid":{"rendered":"https:\/\/www.mbouchard.ca\/?page_id=2272"},"modified":"2021-01-28T18:58:29","modified_gmt":"2021-01-28T18:58:29","slug":"proprietes","status":"publish","type":"page","link":"https:\/\/www.mbouchard.ca\/fr\/proprietes\/","title":{"rendered":"Nos propri\u00e9t\u00e9s"},"content":{"rendered":"<div class=\"wpb-content-wrapper\">[vc_row][vc_column][vc_empty_space]<div class=\"woocommerce columns-4 \"><ul class=\"products columns-4\">\n<li class=\"product type-product post-5905 status-publish first instock product_cat-a-vendre-ou-a-louer product_cat-vedettes has-post-thumbnail shipping-taxable purchasable product-type-simple\">\n\t<div class=\"mkdf-pl-inner\"><div class=\"mkdf-pl-image\"><img loading=\"lazy\" decoding=\"async\" width=\"330\" height=\"330\" src=\"https:\/\/www.mbouchard.ca\/wp-content\/uploads\/2023\/04\/IMG-20230204-WA00001-330x330.jpg\" class=\"attachment-woocommerce_thumbnail size-woocommerce_thumbnail\" alt=\"243 Demosthenous, Agia Marina, Ile d&#039;\u00c9gine, Gr\u00e8ce\" \/><\/div><a href=\"https:\/\/www.mbouchard.ca\/fr\/proprietes\/vedettes\/243-demosthenous-agia-marina-ile-degine-grece\/\" class=\"woocommerce-LoopProduct-link woocommerce-loop-product__link\"><\/a><\/div><div class=\"mkdf-pl-text-wrapper\"><h4 class=\"mkdf-product-list-title\"><a href=\"https:\/\/www.mbouchard.ca\/fr\/proprietes\/vedettes\/243-demosthenous-agia-marina-ile-degine-grece\/\">243 Demosthenous, Agia Marina, Ile d&#8217;\u00c9gine, Gr\u00e8ce<\/a><\/h4>\n\t\t<div class=\"house-info\">\n\t\t\t\t\t\t\t<span class=\"volume\">\n\t\t\t\t\t1500 pi<sup>2<\/sup>\t\t\t\t<\/span>\n\t\t\t\t\t\t\t\t\t\t<span class=\"bed\">\n\t\t\t\t\t6 c.a.c.\t\t\t\t<\/span>\n\t\t\t\t\t\t\t\t\t<span class=\"bath\">\n\t\t\t\t6 s. d. b.\t\t\t<\/span>\n\t\t\t\t\t<\/div>\n\n\t<div class=\"mkdf-pl-price-holder clearfix\"><a href=\"\/fr\/wp-json\/wp\/v2\/pages\/2272?add-to-cart=5905\" aria-describedby=\"woocommerce_loop_add_to_cart_link_describedby_5905\" data-quantity=\"1\" class=\"button product_type_simple add_to_cart_button ajax_add_to_cart\" data-product_id=\"5905\" data-product_sku=\"\" aria-label=\"Ajouter au panier\u00a0: &ldquo;243 Demosthenous, Agia Marina, Ile d&#039;\u00c9gine, Gr\u00e8ce&rdquo;\" rel=\"nofollow\" data-success_message=\"\u00ab\u00a0243 Demosthenous, Agia Marina, Ile d&#039;\u00c9gine, Gr\u00e8ce\u00a0\u00bb a \u00e9t\u00e9 ajout\u00e9 \u00e0 votre panier\">Ajouter au panier<\/a>\t<span id=\"woocommerce_loop_add_to_cart_link_describedby_5905\" class=\"screen-reader-text\">\n\t\t\t<\/span>\n\n\t<span class=\"price\"><span class=\"woocommerce-Price-amount amount\"><bdi><span class=\"woocommerce-Price-currencySymbol\">&#36;<\/span>795,000.00<\/bdi><\/span><\/span>\n<\/div><\/div><\/li>\n<li class=\"product type-product post-6543 status-publish instock product_cat-a-vendre product_cat-a-vendre-ou-a-louer product_cat-appartement product_cat-vedettes has-post-thumbnail shipping-taxable purchasable product-type-simple\">\n\t<div class=\"mkdf-pl-inner\"><div class=\"mkdf-pl-image\"><img loading=\"lazy\" decoding=\"async\" width=\"330\" height=\"330\" src=\"https:\/\/www.mbouchard.ca\/wp-content\/uploads\/2025\/09\/34-34-rue-saint-paul-ouest-montr-al-21-330x330.jpg\" class=\"attachment-woocommerce_thumbnail size-woocommerce_thumbnail\" alt=\"34 Saint-Paul Ouest #34, Montreal\" \/><\/div><a href=\"https:\/\/www.mbouchard.ca\/fr\/proprietes\/a-vendre\/6543\/\" class=\"woocommerce-LoopProduct-link woocommerce-loop-product__link\"><\/a><\/div><div class=\"mkdf-pl-text-wrapper\"><h4 class=\"mkdf-product-list-title\"><a href=\"https:\/\/www.mbouchard.ca\/fr\/proprietes\/a-vendre\/6543\/\">34 Saint-Paul Ouest #34, Montreal<\/a><\/h4>\n\t\t<div class=\"house-info\">\n\t\t\t\t\t\t\t<span class=\"volume\">\n\t\t\t\t\t1319 pi<sup>2<\/sup>\t\t\t\t<\/span>\n\t\t\t\t\t\t\t\t\t\t<span class=\"bed\">\n\t\t\t\t\t2 c.a.c.\t\t\t\t<\/span>\n\t\t\t\t\t\t\t\t\t<span class=\"bath\">\n\t\t\t\t2 s. d. b.\t\t\t<\/span>\n\t\t\t\t\t<\/div>\n\n\t<div class=\"mkdf-pl-price-holder clearfix\"><a href=\"\/fr\/wp-json\/wp\/v2\/pages\/2272?add-to-cart=6543\" aria-describedby=\"woocommerce_loop_add_to_cart_link_describedby_6543\" data-quantity=\"1\" class=\"button product_type_simple add_to_cart_button ajax_add_to_cart\" data-product_id=\"6543\" data-product_sku=\"\" aria-label=\"Ajouter au panier\u00a0: &ldquo;34 Saint-Paul Ouest #34, Montreal&rdquo;\" rel=\"nofollow\" data-success_message=\"\u00ab\u00a034 Saint-Paul Ouest #34, Montreal\u00a0\u00bb a \u00e9t\u00e9 ajout\u00e9 \u00e0 votre panier\">Ajouter au panier<\/a>\t<span id=\"woocommerce_loop_add_to_cart_link_describedby_6543\" class=\"screen-reader-text\">\n\t\t\t<\/span>\n\n\t<span class=\"price\"><span class=\"woocommerce-Price-amount amount\"><bdi><span class=\"woocommerce-Price-currencySymbol\">&#36;<\/span>795,000.00<\/bdi><\/span><\/span>\n<\/div><\/div><\/li>\n<li class=\"product type-product post-6165 status-publish instock product_cat-a-vendre product_cat-a-vendre-ou-a-louer product_cat-appartement product_cat-vedettes product_cat-vente-commerciale has-post-thumbnail shipping-taxable purchasable product-type-simple\">\n\t<div class=\"mkdf-pl-inner\"><div class=\"mkdf-pl-image\"><img loading=\"lazy\" decoding=\"async\" width=\"330\" height=\"330\" src=\"https:\/\/www.mbouchard.ca\/wp-content\/uploads\/2017\/02\/sold-330x330.jpg\" class=\"attachment-woocommerce_thumbnail size-woocommerce_thumbnail\" alt=\"34, rue Saint-Paul Ouest, local GED-GEA, espace commercial \u00e0 Montr\u00e9al\" \/><\/div><a href=\"https:\/\/www.mbouchard.ca\/fr\/proprietes\/a-vendre\/34-st-paul-ouest-local-ged-gea-espace-commercial-a-montreal\/\" class=\"woocommerce-LoopProduct-link woocommerce-loop-product__link\"><\/a><\/div><div class=\"mkdf-pl-text-wrapper\"><h4 class=\"mkdf-product-list-title\"><a href=\"https:\/\/www.mbouchard.ca\/fr\/proprietes\/a-vendre\/34-st-paul-ouest-local-ged-gea-espace-commercial-a-montreal\/\">34, rue Saint-Paul Ouest, local GED-GEA, espace commercial \u00e0 Montr\u00e9al<\/a><\/h4>\n\t\t<div class=\"house-info\">\n\t\t\t\t\t\t\t<span class=\"volume\">\n\t\t\t\t\t2265 pi<sup>2<\/sup>\t\t\t\t<\/span>\n\t\t\t\t\t\t\t\t\t\t\t<\/div>\n\n\t<div class=\"mkdf-pl-price-holder clearfix\"><a href=\"\/fr\/wp-json\/wp\/v2\/pages\/2272?add-to-cart=6165\" aria-describedby=\"woocommerce_loop_add_to_cart_link_describedby_6165\" data-quantity=\"1\" class=\"button product_type_simple add_to_cart_button ajax_add_to_cart\" data-product_id=\"6165\" data-product_sku=\"\" aria-label=\"Ajouter au panier\u00a0: &ldquo;34, rue Saint-Paul Ouest, local GED-GEA, espace commercial \u00e0 Montr\u00e9al&rdquo;\" rel=\"nofollow\" data-success_message=\"\u00ab\u00a034, rue Saint-Paul Ouest, local GED-GEA, espace commercial \u00e0 Montr\u00e9al\u00a0\u00bb a \u00e9t\u00e9 ajout\u00e9 \u00e0 votre panier\">Ajouter au panier<\/a>\t<span id=\"woocommerce_loop_add_to_cart_link_describedby_6165\" class=\"screen-reader-text\">\n\t\t\t<\/span>\n\n\t<span class=\"price\"><span class=\"woocommerce-Price-amount amount\"><bdi><span class=\"woocommerce-Price-currencySymbol\">&#36;<\/span>1,888,000.00<\/bdi><\/span><\/span>\n<\/div><\/div><\/li>\n<li class=\"product type-product post-6589 status-publish last instock product_cat-a-vendre product_cat-a-vendre-ou-a-louer product_cat-vedettes has-post-thumbnail shipping-taxable purchasable product-type-simple\">\n\t<div class=\"mkdf-pl-inner\"><div class=\"mkdf-pl-image\"><img loading=\"lazy\" decoding=\"async\" width=\"330\" height=\"330\" src=\"https:\/\/www.mbouchard.ca\/wp-content\/uploads\/2025\/10\/443-rue-saint-claude-montr-al-4-330x330.jpg\" class=\"attachment-woocommerce_thumbnail size-woocommerce_thumbnail\" alt=\"443 St-Claude, Vieux-Montreal\" \/><\/div><a href=\"https:\/\/www.mbouchard.ca\/fr\/proprietes\/a-vendre\/443-st-claude\/\" class=\"woocommerce-LoopProduct-link woocommerce-loop-product__link\"><\/a><\/div><div class=\"mkdf-pl-text-wrapper\"><h4 class=\"mkdf-product-list-title\"><a href=\"https:\/\/www.mbouchard.ca\/fr\/proprietes\/a-vendre\/443-st-claude\/\">443 St-Claude, Vieux-Montreal<\/a><\/h4>\n\t\t<div class=\"house-info\">\n\t\t\t\t\t\t\t<span class=\"volume\">\n\t\t\t\t\t3476 pi<sup>2<\/sup>\t\t\t\t<\/span>\n\t\t\t\t\t\t\t\t\t\t<span class=\"bed\">\n\t\t\t\t\t0 c.a.c.\t\t\t\t<\/span>\n\t\t\t\t\t\t\t\t\t<span class=\"bath\">\n\t\t\t\t1 s. d. b.\t\t\t<\/span>\n\t\t\t\t\t<\/div>\n\n\t<div class=\"mkdf-pl-price-holder clearfix\"><a href=\"\/fr\/wp-json\/wp\/v2\/pages\/2272?add-to-cart=6589\" aria-describedby=\"woocommerce_loop_add_to_cart_link_describedby_6589\" data-quantity=\"1\" class=\"button product_type_simple add_to_cart_button ajax_add_to_cart\" data-product_id=\"6589\" data-product_sku=\"\" aria-label=\"Ajouter au panier\u00a0: &ldquo;443 St-Claude, Vieux-Montreal&rdquo;\" rel=\"nofollow\" data-success_message=\"\u00ab\u00a0443 St-Claude, Vieux-Montreal\u00a0\u00bb a \u00e9t\u00e9 ajout\u00e9 \u00e0 votre panier\">Ajouter au panier<\/a>\t<span id=\"woocommerce_loop_add_to_cart_link_describedby_6589\" class=\"screen-reader-text\">\n\t\t\t<\/span>\n\n\t<span class=\"price\"><span class=\"woocommerce-Price-amount amount\"><bdi><span class=\"woocommerce-Price-currencySymbol\">&#36;<\/span>1,565,000.00<\/bdi><\/span><\/span>\n<\/div><\/div><\/li>\n<li class=\"product type-product post-6057 status-publish first instock product_cat-a-louer product_cat-a-vendre-ou-a-louer product_cat-location-residentielle product_cat-vedettes has-post-thumbnail shipping-taxable purchasable product-type-simple\">\n\t<div class=\"mkdf-pl-inner\"><div class=\"mkdf-pl-image\"><img loading=\"lazy\" decoding=\"async\" width=\"330\" height=\"330\" src=\"https:\/\/www.mbouchard.ca\/wp-content\/uploads\/2024\/01\/280-455-rue-saint-pierre-montr-al-9-2-330x330.jpg\" class=\"attachment-woocommerce_thumbnail size-woocommerce_thumbnail\" alt=\"455 St-Pierre #280, Montreal, QC\" \/><\/div><a href=\"https:\/\/www.mbouchard.ca\/fr\/proprietes\/a-louer\/455-st-pierre-170-montreal-qc-copy\/\" class=\"woocommerce-LoopProduct-link woocommerce-loop-product__link\"><\/a><\/div><div class=\"mkdf-pl-text-wrapper\"><h4 class=\"mkdf-product-list-title\"><a href=\"https:\/\/www.mbouchard.ca\/fr\/proprietes\/a-louer\/455-st-pierre-170-montreal-qc-copy\/\">455 St-Pierre #280, Montreal, QC<\/a><\/h4>\n\t\t<div class=\"house-info\">\n\t\t\t\t\t\t\t<span class=\"volume\">\n\t\t\t\t\t1277 pi<sup>2<\/sup>\t\t\t\t<\/span>\n\t\t\t\t\t\t\t\t\t\t<span class=\"bed\">\n\t\t\t\t\t2 c.a.c.\t\t\t\t<\/span>\n\t\t\t\t\t\t\t\t\t<span class=\"bath\">\n\t\t\t\t2 s. d. b.\t\t\t<\/span>\n\t\t\t\t\t<\/div>\n\n\t<div class=\"mkdf-pl-price-holder clearfix\"><a href=\"\/fr\/wp-json\/wp\/v2\/pages\/2272?add-to-cart=6057\" aria-describedby=\"woocommerce_loop_add_to_cart_link_describedby_6057\" data-quantity=\"1\" class=\"button product_type_simple add_to_cart_button ajax_add_to_cart\" data-product_id=\"6057\" data-product_sku=\"\" aria-label=\"Ajouter au panier\u00a0: &ldquo;455 St-Pierre #280, Montreal, QC&rdquo;\" rel=\"nofollow\" data-success_message=\"\u00ab\u00a0455 St-Pierre #280, Montreal, QC\u00a0\u00bb a \u00e9t\u00e9 ajout\u00e9 \u00e0 votre panier\">Ajouter au panier<\/a>\t<span id=\"woocommerce_loop_add_to_cart_link_describedby_6057\" class=\"screen-reader-text\">\n\t\t\t<\/span>\n\n\t<span class=\"price\"><span class=\"woocommerce-Price-amount amount\"><bdi><span class=\"woocommerce-Price-currencySymbol\">&#36;<\/span>750,000.00<\/bdi><\/span><\/span>\n<\/div><\/div><\/li>\n<li class=\"product type-product post-6567 status-publish instock product_cat-a-vendre product_cat-a-vendre-ou-a-louer product_cat-vedettes product_cat-vente-residentielle has-post-thumbnail shipping-taxable purchasable product-type-simple\">\n\t<div class=\"mkdf-pl-inner\"><div class=\"mkdf-pl-image\"><img loading=\"lazy\" decoding=\"async\" width=\"330\" height=\"330\" src=\"https:\/\/www.mbouchard.ca\/wp-content\/uploads\/2025\/09\/5068-rue-rivard-montr-al-2-330x330.jpg\" class=\"attachment-woocommerce_thumbnail size-woocommerce_thumbnail\" alt=\"5068-5070 Rivard, Plateau, Montreal\" \/><\/div><a href=\"https:\/\/www.mbouchard.ca\/fr\/proprietes\/a-vendre\/5068-5070-rivard-plateau-montreal\/\" class=\"woocommerce-LoopProduct-link woocommerce-loop-product__link\"><\/a><\/div><div class=\"mkdf-pl-text-wrapper\"><h4 class=\"mkdf-product-list-title\"><a href=\"https:\/\/www.mbouchard.ca\/fr\/proprietes\/a-vendre\/5068-5070-rivard-plateau-montreal\/\">5068-5070 Rivard, Plateau, Montreal<\/a><\/h4>\n\t\t<div class=\"house-info\">\n\t\t\t\t\t\t\t\t\t\t<span class=\"bed\">\n\t\t\t\t\t2+ c.a.c.\t\t\t\t<\/span>\n\t\t\t\t\t\t\t\t\t<span class=\"bath\">\n\t\t\t\t1+ s. d. b.\t\t\t<\/span>\n\t\t\t\t\t<\/div>\n\n\t<div class=\"mkdf-pl-price-holder clearfix\"><a href=\"\/fr\/wp-json\/wp\/v2\/pages\/2272?add-to-cart=6567\" aria-describedby=\"woocommerce_loop_add_to_cart_link_describedby_6567\" data-quantity=\"1\" class=\"button product_type_simple add_to_cart_button ajax_add_to_cart\" data-product_id=\"6567\" data-product_sku=\"\" aria-label=\"Ajouter au panier\u00a0: &ldquo;5068-5070 Rivard, Plateau, Montreal&rdquo;\" rel=\"nofollow\" data-success_message=\"\u00ab\u00a05068-5070 Rivard, Plateau, Montreal\u00a0\u00bb a \u00e9t\u00e9 ajout\u00e9 \u00e0 votre panier\">Ajouter au panier<\/a>\t<span id=\"woocommerce_loop_add_to_cart_link_describedby_6567\" class=\"screen-reader-text\">\n\t\t\t<\/span>\n\n\t<span class=\"price\"><span class=\"woocommerce-Price-amount amount\"><bdi><span class=\"woocommerce-Price-currencySymbol\">&#36;<\/span>1,275,000.00<\/bdi><\/span><\/span>\n<\/div><\/div><\/li>\n<li class=\"product type-product post-6370 status-publish instock product_cat-a-vendre-ou-a-louer has-post-thumbnail shipping-taxable purchasable product-type-simple\">\n\t<div class=\"mkdf-pl-inner\"><div class=\"mkdf-pl-image\"><img loading=\"lazy\" decoding=\"async\" width=\"330\" height=\"330\" src=\"https:\/\/www.mbouchard.ca\/wp-content\/uploads\/2024\/12\/Screenshot-2024-12-03-at-12.49.56\u202fPM-330x330.png\" class=\"attachment-woocommerce_thumbnail size-woocommerce_thumbnail\" alt=\"Chalet \u00e0 Toulouse en France\" \/><\/div><a href=\"https:\/\/www.mbouchard.ca\/fr\/proprietes\/a-vendre-ou-a-louer\/chalet-a-toulouse-en-france\/\" class=\"woocommerce-LoopProduct-link woocommerce-loop-product__link\"><\/a><\/div><div class=\"mkdf-pl-text-wrapper\"><h4 class=\"mkdf-product-list-title\"><a href=\"https:\/\/www.mbouchard.ca\/fr\/proprietes\/a-vendre-ou-a-louer\/chalet-a-toulouse-en-france\/\">Chalet \u00e0 Toulouse en France<\/a><\/h4>\n\t\t<div class=\"house-info\">\n\t\t\t\t\t\t\t<span class=\"volume\">\n\t\t\t\t\t2260 pi<sup>2<\/sup>\t\t\t\t<\/span>\n\t\t\t\t\t\t\t\t\t\t<span class=\"bed\">\n\t\t\t\t\t6 c.a.c.\t\t\t\t<\/span>\n\t\t\t\t\t\t\t\t\t<span class=\"bath\">\n\t\t\t\t2 s. d. b.\t\t\t<\/span>\n\t\t\t\t\t<\/div>\n\n\t<div class=\"mkdf-pl-price-holder clearfix\"><a href=\"\/fr\/wp-json\/wp\/v2\/pages\/2272?add-to-cart=6370\" aria-describedby=\"woocommerce_loop_add_to_cart_link_describedby_6370\" data-quantity=\"1\" class=\"button product_type_simple add_to_cart_button ajax_add_to_cart\" data-product_id=\"6370\" data-product_sku=\"\" aria-label=\"Ajouter au panier\u00a0: &ldquo;Chalet \u00e0 Toulouse en France&rdquo;\" rel=\"nofollow\" data-success_message=\"\u00ab\u00a0Chalet \u00e0 Toulouse en France\u00a0\u00bb a \u00e9t\u00e9 ajout\u00e9 \u00e0 votre panier\">Ajouter au panier<\/a>\t<span id=\"woocommerce_loop_add_to_cart_link_describedby_6370\" class=\"screen-reader-text\">\n\t\t\t<\/span>\n\n\t<span class=\"price\"><span class=\"woocommerce-Price-amount amount\"><bdi><span class=\"woocommerce-Price-currencySymbol\">&#36;<\/span>932,000.00<\/bdi><\/span><\/span>\n<\/div><\/div><\/li>\n<li class=\"product type-product post-3786 status-publish last instock product_cat-a-vendre product_cat-a-vendre-ou-a-louer product_cat-vedettes product_cat-vente-residentielle has-post-thumbnail shipping-taxable purchasable product-type-simple\">\n\t<div class=\"mkdf-pl-inner\"><div class=\"mkdf-pl-image\"><img loading=\"lazy\" decoding=\"async\" width=\"330\" height=\"330\" src=\"https:\/\/www.mbouchard.ca\/wp-content\/uploads\/2017\/10\/piscine-330x330.jpg\" class=\"attachment-woocommerce_thumbnail size-woocommerce_thumbnail\" alt=\"ESPAGNE\/MAGNIFIQUE MAISON\/ VUE SUR LA MER\" \/><\/div><a href=\"https:\/\/www.mbouchard.ca\/fr\/proprietes\/a-vendre\/espagnemagnifique-maison-vue-sur-la-mer\/\" class=\"woocommerce-LoopProduct-link woocommerce-loop-product__link\"><\/a><\/div><div class=\"mkdf-pl-text-wrapper\"><h4 class=\"mkdf-product-list-title\"><a href=\"https:\/\/www.mbouchard.ca\/fr\/proprietes\/a-vendre\/espagnemagnifique-maison-vue-sur-la-mer\/\">ESPAGNE\/MAGNIFIQUE MAISON\/ VUE SUR LA MER<\/a><\/h4>\n\t\t<div class=\"house-info\">\n\t\t\t\t\t\t\t<span class=\"volume\">\n\t\t\t\t\t3767 pi<sup>2<\/sup>\t\t\t\t<\/span>\n\t\t\t\t\t\t\t\t\t\t<span class=\"bed\">\n\t\t\t\t\t3 c.a.c.\t\t\t\t<\/span>\n\t\t\t\t\t\t\t\t\t<span class=\"bath\">\n\t\t\t\t2+1 s. d. b.\t\t\t<\/span>\n\t\t\t\t\t<\/div>\n\n\t<div class=\"mkdf-pl-price-holder clearfix\"><a href=\"\/fr\/wp-json\/wp\/v2\/pages\/2272?add-to-cart=3786\" aria-describedby=\"woocommerce_loop_add_to_cart_link_describedby_3786\" data-quantity=\"1\" class=\"button product_type_simple add_to_cart_button ajax_add_to_cart\" data-product_id=\"3786\" data-product_sku=\"\" aria-label=\"Ajouter au panier\u00a0: &ldquo;ESPAGNE\/MAGNIFIQUE MAISON\/ VUE SUR LA MER&rdquo;\" rel=\"nofollow\" data-success_message=\"\u00ab\u00a0ESPAGNE\/MAGNIFIQUE MAISON\/ VUE SUR LA MER\u00a0\u00bb a \u00e9t\u00e9 ajout\u00e9 \u00e0 votre panier\">Ajouter au panier<\/a>\t<span id=\"woocommerce_loop_add_to_cart_link_describedby_3786\" class=\"screen-reader-text\">\n\t\t\t<\/span>\n\n\t<span class=\"price\"><span class=\"woocommerce-Price-amount amount\"><bdi><span class=\"woocommerce-Price-currencySymbol\">&#36;<\/span>1,280,000.00<\/bdi><\/span><\/span>\n<\/div><\/div><\/li>\n<\/ul>\n<\/div>[vc_btn title=&#8221;Montrer toutes les propri\u00e9t\u00e9s&#8221; style=&#8221;flat&#8221; color=&#8221;danger&#8221; size=&#8221;lg&#8221; align=&#8221;center&#8221; link=&#8221;url:%2Ffr%2Fcategorie-produit%2Fa-vendre-ou-a-louer%2F|||&#8221;][\/vc_column][\/vc_row]\n<\/div>","protected":false},"excerpt":{"rendered":"<p>[vc_row][vc_column][vc_empty_space][vc_btn title=&#8221;Montrer toutes les propri\u00e9t\u00e9s&#8221; style=&#8221;flat&#8221; color=&#8221;danger&#8221; size=&#8221;lg&#8221; align=&#8221;center&#8221; link=&#8221;url:%2Ffr%2Fcategorie-produit%2Fa-vendre-ou-a-louer%2F|||&#8221;][\/vc_column][\/vc_row]<\/p>\n","protected":false},"author":1,"featured_media":0,"parent":0,"menu_order":0,"comment_status":"closed","ping_status":"open","template":"","meta":{"footnotes":""},"class_list":["post-2272","page","type-page","status-publish","hentry"],"yoast_head":"<!-- This site is optimized with the Yoast SEO plugin v27.4 - https:\/\/yoast.com\/product\/yoast-seo-wordpress\/ -->\n<title>Nos propri\u00e9t\u00e9s - Michele Bouchard<\/title>\n<meta name=\"robots\" content=\"index, follow, max-snippet:-1, max-image-preview:large, max-video-preview:-1\" \/>\n<link rel=\"canonical\" href=\"https:\/\/www.mbouchard.ca\/fr\/proprietes\/\" \/>\n<meta property=\"og:locale\" content=\"fr_FR\" \/>\n<meta property=\"og:type\" content=\"article\" \/>\n<meta property=\"og:title\" content=\"Nos propri\u00e9t\u00e9s - Michele Bouchard\" \/>\n<meta property=\"og:description\" content=\"[vc_row][vc_column][vc_empty_space][vc_btn title=&#8221;Montrer toutes les propri\u00e9t\u00e9s&#8221; style=&#8221;flat&#8221; color=&#8221;danger&#8221; size=&#8221;lg&#8221; align=&#8221;center&#8221; link=&#8221;url:%2Ffr%2Fcategorie-produit%2Fa-vendre-ou-a-louer%2F|||&#8221;][\/vc_column][\/vc_row]\" \/>\n<meta property=\"og:url\" content=\"https:\/\/www.mbouchard.ca\/fr\/proprietes\/\" \/>\n<meta property=\"og:site_name\" content=\"Michele Bouchard\" \/>\n<meta property=\"article:modified_time\" content=\"2021-01-28T18:58:29+00:00\" \/>\n<meta name=\"twitter:card\" content=\"summary_large_image\" \/>\n<script type=\"application\/ld+json\" class=\"yoast-schema-graph\">{\"@context\":\"https:\\\/\\\/schema.org\",\"@graph\":[{\"@type\":\"WebPage\",\"@id\":\"https:\\\/\\\/www.mbouchard.ca\\\/fr\\\/proprietes\\\/\",\"url\":\"https:\\\/\\\/www.mbouchard.ca\\\/fr\\\/proprietes\\\/\",\"name\":\"Nos propri\u00e9t\u00e9s - Michele Bouchard\",\"isPartOf\":{\"@id\":\"https:\\\/\\\/www.mbouchard.ca\\\/#website\"},\"datePublished\":\"2015-01-15T20:46:05+00:00\",\"dateModified\":\"2021-01-28T18:58:29+00:00\",\"breadcrumb\":{\"@id\":\"https:\\\/\\\/www.mbouchard.ca\\\/fr\\\/proprietes\\\/#breadcrumb\"},\"inLanguage\":\"fr-FR\",\"potentialAction\":[{\"@type\":\"ReadAction\",\"target\":[\"https:\\\/\\\/www.mbouchard.ca\\\/fr\\\/proprietes\\\/\"]}]},{\"@type\":\"BreadcrumbList\",\"@id\":\"https:\\\/\\\/www.mbouchard.ca\\\/fr\\\/proprietes\\\/#breadcrumb\",\"itemListElement\":[{\"@type\":\"ListItem\",\"position\":1,\"name\":\"Home\",\"item\":\"https:\\\/\\\/www.mbouchard.ca\\\/fr\\\/\"},{\"@type\":\"ListItem\",\"position\":2,\"name\":\"Nos propri\u00e9t\u00e9s\"}]},{\"@type\":\"WebSite\",\"@id\":\"https:\\\/\\\/www.mbouchard.ca\\\/#website\",\"url\":\"https:\\\/\\\/www.mbouchard.ca\\\/\",\"name\":\"Michele Bouchard\",\"description\":\"Courtier immobilier \u00e0 Montreal\",\"potentialAction\":[{\"@type\":\"SearchAction\",\"target\":{\"@type\":\"EntryPoint\",\"urlTemplate\":\"https:\\\/\\\/www.mbouchard.ca\\\/?s={search_term_string}\"},\"query-input\":{\"@type\":\"PropertyValueSpecification\",\"valueRequired\":true,\"valueName\":\"search_term_string\"}}],\"inLanguage\":\"fr-FR\"}]}<\/script>\n<!-- \/ Yoast SEO plugin. -->","yoast_head_json":{"title":"Nos propri\u00e9t\u00e9s - Michele Bouchard","robots":{"index":"index","follow":"follow","max-snippet":"max-snippet:-1","max-image-preview":"max-image-preview:large","max-video-preview":"max-video-preview:-1"},"canonical":"https:\/\/www.mbouchard.ca\/fr\/proprietes\/","og_locale":"fr_FR","og_type":"article","og_title":"Nos propri\u00e9t\u00e9s - Michele Bouchard","og_description":"[vc_row][vc_column][vc_empty_space][vc_btn title=&#8221;Montrer toutes les propri\u00e9t\u00e9s&#8221; style=&#8221;flat&#8221; color=&#8221;danger&#8221; size=&#8221;lg&#8221; align=&#8221;center&#8221; link=&#8221;url:%2Ffr%2Fcategorie-produit%2Fa-vendre-ou-a-louer%2F|||&#8221;][\/vc_column][\/vc_row]","og_url":"https:\/\/www.mbouchard.ca\/fr\/proprietes\/","og_site_name":"Michele Bouchard","article_modified_time":"2021-01-28T18:58:29+00:00","twitter_card":"summary_large_image","schema":{"@context":"https:\/\/schema.org","@graph":[{"@type":"WebPage","@id":"https:\/\/www.mbouchard.ca\/fr\/proprietes\/","url":"https:\/\/www.mbouchard.ca\/fr\/proprietes\/","name":"Nos propri\u00e9t\u00e9s - Michele Bouchard","isPartOf":{"@id":"https:\/\/www.mbouchard.ca\/#website"},"datePublished":"2015-01-15T20:46:05+00:00","dateModified":"2021-01-28T18:58:29+00:00","breadcrumb":{"@id":"https:\/\/www.mbouchard.ca\/fr\/proprietes\/#breadcrumb"},"inLanguage":"fr-FR","potentialAction":[{"@type":"ReadAction","target":["https:\/\/www.mbouchard.ca\/fr\/proprietes\/"]}]},{"@type":"BreadcrumbList","@id":"https:\/\/www.mbouchard.ca\/fr\/proprietes\/#breadcrumb","itemListElement":[{"@type":"ListItem","position":1,"name":"Home","item":"https:\/\/www.mbouchard.ca\/fr\/"},{"@type":"ListItem","position":2,"name":"Nos propri\u00e9t\u00e9s"}]},{"@type":"WebSite","@id":"https:\/\/www.mbouchard.ca\/#website","url":"https:\/\/www.mbouchard.ca\/","name":"Michele Bouchard","description":"Courtier immobilier \u00e0 Montreal","potentialAction":[{"@type":"SearchAction","target":{"@type":"EntryPoint","urlTemplate":"https:\/\/www.mbouchard.ca\/?s={search_term_string}"},"query-input":{"@type":"PropertyValueSpecification","valueRequired":true,"valueName":"search_term_string"}}],"inLanguage":"fr-FR"}]}},"_links":{"self":[{"href":"https:\/\/www.mbouchard.ca\/fr\/wp-json\/wp\/v2\/pages\/2272","targetHints":{"allow":["GET"]}}],"collection":[{"href":"https:\/\/www.mbouchard.ca\/fr\/wp-json\/wp\/v2\/pages"}],"about":[{"href":"https:\/\/www.mbouchard.ca\/fr\/wp-json\/wp\/v2\/types\/page"}],"author":[{"embeddable":true,"href":"https:\/\/www.mbouchard.ca\/fr\/wp-json\/wp\/v2\/users\/1"}],"replies":[{"embeddable":true,"href":"https:\/\/www.mbouchard.ca\/fr\/wp-json\/wp\/v2\/comments?post=2272"}],"version-history":[{"count":5,"href":"https:\/\/www.mbouchard.ca\/fr\/wp-json\/wp\/v2\/pages\/2272\/revisions"}],"predecessor-version":[{"id":4887,"href":"https:\/\/www.mbouchard.ca\/fr\/wp-json\/wp\/v2\/pages\/2272\/revisions\/4887"}],"wp:attachment":[{"href":"https:\/\/www.mbouchard.ca\/fr\/wp-json\/wp\/v2\/media?parent=2272"}],"curies":[{"name":"wp","href":"https:\/\/api.w.org\/{rel}","templated":true}]}}