{"id":2287,"date":"2015-01-16T02:24:27","date_gmt":"2015-01-16T02:24:27","guid":{"rendered":"https:\/\/www.mbouchard.ca\/?page_id=2287"},"modified":"2021-02-02T18:02:52","modified_gmt":"2021-02-02T18:02:52","slug":"contacter","status":"publish","type":"page","link":"https:\/\/www.mbouchard.ca\/fr\/contacter\/","title":{"rendered":"Contacter Michele Bouchard"},"content":{"rendered":"<div class=\"wpb-content-wrapper\">[vc_row][vc_column][vc_empty_space][vc_custom_heading text=&#8221;\u00c9crivez-nous!&#8221; font_container=&#8221;tag:h2|text_align:left|color:%23890012&#8243; google_fonts=&#8221;font_family:Playfair%20Display%3Aregular%2Citalic%2C700%2C700italic%2C900%2C900italic|font_style:400%20regular%3A400%3Anormal&#8221;][\/vc_column][\/vc_row][vc_row][vc_column width=&#8221;1\/2&#8243;]\n<div class=\"wpcf7 no-js\" id=\"wpcf7-f4507-o1\" lang=\"en-US\" dir=\"ltr\" data-wpcf7-id=\"4507\">\n<div class=\"screen-reader-response\"><p role=\"status\" aria-live=\"polite\" aria-atomic=\"true\"><\/p> <ul><\/ul><\/div>\n<form action=\"\/fr\/wp-json\/wp\/v2\/pages\/2287#wpcf7-f4507-o1\" method=\"post\" class=\"wpcf7-form init\" aria-label=\"Contact form\" novalidate=\"novalidate\" data-status=\"init\">\n<fieldset class=\"hidden-fields-container\"><input type=\"hidden\" name=\"_wpcf7\" value=\"4507\" \/><input type=\"hidden\" name=\"_wpcf7_version\" value=\"6.1.5\" \/><input type=\"hidden\" name=\"_wpcf7_locale\" value=\"en_US\" \/><input type=\"hidden\" name=\"_wpcf7_unit_tag\" value=\"wpcf7-f4507-o1\" \/><input type=\"hidden\" name=\"_wpcf7_container_post\" value=\"0\" \/><input type=\"hidden\" name=\"_wpcf7_posted_data_hash\" value=\"\" \/>\n<\/fieldset>\n<p><label> Pr\u00e9nom<br \/>\n<span class=\"wpcf7-form-control-wrap\" data-name=\"first-name\"><input size=\"40\" maxlength=\"400\" class=\"wpcf7-form-control wpcf7-text\" aria-invalid=\"false\" value=\"\" type=\"text\" name=\"first-name\" \/><\/span> <\/label><br \/>\n<label> Nom<br \/>\n<span class=\"wpcf7-form-control-wrap\" data-name=\"last-name\"><input size=\"40\" maxlength=\"400\" class=\"wpcf7-form-control wpcf7-text\" aria-invalid=\"false\" value=\"\" type=\"text\" name=\"last-name\" \/><\/span> <\/label>\n<\/p>\n<p><label> Courriel (requis)<br \/>\n<span class=\"wpcf7-form-control-wrap\" data-name=\"your-email\"><input size=\"40\" maxlength=\"400\" class=\"wpcf7-form-control wpcf7-email wpcf7-validates-as-required wpcf7-text wpcf7-validates-as-email\" aria-required=\"true\" aria-invalid=\"false\" value=\"\" type=\"email\" name=\"your-email\" \/><\/span> <\/label>\n<\/p>\n<p><label> T\u00e9l\u00e9phone<br \/>\n<span class=\"wpcf7-form-control-wrap\" data-name=\"your-phone\"><input size=\"40\" maxlength=\"400\" class=\"wpcf7-form-control wpcf7-tel wpcf7-text wpcf7-validates-as-tel\" aria-invalid=\"false\" value=\"\" type=\"tel\" name=\"your-phone\" \/><\/span> <\/label>\n<\/p>\n<p><label> Sujet<br \/>\n<span class=\"wpcf7-form-control-wrap\" data-name=\"subject\"><select class=\"wpcf7-form-control wpcf7-select\" aria-invalid=\"false\" name=\"subject\"><option value=\"Combien vaut ma propri\u00e9t\u00e9? \u00c9valuation gratuite\">Combien vaut ma propri\u00e9t\u00e9? \u00c9valuation gratuite<\/option><option value=\"Comment va le march\u00e9?\">Comment va le march\u00e9?<\/option><option value=\"Qu\u2019elle est la moyenne des pieds carr\u00e9s dans le Vieux-Montr\u00e9al?\">Qu\u2019elle est la moyenne des pieds carr\u00e9s dans le Vieux-Montr\u00e9al?<\/option><option value=\"Qu\u2019elle est la moyenne des pieds carr\u00e9s dans le centre-ville?\">Qu\u2019elle est la moyenne des pieds carr\u00e9s dans le centre-ville?<\/option><option value=\"Qu\u2019elle est la moyenne des prix dans le Vieux-Montr\u00e9al?\">Qu\u2019elle est la moyenne des prix dans le Vieux-Montr\u00e9al?<\/option><option value=\"Qu\u2019elle est la moyenne des prix dans le centre-ville?\">Qu\u2019elle est la moyenne des prix dans le centre-ville?<\/option><option value=\"En moyenne, combien de temps \u00e7a prend pour vendre son condo?\">En moyenne, combien de temps \u00e7a prend pour vendre son condo?<\/option><option value=\"Je veux un rendez-vous\">Je veux un rendez-vous<\/option><option value=\"Je voudrais recevoir un appel\">Je voudrais recevoir un appel<\/option><option value=\"Je veux mettre ma propri\u00e9t\u00e9 en vente\">Je veux mettre ma propri\u00e9t\u00e9 en vente<\/option><option value=\"Je suis int\u00e9ress\u00e9 par une de vos propri\u00e9t\u00e9s\">Je suis int\u00e9ress\u00e9 par une de vos propri\u00e9t\u00e9s<\/option><option value=\"Autre (Envoyez un message \u00e0 Michele Bouchard)\">Autre (Envoyez un message \u00e0 Michele Bouchard)<\/option><\/select><\/span><br \/>\n<\/label>\n<\/p>\n<p><label> Votre message<br \/>\n<span class=\"wpcf7-form-control-wrap\" data-name=\"your-message\"><textarea cols=\"40\" rows=\"10\" maxlength=\"2000\" class=\"wpcf7-form-control wpcf7-textarea\" aria-invalid=\"false\" name=\"your-message\"><\/textarea><\/span> <\/label>\n<\/p>\n<p><input class=\"wpcf7-form-control wpcf7-submit has-spinner\" type=\"submit\" value=\"Envoyer\" \/>\n<\/p><div class=\"wpcf7-response-output\" aria-hidden=\"true\"><\/div>\n<\/form>\n<\/div>\n[vc_empty_space height=&#8221;16px&#8221;][\/vc_column][vc_column width=&#8221;1\/2&#8243;][vc_empty_space height=&#8221;29px&#8221;][vc_cta h2=&#8221;&#8221; add_icon=&#8221;left&#8221; i_icon_fontawesome=&#8221;fa fa-phone&#8221; i_color=&#8221;white&#8221; i_link=&#8221;url:mailto%3Ambouchard%40sutton.com|||&#8221;]<a href=\"tel:+15149826524\">514-982-6524<\/a>[\/vc_cta][vc_cta h2=&#8221;&#8221; add_icon=&#8221;left&#8221; i_icon_fontawesome=&#8221;fa fa-envelope&#8221; i_color=&#8221;white&#8221; i_link=&#8221;url:mailto%3Ambouchard%40sutton.com|||&#8221;]<a href=\"mailto:mbouchard@sutton.com\">mbouchard@sutton.com<\/a>[\/vc_cta][vc_cta h2=&#8221;&#8221; add_icon=&#8221;left&#8221; i_icon_fontawesome=&#8221;fa fa-mobile&#8221; i_color=&#8221;white&#8221; i_link=&#8221;url:mailto%3Ambouchard%40sutton.com|||&#8221;]Michele Bouchard<br \/>\n<a href=\"tel:+15149835695\">514-983-5695<\/a>[\/vc_cta][vc_cta h2=&#8221;&#8221; add_icon=&#8221;left&#8221; i_icon_fontawesome=&#8221;fa fa-mobile&#8221; i_color=&#8221;white&#8221; i_link=&#8221;url:mailto%3Ambouchard%40sutton.com|||&#8221;]Elodie Bouchard<br \/>\n<a href=\"tel:+15146885695\">514-688-5695<\/a>[\/vc_cta][vc_cta h2=&#8221;&#8221; add_icon=&#8221;left&#8221; i_icon_fontawesome=&#8221;fa fa-map-marker&#8221; i_color=&#8221;white&#8221; i_link=&#8221;url:mailto%3Ambouchard%40sutton.com|||&#8221;]445 Saint-Sulpice<br \/>\nVieux-Montr\u00e9al, QC, H2V 2V7[\/vc_cta][vc_cta h2=&#8221;&#8221; add_icon=&#8221;left&#8221; i_icon_fontawesome=&#8221;fa fa-map-marker&#8221; i_color=&#8221;white&#8221; i_link=&#8221;url:mailto%3Ambouchard%40sutton.com|||&#8221;]Heures d&#8217;ouvertures<br \/>\nLundi-Vendredi 9:00-17:00[\/vc_cta][\/vc_column][\/vc_row][vc_row][vc_column][vc_gmaps link=&#8221;#E-8_JTNDaWZyYW1lJTIwc3JjJTNEJTIyaHR0cHMlM0ElMkYlMkZ3d3cuZ29vZ2xlLmNvbSUyRm1hcHMlMkZlbWJlZCUzRnBiJTNEJTIxMW0xOCUyMTFtMTIlMjExbTMlMjExZDI3OTYuMjY3Mzg4NDc1ODYlMjEyZC03My41NTc3MzE2ODQyODE0NiUyMTNkNDUuNTA0Njk1NzM4NzYxMTElMjEybTMlMjExZjAlMjEyZjAlMjEzZjAlMjEzbTIlMjExaTEwMjQlMjEyaTc2OCUyMTRmMTMuMSUyMTNtMyUyMTFtMiUyMTFzMHg0Y2M5MWE1NzZmMzhjZGJiJTI1M0EweDg5Y2RlOGU0ZWQ2ZGRjYzklMjEyc01pY2hlbGxlJTJCQm91Y2hhcmQlMjE1ZTAlMjEzbTIlMjExc2ZyJTIxMnNjYSUyMTR2MTUzNDU0NDU1MDI5MyUyNmhsJTNEZW4lMjIlMjB3aWR0aCUzRCUyMjYwMCUyMiUyMGhlaWdodCUzRCUyMjQ1MCUyMiUyMGZyYW1lYm9yZGVyJTNEJTIyMCUyMiUyMHN0eWxlJTNEJTIyYm9yZGVyJTNBMCUyMiUyMGFsbG93ZnVsbHNjcmVlbiUzRSUzQyUyRmlmcmFtZSUzRQ==&#8221; size=&#8221;240&#8243;][vc_empty_space][\/vc_column][\/vc_row]\n<\/div>","protected":false},"excerpt":{"rendered":"<p>[vc_row][vc_column][vc_empty_space][vc_custom_heading text=&#8221;\u00c9crivez-nous!&#8221; font_container=&#8221;tag:h2|text_align:left|color:%23890012&#8243; google_fonts=&#8221;font_family:Playfair%20Display%3Aregular%2Citalic%2C700%2C700italic%2C900%2C900italic|font_style:400%20regular%3A400%3Anormal&#8221;][\/vc_column][\/vc_row][vc_row][vc_column width=&#8221;1\/2&#8243;][vc_empty_space height=&#8221;16px&#8221;][\/vc_column][vc_column width=&#8221;1\/2&#8243;][vc_empty_space height=&#8221;29px&#8221;][vc_cta h2=&#8221;&#8221; add_icon=&#8221;left&#8221; i_icon_fontawesome=&#8221;fa fa-phone&#8221; i_color=&#8221;white&#8221; i_link=&#8221;url:mailto%3Ambouchard%40sutton.com|||&#8221;]514-982-6524[\/vc_cta][vc_cta h2=&#8221;&#8221; add_icon=&#8221;left&#8221; i_icon_fontawesome=&#8221;fa fa-envelope&#8221; i_color=&#8221;white&#8221; i_link=&#8221;url:mailto%3Ambouchard%40sutton.com|||&#8221;]mbouchard@sutton.com[\/vc_cta][vc_cta h2=&#8221;&#8221; add_icon=&#8221;left&#8221; i_icon_fontawesome=&#8221;fa fa-mobile&#8221; i_color=&#8221;white&#8221; i_link=&#8221;url:mailto%3Ambouchard%40sutton.com|||&#8221;]Michele Bouchard 514-983-5695[\/vc_cta][vc_cta h2=&#8221;&#8221; add_icon=&#8221;left&#8221; i_icon_fontawesome=&#8221;fa fa-mobile&#8221; i_color=&#8221;white&#8221; i_link=&#8221;url:mailto%3Ambouchard%40sutton.com|||&#8221;]Elodie Bouchard 514-688-5695[\/vc_cta][vc_cta h2=&#8221;&#8221; add_icon=&#8221;left&#8221; i_icon_fontawesome=&#8221;fa fa-map-marker&#8221; [&hellip;]<\/p>\n","protected":false},"author":1,"featured_media":0,"parent":0,"menu_order":0,"comment_status":"open","ping_status":"open","template":"","meta":{"footnotes":""},"class_list":["post-2287","page","type-page","status-publish","hentry"],"yoast_head":"<!-- This site is optimized with the Yoast SEO plugin v27.4 - https:\/\/yoast.com\/product\/yoast-seo-wordpress\/ -->\n<title>Contacter Michele Bouchard - Michele Bouchard<\/title>\n<meta name=\"robots\" content=\"index, follow, max-snippet:-1, max-image-preview:large, max-video-preview:-1\" \/>\n<link rel=\"canonical\" href=\"https:\/\/www.mbouchard.ca\/fr\/contacter\/\" \/>\n<meta property=\"og:locale\" content=\"fr_FR\" \/>\n<meta property=\"og:type\" content=\"article\" \/>\n<meta property=\"og:title\" content=\"Contacter Michele Bouchard - Michele Bouchard\" \/>\n<meta property=\"og:description\" content=\"[vc_row][vc_column][vc_empty_space][vc_custom_heading text=&#8221;\u00c9crivez-nous!&#8221; font_container=&#8221;tag:h2|text_align:left|color:%23890012&#8243; google_fonts=&#8221;font_family:Playfair%20Display%3Aregular%2Citalic%2C700%2C700italic%2C900%2C900italic|font_style:400%20regular%3A400%3Anormal&#8221;][\/vc_column][\/vc_row][vc_row][vc_column width=&#8221;1\/2&#8243;][vc_empty_space height=&#8221;16px&#8221;][\/vc_column][vc_column width=&#8221;1\/2&#8243;][vc_empty_space height=&#8221;29px&#8221;][vc_cta h2=&#8221;&#8221; add_icon=&#8221;left&#8221; i_icon_fontawesome=&#8221;fa fa-phone&#8221; i_color=&#8221;white&#8221; i_link=&#8221;url:mailto%3Ambouchard%40sutton.com|||&#8221;]514-982-6524[\/vc_cta][vc_cta h2=&#8221;&#8221; add_icon=&#8221;left&#8221; i_icon_fontawesome=&#8221;fa fa-envelope&#8221; i_color=&#8221;white&#8221; i_link=&#8221;url:mailto%3Ambouchard%40sutton.com|||&#8221;]mbouchard@sutton.com[\/vc_cta][vc_cta h2=&#8221;&#8221; add_icon=&#8221;left&#8221; i_icon_fontawesome=&#8221;fa fa-mobile&#8221; i_color=&#8221;white&#8221; i_link=&#8221;url:mailto%3Ambouchard%40sutton.com|||&#8221;]Michele Bouchard 514-983-5695[\/vc_cta][vc_cta h2=&#8221;&#8221; add_icon=&#8221;left&#8221; i_icon_fontawesome=&#8221;fa fa-mobile&#8221; i_color=&#8221;white&#8221; i_link=&#8221;url:mailto%3Ambouchard%40sutton.com|||&#8221;]Elodie Bouchard 514-688-5695[\/vc_cta][vc_cta h2=&#8221;&#8221; add_icon=&#8221;left&#8221; i_icon_fontawesome=&#8221;fa fa-map-marker&#8221; [&hellip;]\" \/>\n<meta property=\"og:url\" content=\"https:\/\/www.mbouchard.ca\/fr\/contacter\/\" \/>\n<meta property=\"og:site_name\" content=\"Michele Bouchard\" \/>\n<meta property=\"article:modified_time\" content=\"2021-02-02T18:02:52+00:00\" \/>\n<meta name=\"twitter:card\" content=\"summary_large_image\" \/>\n<meta name=\"twitter:label1\" content=\"Dur\u00e9e de lecture estim\u00e9e\" \/>\n\t<meta name=\"twitter:data1\" content=\"2 minutes\" \/>\n<script type=\"application\/ld+json\" class=\"yoast-schema-graph\">{\"@context\":\"https:\\\/\\\/schema.org\",\"@graph\":[{\"@type\":\"WebPage\",\"@id\":\"https:\\\/\\\/www.mbouchard.ca\\\/fr\\\/contacter\\\/\",\"url\":\"https:\\\/\\\/www.mbouchard.ca\\\/fr\\\/contacter\\\/\",\"name\":\"Contacter Michele Bouchard - Michele Bouchard\",\"isPartOf\":{\"@id\":\"https:\\\/\\\/www.mbouchard.ca\\\/#website\"},\"datePublished\":\"2015-01-16T02:24:27+00:00\",\"dateModified\":\"2021-02-02T18:02:52+00:00\",\"breadcrumb\":{\"@id\":\"https:\\\/\\\/www.mbouchard.ca\\\/fr\\\/contacter\\\/#breadcrumb\"},\"inLanguage\":\"fr-FR\",\"potentialAction\":[{\"@type\":\"ReadAction\",\"target\":[\"https:\\\/\\\/www.mbouchard.ca\\\/fr\\\/contacter\\\/\"]}]},{\"@type\":\"BreadcrumbList\",\"@id\":\"https:\\\/\\\/www.mbouchard.ca\\\/fr\\\/contacter\\\/#breadcrumb\",\"itemListElement\":[{\"@type\":\"ListItem\",\"position\":1,\"name\":\"Home\",\"item\":\"https:\\\/\\\/www.mbouchard.ca\\\/fr\\\/\"},{\"@type\":\"ListItem\",\"position\":2,\"name\":\"Contacter Michele Bouchard\"}]},{\"@type\":\"WebSite\",\"@id\":\"https:\\\/\\\/www.mbouchard.ca\\\/#website\",\"url\":\"https:\\\/\\\/www.mbouchard.ca\\\/\",\"name\":\"Michele Bouchard\",\"description\":\"Courtier immobilier \u00e0 Montreal\",\"potentialAction\":[{\"@type\":\"SearchAction\",\"target\":{\"@type\":\"EntryPoint\",\"urlTemplate\":\"https:\\\/\\\/www.mbouchard.ca\\\/?s={search_term_string}\"},\"query-input\":{\"@type\":\"PropertyValueSpecification\",\"valueRequired\":true,\"valueName\":\"search_term_string\"}}],\"inLanguage\":\"fr-FR\"}]}<\/script>\n<!-- \/ Yoast SEO plugin. -->","yoast_head_json":{"title":"Contacter Michele Bouchard - Michele Bouchard","robots":{"index":"index","follow":"follow","max-snippet":"max-snippet:-1","max-image-preview":"max-image-preview:large","max-video-preview":"max-video-preview:-1"},"canonical":"https:\/\/www.mbouchard.ca\/fr\/contacter\/","og_locale":"fr_FR","og_type":"article","og_title":"Contacter Michele Bouchard - Michele Bouchard","og_description":"[vc_row][vc_column][vc_empty_space][vc_custom_heading text=&#8221;\u00c9crivez-nous!&#8221; font_container=&#8221;tag:h2|text_align:left|color:%23890012&#8243; google_fonts=&#8221;font_family:Playfair%20Display%3Aregular%2Citalic%2C700%2C700italic%2C900%2C900italic|font_style:400%20regular%3A400%3Anormal&#8221;][\/vc_column][\/vc_row][vc_row][vc_column width=&#8221;1\/2&#8243;][vc_empty_space height=&#8221;16px&#8221;][\/vc_column][vc_column width=&#8221;1\/2&#8243;][vc_empty_space height=&#8221;29px&#8221;][vc_cta h2=&#8221;&#8221; add_icon=&#8221;left&#8221; i_icon_fontawesome=&#8221;fa fa-phone&#8221; i_color=&#8221;white&#8221; i_link=&#8221;url:mailto%3Ambouchard%40sutton.com|||&#8221;]514-982-6524[\/vc_cta][vc_cta h2=&#8221;&#8221; add_icon=&#8221;left&#8221; i_icon_fontawesome=&#8221;fa fa-envelope&#8221; i_color=&#8221;white&#8221; i_link=&#8221;url:mailto%3Ambouchard%40sutton.com|||&#8221;]mbouchard@sutton.com[\/vc_cta][vc_cta h2=&#8221;&#8221; add_icon=&#8221;left&#8221; i_icon_fontawesome=&#8221;fa fa-mobile&#8221; i_color=&#8221;white&#8221; i_link=&#8221;url:mailto%3Ambouchard%40sutton.com|||&#8221;]Michele Bouchard 514-983-5695[\/vc_cta][vc_cta h2=&#8221;&#8221; add_icon=&#8221;left&#8221; i_icon_fontawesome=&#8221;fa fa-mobile&#8221; i_color=&#8221;white&#8221; i_link=&#8221;url:mailto%3Ambouchard%40sutton.com|||&#8221;]Elodie Bouchard 514-688-5695[\/vc_cta][vc_cta h2=&#8221;&#8221; add_icon=&#8221;left&#8221; i_icon_fontawesome=&#8221;fa fa-map-marker&#8221; [&hellip;]","og_url":"https:\/\/www.mbouchard.ca\/fr\/contacter\/","og_site_name":"Michele Bouchard","article_modified_time":"2021-02-02T18:02:52+00:00","twitter_card":"summary_large_image","twitter_misc":{"Dur\u00e9e de lecture estim\u00e9e":"2 minutes"},"schema":{"@context":"https:\/\/schema.org","@graph":[{"@type":"WebPage","@id":"https:\/\/www.mbouchard.ca\/fr\/contacter\/","url":"https:\/\/www.mbouchard.ca\/fr\/contacter\/","name":"Contacter Michele Bouchard - Michele Bouchard","isPartOf":{"@id":"https:\/\/www.mbouchard.ca\/#website"},"datePublished":"2015-01-16T02:24:27+00:00","dateModified":"2021-02-02T18:02:52+00:00","breadcrumb":{"@id":"https:\/\/www.mbouchard.ca\/fr\/contacter\/#breadcrumb"},"inLanguage":"fr-FR","potentialAction":[{"@type":"ReadAction","target":["https:\/\/www.mbouchard.ca\/fr\/contacter\/"]}]},{"@type":"BreadcrumbList","@id":"https:\/\/www.mbouchard.ca\/fr\/contacter\/#breadcrumb","itemListElement":[{"@type":"ListItem","position":1,"name":"Home","item":"https:\/\/www.mbouchard.ca\/fr\/"},{"@type":"ListItem","position":2,"name":"Contacter Michele Bouchard"}]},{"@type":"WebSite","@id":"https:\/\/www.mbouchard.ca\/#website","url":"https:\/\/www.mbouchard.ca\/","name":"Michele Bouchard","description":"Courtier immobilier \u00e0 Montreal","potentialAction":[{"@type":"SearchAction","target":{"@type":"EntryPoint","urlTemplate":"https:\/\/www.mbouchard.ca\/?s={search_term_string}"},"query-input":{"@type":"PropertyValueSpecification","valueRequired":true,"valueName":"search_term_string"}}],"inLanguage":"fr-FR"}]}},"_links":{"self":[{"href":"https:\/\/www.mbouchard.ca\/fr\/wp-json\/wp\/v2\/pages\/2287","targetHints":{"allow":["GET"]}}],"collection":[{"href":"https:\/\/www.mbouchard.ca\/fr\/wp-json\/wp\/v2\/pages"}],"about":[{"href":"https:\/\/www.mbouchard.ca\/fr\/wp-json\/wp\/v2\/types\/page"}],"author":[{"embeddable":true,"href":"https:\/\/www.mbouchard.ca\/fr\/wp-json\/wp\/v2\/users\/1"}],"replies":[{"embeddable":true,"href":"https:\/\/www.mbouchard.ca\/fr\/wp-json\/wp\/v2\/comments?post=2287"}],"version-history":[{"count":5,"href":"https:\/\/www.mbouchard.ca\/fr\/wp-json\/wp\/v2\/pages\/2287\/revisions"}],"predecessor-version":[{"id":4969,"href":"https:\/\/www.mbouchard.ca\/fr\/wp-json\/wp\/v2\/pages\/2287\/revisions\/4969"}],"wp:attachment":[{"href":"https:\/\/www.mbouchard.ca\/fr\/wp-json\/wp\/v2\/media?parent=2287"}],"curies":[{"name":"wp","href":"https:\/\/api.w.org\/{rel}","templated":true}]}}