{"id":2304,"date":"2015-01-16T14:51:04","date_gmt":"2015-01-16T14:51:04","guid":{"rendered":"https:\/\/www.mbouchard.ca\/?page_id=2304"},"modified":"2021-05-12T20:53:18","modified_gmt":"2021-05-12T20:53:18","slug":"a-propos","status":"publish","type":"page","link":"https:\/\/www.mbouchard.ca\/fr\/a-propos\/","title":{"rendered":"Rencontrez Michele Bouchard et Elodie Bouchard\u00a0"},"content":{"rendered":"<div class=\"wpb-content-wrapper\">[vc_row full_width=&#8221;stretch_row&#8221; el_class=&#8221;mbouchard-bg&#8221;][vc_column][vc_column_text]\n<p class=\"p1\" style=\"text-align: center;\"><span class=\"s1\" style=\"color: #ffffff;\">Vous cherchez \u00e0 vendre, louer ou acheter de l\u2019immobilier commercial ou r\u00e9sidentiel, nous sommes l\u00e0 pour vous.<\/span><\/p>\n<p class=\"p1\" style=\"text-align: center;\"><span class=\"s1\" style=\"color: #ffffff;\">Pour plus d\u2019informations, n\u2019h\u00e9sitez pas \u00e0 nous contacter.<\/span><\/p>\n[\/vc_column_text][vc_empty_space][vc_btn title=&#8221;Contactez-nous!&#8221; style=&#8221;classic&#8221; color=&#8221;white&#8221; align=&#8221;center&#8221; link=&#8221;url:%2Ffr%2Fcontacter%2F|||&#8221;][\/vc_column][\/vc_row][vc_row][vc_column][vc_empty_space][\/vc_column][\/vc_row][vc_row][vc_column width=&#8221;1\/2&#8243;][vc_column_text]<img loading=\"lazy\" decoding=\"async\" class=\"wp-image-2370 aligncenter\" title=\"Michele Bouchard &amp; Elodie Bouchard\" src=\"https:\/\/www.mbouchard.ca\/wp-content\/uploads\/2014\/12\/mbouchard-1-550x550.jpg\" alt=\"Michele Bouchard &amp; Elodie Bouchard\" width=\"550\" height=\"550\" \/><\/p>\n<h4>Courtier immobilier r\u00e9sidentiel et commercial<\/h4>\n<p style=\"text-align: justify;\">Depuis 1985, Michele Bouchard procure \u00e0 ses clients un niveau d\u2019expertise in\u00e9gal\u00e9 dans le march\u00e9 de l\u2019immobilier de Montr\u00e9al. Son amour pour l\u2019immobilier de luxe et son d\u00e9sir d\u2019aider les gens ont contribu\u00e9 \u00e0 son succ\u00e8s continu dans l\u2019industrie. M\u00eame si Mich\u00e8le se sp\u00e9cialise dans le Vieux-Montr\u00e9al, elle a beaucoup d\u2019exp\u00e9rience sur toute l\u2019\u00eele. Malgr\u00e9 ses comp\u00e9tences indiscutables dans le centre-ville de Montreal, \u00e0 Notre-Dame de Grace (NDG), ou \u00e0 Shaugnessy Village, le charme et l\u2019architecture du Vieux-Montr\u00e9al l\u2019a convaincu d\u2019y installer sa pratique.<\/p>\n<p style=\"text-align: justify;\">Dans son temps libre, elle adore jardiner au chalet dans les Laurentides et voyager pour d\u00e9couvrir de nouvelles cultures.<\/p>\n[\/vc_column_text][vc_empty_space][\/vc_column][vc_column width=&#8221;1\/2&#8243;][vc_column_text]<img loading=\"lazy\" decoding=\"async\" class=\"wp-image-2372 aligncenter\" title=\"Michele Bouchard &amp; Elodie Bouchard\" src=\"https:\/\/www.mbouchard.ca\/wp-content\/uploads\/2014\/12\/ebouchard-550x550.jpg\" alt=\"Michele Bouchard &amp; Elodie Bouchard\" width=\"550\" height=\"550\" \/><\/p>\n<h4>Courtier immobilier r\u00e9sidentiel et commercial, McGill Bcom &amp; B.A. UQAM<\/h4>\n<p style=\"text-align: justify;\">Michele Bouchard forme une \u00e9quipe de feu avec sa fille Elodie Bouchard. Apr\u00e8s deux baccalaur\u00e9ats en gestion \u00e0 l\u2019universit\u00e9 de McGill et en sciences sociales \u00e0 l\u2019UQAM, elle a d\u00e9cid\u00e9 de contribuer \u00e0 faire avancer cette entreprise familiale avec un succ\u00e8s d\u00e9j\u00e0 ind\u00e9niable. Elodie peut vous aider \u00e0 r\u00e9aliser vos r\u00eaves tout comme sa m\u00e8re le fait depuis d\u00e9j\u00e0 30 ans. Un jour elle compte reprendre le flambeau pour assurer la continuit\u00e9 du travail, de la passion et la qualit\u00e9 offertes par la famille Bouchard. C\u2019est votre alli\u00e9 dans toutes transactions \u00e0 C\u00f4te-St-Luc, Notre-Dame de Gr\u00e2ce, le centre-ville de Montr\u00e9al ou le Vieux-Port.<\/p>\n<p>Un match parfait avec sa m\u00e8re, dans son temps libre, Elodie aime faire de la randonn\u00e9e p\u00e9destre avec son partenaire de vie et son Labrador noir. Si elle n&#8217;est pas dans la montagne, elle est dans la cuisine \u00e0 faire des biscuits et des g\u00e2teaux qu&#8217;elle s&#8217;assure de partager![\/vc_column_text][vc_empty_space][\/vc_column][\/vc_row][vc_row][vc_column width=&#8221;1\/2&#8243;][vc_cta h2=&#8221;&#8221; txt_align=&#8221;center&#8221; add_icon=&#8221;left&#8221; i_icon_fontawesome=&#8221;fa fa-phone&#8221; i_color=&#8221;white&#8221;]<a href=\"tel:+15149835695\">514-983-5695<\/a>[\/vc_cta][\/vc_column][vc_column width=&#8221;1\/2&#8243;][vc_cta h2=&#8221;&#8221; txt_align=&#8221;center&#8221; add_icon=&#8221;left&#8221; i_icon_fontawesome=&#8221;fa fa-map-marker&#8221; i_color=&#8221;white&#8221;]445 St.Sulpice, Vieux Montr\u00e9al, Qu\u00e9bec, H2Y 2V7[\/vc_cta][\/vc_column][\/vc_row]\n<\/div>","protected":false},"excerpt":{"rendered":"<p>[vc_row full_width=&#8221;stretch_row&#8221; el_class=&#8221;mbouchard-bg&#8221;][vc_column][vc_column_text] Vous cherchez \u00e0 vendre, louer ou acheter de l\u2019immobilier commercial ou r\u00e9sidentiel, nous sommes l\u00e0 pour vous. Pour plus d\u2019informations, n\u2019h\u00e9sitez pas \u00e0 nous contacter. [\/vc_column_text][vc_empty_space][vc_btn title=&#8221;Contactez-nous!&#8221; style=&#8221;classic&#8221; color=&#8221;white&#8221; align=&#8221;center&#8221; link=&#8221;url:%2Ffr%2Fcontacter%2F|||&#8221;][\/vc_column][\/vc_row][vc_row][vc_column][vc_empty_space][\/vc_column][\/vc_row][vc_row][vc_column width=&#8221;1\/2&#8243;][vc_column_text] Courtier immobilier r\u00e9sidentiel et commercial [&hellip;]<\/p>\n","protected":false},"author":1,"featured_media":0,"parent":0,"menu_order":0,"comment_status":"open","ping_status":"open","template":"","meta":{"footnotes":""},"class_list":["post-2304","page","type-page","status-publish","hentry"],"yoast_head":"<!-- This site is optimized with the Yoast SEO plugin v27.4 - https:\/\/yoast.com\/product\/yoast-seo-wordpress\/ -->\n<title>Rencontrez Michele Bouchard et Elodie Bouchard\u00a0 - Michele Bouchard<\/title>\n<meta name=\"robots\" content=\"index, follow, max-snippet:-1, max-image-preview:large, max-video-preview:-1\" \/>\n<link rel=\"canonical\" href=\"https:\/\/www.mbouchard.ca\/fr\/a-propos\/\" \/>\n<meta property=\"og:locale\" content=\"fr_FR\" \/>\n<meta property=\"og:type\" content=\"article\" \/>\n<meta property=\"og:title\" content=\"Rencontrez Michele Bouchard et Elodie Bouchard\u00a0 - Michele Bouchard\" \/>\n<meta property=\"og:description\" content=\"[vc_row full_width=&#8221;stretch_row&#8221; el_class=&#8221;mbouchard-bg&#8221;][vc_column][vc_column_text] Vous cherchez \u00e0 vendre, louer ou acheter de l\u2019immobilier commercial ou r\u00e9sidentiel, nous sommes l\u00e0 pour vous. Pour plus d\u2019informations, n\u2019h\u00e9sitez pas \u00e0 nous contacter. [\/vc_column_text][vc_empty_space][vc_btn title=&#8221;Contactez-nous!&#8221; style=&#8221;classic&#8221; color=&#8221;white&#8221; align=&#8221;center&#8221; link=&#8221;url:%2Ffr%2Fcontacter%2F|||&#8221;][\/vc_column][\/vc_row][vc_row][vc_column][vc_empty_space][\/vc_column][\/vc_row][vc_row][vc_column width=&#8221;1\/2&#8243;][vc_column_text] Courtier immobilier r\u00e9sidentiel et commercial [&hellip;]\" \/>\n<meta property=\"og:url\" content=\"https:\/\/www.mbouchard.ca\/fr\/a-propos\/\" \/>\n<meta property=\"og:site_name\" content=\"Michele Bouchard\" \/>\n<meta property=\"article:modified_time\" content=\"2021-05-12T20:53:18+00:00\" \/>\n<meta property=\"og:image\" content=\"https:\/\/www.mbouchard.ca\/wp-content\/uploads\/2014\/12\/mbouchard-1-550x550.jpg\" \/>\n<meta name=\"twitter:card\" content=\"summary_large_image\" \/>\n<meta name=\"twitter:label1\" content=\"Dur\u00e9e de lecture estim\u00e9e\" \/>\n\t<meta name=\"twitter:data1\" content=\"2 minutes\" \/>\n<script type=\"application\/ld+json\" class=\"yoast-schema-graph\">{\"@context\":\"https:\\\/\\\/schema.org\",\"@graph\":[{\"@type\":\"WebPage\",\"@id\":\"https:\\\/\\\/www.mbouchard.ca\\\/fr\\\/a-propos\\\/\",\"url\":\"https:\\\/\\\/www.mbouchard.ca\\\/fr\\\/a-propos\\\/\",\"name\":\"Rencontrez Michele Bouchard et Elodie Bouchard\u00a0 - Michele Bouchard\",\"isPartOf\":{\"@id\":\"https:\\\/\\\/www.mbouchard.ca\\\/#website\"},\"primaryImageOfPage\":{\"@id\":\"https:\\\/\\\/www.mbouchard.ca\\\/fr\\\/a-propos\\\/#primaryimage\"},\"image\":{\"@id\":\"https:\\\/\\\/www.mbouchard.ca\\\/fr\\\/a-propos\\\/#primaryimage\"},\"thumbnailUrl\":\"https:\\\/\\\/www.mbouchard.ca\\\/wp-content\\\/uploads\\\/2014\\\/12\\\/mbouchard-1-550x550.jpg\",\"datePublished\":\"2015-01-16T14:51:04+00:00\",\"dateModified\":\"2021-05-12T20:53:18+00:00\",\"breadcrumb\":{\"@id\":\"https:\\\/\\\/www.mbouchard.ca\\\/fr\\\/a-propos\\\/#breadcrumb\"},\"inLanguage\":\"fr-FR\",\"potentialAction\":[{\"@type\":\"ReadAction\",\"target\":[\"https:\\\/\\\/www.mbouchard.ca\\\/fr\\\/a-propos\\\/\"]}]},{\"@type\":\"ImageObject\",\"inLanguage\":\"fr-FR\",\"@id\":\"https:\\\/\\\/www.mbouchard.ca\\\/fr\\\/a-propos\\\/#primaryimage\",\"url\":\"https:\\\/\\\/www.mbouchard.ca\\\/wp-content\\\/uploads\\\/2014\\\/12\\\/mbouchard-1-550x550.jpg\",\"contentUrl\":\"https:\\\/\\\/www.mbouchard.ca\\\/wp-content\\\/uploads\\\/2014\\\/12\\\/mbouchard-1-550x550.jpg\"},{\"@type\":\"BreadcrumbList\",\"@id\":\"https:\\\/\\\/www.mbouchard.ca\\\/fr\\\/a-propos\\\/#breadcrumb\",\"itemListElement\":[{\"@type\":\"ListItem\",\"position\":1,\"name\":\"Home\",\"item\":\"https:\\\/\\\/www.mbouchard.ca\\\/fr\\\/\"},{\"@type\":\"ListItem\",\"position\":2,\"name\":\"Rencontrez Michele Bouchard et Elodie Bouchard\u00a0\"}]},{\"@type\":\"WebSite\",\"@id\":\"https:\\\/\\\/www.mbouchard.ca\\\/#website\",\"url\":\"https:\\\/\\\/www.mbouchard.ca\\\/\",\"name\":\"Michele Bouchard\",\"description\":\"Courtier immobilier \u00e0 Montreal\",\"potentialAction\":[{\"@type\":\"SearchAction\",\"target\":{\"@type\":\"EntryPoint\",\"urlTemplate\":\"https:\\\/\\\/www.mbouchard.ca\\\/?s={search_term_string}\"},\"query-input\":{\"@type\":\"PropertyValueSpecification\",\"valueRequired\":true,\"valueName\":\"search_term_string\"}}],\"inLanguage\":\"fr-FR\"}]}<\/script>\n<!-- \/ Yoast SEO plugin. -->","yoast_head_json":{"title":"Rencontrez Michele Bouchard et Elodie Bouchard\u00a0 - Michele Bouchard","robots":{"index":"index","follow":"follow","max-snippet":"max-snippet:-1","max-image-preview":"max-image-preview:large","max-video-preview":"max-video-preview:-1"},"canonical":"https:\/\/www.mbouchard.ca\/fr\/a-propos\/","og_locale":"fr_FR","og_type":"article","og_title":"Rencontrez Michele Bouchard et Elodie Bouchard\u00a0 - Michele Bouchard","og_description":"[vc_row full_width=&#8221;stretch_row&#8221; el_class=&#8221;mbouchard-bg&#8221;][vc_column][vc_column_text] Vous cherchez \u00e0 vendre, louer ou acheter de l\u2019immobilier commercial ou r\u00e9sidentiel, nous sommes l\u00e0 pour vous. Pour plus d\u2019informations, n\u2019h\u00e9sitez pas \u00e0 nous contacter. [\/vc_column_text][vc_empty_space][vc_btn title=&#8221;Contactez-nous!&#8221; style=&#8221;classic&#8221; color=&#8221;white&#8221; align=&#8221;center&#8221; link=&#8221;url:%2Ffr%2Fcontacter%2F|||&#8221;][\/vc_column][\/vc_row][vc_row][vc_column][vc_empty_space][\/vc_column][\/vc_row][vc_row][vc_column width=&#8221;1\/2&#8243;][vc_column_text] Courtier immobilier r\u00e9sidentiel et commercial [&hellip;]","og_url":"https:\/\/www.mbouchard.ca\/fr\/a-propos\/","og_site_name":"Michele Bouchard","article_modified_time":"2021-05-12T20:53:18+00:00","og_image":[{"url":"https:\/\/www.mbouchard.ca\/wp-content\/uploads\/2014\/12\/mbouchard-1-550x550.jpg","type":"","width":"","height":""}],"twitter_card":"summary_large_image","twitter_misc":{"Dur\u00e9e de lecture estim\u00e9e":"2 minutes"},"schema":{"@context":"https:\/\/schema.org","@graph":[{"@type":"WebPage","@id":"https:\/\/www.mbouchard.ca\/fr\/a-propos\/","url":"https:\/\/www.mbouchard.ca\/fr\/a-propos\/","name":"Rencontrez Michele Bouchard et Elodie Bouchard\u00a0 - Michele Bouchard","isPartOf":{"@id":"https:\/\/www.mbouchard.ca\/#website"},"primaryImageOfPage":{"@id":"https:\/\/www.mbouchard.ca\/fr\/a-propos\/#primaryimage"},"image":{"@id":"https:\/\/www.mbouchard.ca\/fr\/a-propos\/#primaryimage"},"thumbnailUrl":"https:\/\/www.mbouchard.ca\/wp-content\/uploads\/2014\/12\/mbouchard-1-550x550.jpg","datePublished":"2015-01-16T14:51:04+00:00","dateModified":"2021-05-12T20:53:18+00:00","breadcrumb":{"@id":"https:\/\/www.mbouchard.ca\/fr\/a-propos\/#breadcrumb"},"inLanguage":"fr-FR","potentialAction":[{"@type":"ReadAction","target":["https:\/\/www.mbouchard.ca\/fr\/a-propos\/"]}]},{"@type":"ImageObject","inLanguage":"fr-FR","@id":"https:\/\/www.mbouchard.ca\/fr\/a-propos\/#primaryimage","url":"https:\/\/www.mbouchard.ca\/wp-content\/uploads\/2014\/12\/mbouchard-1-550x550.jpg","contentUrl":"https:\/\/www.mbouchard.ca\/wp-content\/uploads\/2014\/12\/mbouchard-1-550x550.jpg"},{"@type":"BreadcrumbList","@id":"https:\/\/www.mbouchard.ca\/fr\/a-propos\/#breadcrumb","itemListElement":[{"@type":"ListItem","position":1,"name":"Home","item":"https:\/\/www.mbouchard.ca\/fr\/"},{"@type":"ListItem","position":2,"name":"Rencontrez Michele Bouchard et Elodie Bouchard\u00a0"}]},{"@type":"WebSite","@id":"https:\/\/www.mbouchard.ca\/#website","url":"https:\/\/www.mbouchard.ca\/","name":"Michele Bouchard","description":"Courtier immobilier \u00e0 Montreal","potentialAction":[{"@type":"SearchAction","target":{"@type":"EntryPoint","urlTemplate":"https:\/\/www.mbouchard.ca\/?s={search_term_string}"},"query-input":{"@type":"PropertyValueSpecification","valueRequired":true,"valueName":"search_term_string"}}],"inLanguage":"fr-FR"}]}},"_links":{"self":[{"href":"https:\/\/www.mbouchard.ca\/fr\/wp-json\/wp\/v2\/pages\/2304","targetHints":{"allow":["GET"]}}],"collection":[{"href":"https:\/\/www.mbouchard.ca\/fr\/wp-json\/wp\/v2\/pages"}],"about":[{"href":"https:\/\/www.mbouchard.ca\/fr\/wp-json\/wp\/v2\/types\/page"}],"author":[{"embeddable":true,"href":"https:\/\/www.mbouchard.ca\/fr\/wp-json\/wp\/v2\/users\/1"}],"replies":[{"embeddable":true,"href":"https:\/\/www.mbouchard.ca\/fr\/wp-json\/wp\/v2\/comments?post=2304"}],"version-history":[{"count":6,"href":"https:\/\/www.mbouchard.ca\/fr\/wp-json\/wp\/v2\/pages\/2304\/revisions"}],"predecessor-version":[{"id":5224,"href":"https:\/\/www.mbouchard.ca\/fr\/wp-json\/wp\/v2\/pages\/2304\/revisions\/5224"}],"wp:attachment":[{"href":"https:\/\/www.mbouchard.ca\/fr\/wp-json\/wp\/v2\/media?parent=2304"}],"curies":[{"name":"wp","href":"https:\/\/api.w.org\/{rel}","templated":true}]}}