{"id":2306,"date":"2015-01-16T14:51:48","date_gmt":"2015-01-16T14:51:48","guid":{"rendered":"https:\/\/www.mbouchard.ca\/?page_id=2306"},"modified":"2021-05-13T14:48:52","modified_gmt":"2021-05-13T14:48:52","slug":"nos-services","status":"publish","type":"page","link":"https:\/\/www.mbouchard.ca\/fr\/nos-services\/","title":{"rendered":"Achat \/ Vente"},"content":{"rendered":"<div class=\"wpb-content-wrapper\">[vc_row][vc_column][vc_column_text]\n<h3 style=\"text-align: center;\">Notre bureau est sp\u00e9cialis\u00e9 dans l\u2019immobilier sur l&#8217;\u00eele de Montr\u00e9al depuis 25 ans . Nous offrons une grande vari\u00e9t\u00e9 de services<\/h3>\n[\/vc_column_text][vc_empty_space][\/vc_column][\/vc_row][vc_row][vc_column width=&#8221;1\/2&#8243;][vc_column_text]\n<h2>Pour les acheteurs et les locataires:<\/h2>\n<p style=\"text-align: justify;\">Nous sommes l\u00e0 pour vous aider \u00e0 trouver votre propri\u00e9t\u00e9 de r\u00eave. Travailler avec nous implique:<\/p>\n<ul>\n<li>Acheter au juste prix<\/li>\n<li>Une aide pr\u00e9cieuse, efficace et s\u00e9curitaire pour la documentation et toutes questions<\/li>\n<li>Un accompagnement \u00e0 chaque \u00e9tape du processus<\/li>\n<li>Des connaissances incomparables sur le march\u00e9 de l&#8217;immobilier<\/li>\n<li>Vous sauverez du temps et de l&#8217;argent<\/li>\n<li>Des transactions r\u00e9sidentielles et commerciales<\/li>\n<li>Le centre-ville de Montreal, Shaugnessy village, le Vieux-Montreal et plus encore<\/li>\n<\/ul>\n<p>Consultez <a href=\"https:\/\/www.mbouchard.ca\/wp-content\/uploads\/2020\/12\/guide-acheteur.pdf\" target=\"_blank\" rel=\"noopener noreferrer\">le guide de l&#8217;acheteur<\/a>:[\/vc_column_text][vc_single_image image=&#8221;4783&#8243; img_size=&#8221;medium&#8221; style=&#8221;vc_box_shadow_border&#8221; onclick=&#8221;custom_link&#8221; img_link_target=&#8221;_blank&#8221; link=&#8221;https:\/\/www.mbouchard.ca\/wp-content\/uploads\/2020\/12\/guide-acheteur.pdf&#8221;][vc_empty_space][\/vc_column][vc_column width=&#8221;1\/2&#8243;][vc_column_text]\n<h2>Pour les vendeurs et les bailleurs:<\/h2>\n<p style=\"text-align: justify;\">Notre \u00e9quipe est LA solution pour vendre votre propri\u00e9t\u00e9. Travailler avec nous signifie:<\/p>\n<ul>\n<li>Une expertise et un marketing d&#8217;exception en immobilier<\/li>\n<li>Un accompagnement de la mise en march\u00e9 jusqu&#8217;\u00e0 la signature chez le notaire<\/li>\n<li>Des connaissances du march\u00e9 de luxe<\/li>\n<li>La paix d&#8217;esprit pour votre transaction<\/li>\n<li>Des ventes r\u00e9sidentielles et commerciales<\/li>\n<li>C\u00f4te St-Luc, Notre-Dame de Gr\u00e2ce, le centre-ville de Montreal et plus encore<\/li>\n<\/ul>\n<p>\u00c9valuation gratuite <a href=\"https:\/\/www.mbouchard.ca\/fr\/contacter\/\">(envoyez nous un courriel)<\/a><\/p>\n<p>Consultez <a href=\"https:\/\/www.mbouchard.ca\/wp-content\/uploads\/2020\/12\/guide-vendeur.pdf\" target=\"_blank\" rel=\"noopener noreferrer\">le guide du vendeur<\/a>:[\/vc_column_text][vc_single_image image=&#8221;4785&#8243; img_size=&#8221;medium&#8221; style=&#8221;vc_box_shadow_border&#8221; onclick=&#8221;custom_link&#8221; img_link_target=&#8221;_blank&#8221; link=&#8221;https:\/\/www.mbouchard.ca\/wp-content\/uploads\/2020\/12\/guide-vendeur.pdf&#8221;][vc_empty_space][\/vc_column][\/vc_row][vc_row][vc_column width=&#8221;1\/2&#8243; offset=&#8221;vc_col-sm-offset-3&#8243;]<div class=\"mkdf-section-title-holder  mkdf-st-standard mkdf-st-title-left mkdf-st-normal-space \" style=\"text-align: center\">\n\t<div class=\"mkdf-st-inner\">\n        \t\t\t\t\t<h1 class=\"mkdf-st-title\" >\n\t\t\t\tParlons-en!\t\t\t<\/h1>\n\t\t        <div class=\"mkdf-svg-separator-holder mkdf-svg-separator-small\">\n    <div class=\"mkdf-svg-separator mkdf-svg-frames-class\" data-svg-frames=\"15\" data-svg-drawing=\"yes\" >\n        <svg version=\"1.1\"  id=\"layer_105\" xmlns=\"http:\/\/www.w3.org\/2000\/svg\" xmlns:xlink=\"http:\/\/www.w3.org\/1999\/xlink\" x=\"0px\" y=\"0px\"\n             width=\"65.167px\" height=\"11.917px\" viewBox=\"0 0 65.167 11.917\" enable-background=\"new 0 0 65.167 11.917\" xml:space=\"preserve\">\n            <path fill=\"none\" stroke=\"#010101\" stroke-width=\"1\" stroke-miterlimit=\"3\" d=\"M1.045,9.833 9.295,2.083 17.295,9.833\n            24.295,2.083 32.291,9.833 39.294,2.083 47.294,9.833 54.294,2.083 64.287,9.833 \"\/>\n        <\/svg>\n    <\/div>\n<\/div>\t\t\t<\/div>\n<\/div>[vc_empty_space height=&#8221;20px&#8221;]\n<div class=\"wpcf7 no-js\" id=\"wpcf7-f4815-o1\" lang=\"en-US\" dir=\"ltr\" data-wpcf7-id=\"4815\">\n<div class=\"screen-reader-response\"><p role=\"status\" aria-live=\"polite\" aria-atomic=\"true\"><\/p> <ul><\/ul><\/div>\n<form action=\"\/fr\/wp-json\/wp\/v2\/pages\/2306#wpcf7-f4815-o1\" method=\"post\" class=\"wpcf7-form init\" aria-label=\"Contact form\" novalidate=\"novalidate\" data-status=\"init\">\n<fieldset class=\"hidden-fields-container\"><input type=\"hidden\" name=\"_wpcf7\" value=\"4815\" \/><input type=\"hidden\" name=\"_wpcf7_version\" value=\"6.1.5\" \/><input type=\"hidden\" name=\"_wpcf7_locale\" value=\"en_US\" \/><input type=\"hidden\" name=\"_wpcf7_unit_tag\" value=\"wpcf7-f4815-o1\" \/><input type=\"hidden\" name=\"_wpcf7_container_post\" value=\"0\" \/><input type=\"hidden\" name=\"_wpcf7_posted_data_hash\" value=\"\" \/>\n<\/fieldset>\n<p><label> Nom *<br \/>\n<span class=\"wpcf7-form-control-wrap\" data-name=\"your-name\"><input size=\"40\" maxlength=\"400\" class=\"wpcf7-form-control wpcf7-text wpcf7-validates-as-required\" aria-required=\"true\" aria-invalid=\"false\" placeholder=\"Nom *\" value=\"\" type=\"text\" name=\"your-name\" \/><\/span> <\/label>\n<\/p>\n<p><label> Courriel *<br \/>\n<span class=\"wpcf7-form-control-wrap\" data-name=\"your-email\"><input size=\"40\" maxlength=\"400\" class=\"wpcf7-form-control wpcf7-email wpcf7-validates-as-required wpcf7-text wpcf7-validates-as-email\" aria-required=\"true\" aria-invalid=\"false\" placeholder=\"Courriel *\" value=\"\" type=\"email\" name=\"your-email\" \/><\/span> <\/label>\n<\/p>\n<p><label> T\u00e9l\u00e9phone<br \/>\n<span class=\"wpcf7-form-control-wrap\" data-name=\"your-phone\"><input size=\"40\" maxlength=\"400\" class=\"wpcf7-form-control wpcf7-tel wpcf7-validates-as-required wpcf7-text wpcf7-validates-as-tel\" aria-required=\"true\" aria-invalid=\"false\" placeholder=\"T\u00e9l\u00e9phone *\" value=\"\" type=\"tel\" name=\"your-phone\" \/><\/span> <\/label>\n<\/p>\n<p><input class=\"wpcf7-form-control wpcf7-submit has-spinner\" type=\"submit\" value=\"Envoyer\" \/>\n<\/p><div class=\"wpcf7-response-output\" aria-hidden=\"true\"><\/div>\n<\/form>\n<\/div>\n[vc_empty_space][\/vc_column][vc_column][\/vc_column][vc_column][\/vc_column][\/vc_row][vc_row][vc_column][vc_column_text]\n<h2 style=\"text-align: center;\">Vous d\u00e9sirez plus d&#8217;informations \u00e0 propos de nos services? <a href=\"https:\/\/www.mbouchard.ca\/fr\/contacter\/\">Contactez nous par courriel ou par t\u00e9l\u00e9phone<\/a>.<\/h2>\n[\/vc_column_text][vc_empty_space][\/vc_column][\/vc_row]\n<\/div>","protected":false},"excerpt":{"rendered":"<p>[vc_row][vc_column][vc_column_text] Notre bureau est sp\u00e9cialis\u00e9 dans l\u2019immobilier sur l&#8217;\u00eele de Montr\u00e9al depuis 25 ans . Nous offrons une grande vari\u00e9t\u00e9 de services [\/vc_column_text][vc_empty_space][\/vc_column][\/vc_row][vc_row][vc_column width=&#8221;1\/2&#8243;][vc_column_text] Pour les acheteurs et les locataires: Nous sommes l\u00e0 pour vous aider \u00e0 trouver votre propri\u00e9t\u00e9 [&hellip;]<\/p>\n","protected":false},"author":1,"featured_media":0,"parent":0,"menu_order":0,"comment_status":"open","ping_status":"open","template":"","meta":{"footnotes":""},"class_list":["post-2306","page","type-page","status-publish","hentry"],"yoast_head":"<!-- This site is optimized with the Yoast SEO plugin v27.4 - https:\/\/yoast.com\/product\/yoast-seo-wordpress\/ -->\n<title>Achat \/ Vente - Michele Bouchard<\/title>\n<meta name=\"robots\" content=\"index, follow, max-snippet:-1, max-image-preview:large, max-video-preview:-1\" \/>\n<link rel=\"canonical\" href=\"https:\/\/www.mbouchard.ca\/fr\/nos-services\/\" \/>\n<meta property=\"og:locale\" content=\"fr_FR\" \/>\n<meta property=\"og:type\" content=\"article\" \/>\n<meta property=\"og:title\" content=\"Achat \/ Vente - Michele Bouchard\" \/>\n<meta property=\"og:description\" content=\"[vc_row][vc_column][vc_column_text] Notre bureau est sp\u00e9cialis\u00e9 dans l\u2019immobilier sur l&#8217;\u00eele de Montr\u00e9al depuis 25 ans . Nous offrons une grande vari\u00e9t\u00e9 de services [\/vc_column_text][vc_empty_space][\/vc_column][\/vc_row][vc_row][vc_column width=&#8221;1\/2&#8243;][vc_column_text] Pour les acheteurs et les locataires: Nous sommes l\u00e0 pour vous aider \u00e0 trouver votre propri\u00e9t\u00e9 [&hellip;]\" \/>\n<meta property=\"og:url\" content=\"https:\/\/www.mbouchard.ca\/fr\/nos-services\/\" \/>\n<meta property=\"og:site_name\" content=\"Michele Bouchard\" \/>\n<meta property=\"article:modified_time\" content=\"2021-05-13T14:48:52+00:00\" \/>\n<meta name=\"twitter:card\" content=\"summary_large_image\" \/>\n<meta name=\"twitter:label1\" content=\"Dur\u00e9e de lecture estim\u00e9e\" \/>\n\t<meta name=\"twitter:data1\" content=\"1 minute\" \/>\n<script type=\"application\/ld+json\" class=\"yoast-schema-graph\">{\"@context\":\"https:\\\/\\\/schema.org\",\"@graph\":[{\"@type\":\"WebPage\",\"@id\":\"https:\\\/\\\/www.mbouchard.ca\\\/fr\\\/nos-services\\\/\",\"url\":\"https:\\\/\\\/www.mbouchard.ca\\\/fr\\\/nos-services\\\/\",\"name\":\"Achat \\\/ Vente - Michele Bouchard\",\"isPartOf\":{\"@id\":\"https:\\\/\\\/www.mbouchard.ca\\\/#website\"},\"datePublished\":\"2015-01-16T14:51:48+00:00\",\"dateModified\":\"2021-05-13T14:48:52+00:00\",\"breadcrumb\":{\"@id\":\"https:\\\/\\\/www.mbouchard.ca\\\/fr\\\/nos-services\\\/#breadcrumb\"},\"inLanguage\":\"fr-FR\",\"potentialAction\":[{\"@type\":\"ReadAction\",\"target\":[\"https:\\\/\\\/www.mbouchard.ca\\\/fr\\\/nos-services\\\/\"]}]},{\"@type\":\"BreadcrumbList\",\"@id\":\"https:\\\/\\\/www.mbouchard.ca\\\/fr\\\/nos-services\\\/#breadcrumb\",\"itemListElement\":[{\"@type\":\"ListItem\",\"position\":1,\"name\":\"Home\",\"item\":\"https:\\\/\\\/www.mbouchard.ca\\\/fr\\\/\"},{\"@type\":\"ListItem\",\"position\":2,\"name\":\"Achat \\\/ Vente\"}]},{\"@type\":\"WebSite\",\"@id\":\"https:\\\/\\\/www.mbouchard.ca\\\/#website\",\"url\":\"https:\\\/\\\/www.mbouchard.ca\\\/\",\"name\":\"Michele Bouchard\",\"description\":\"Courtier immobilier \u00e0 Montreal\",\"potentialAction\":[{\"@type\":\"SearchAction\",\"target\":{\"@type\":\"EntryPoint\",\"urlTemplate\":\"https:\\\/\\\/www.mbouchard.ca\\\/?s={search_term_string}\"},\"query-input\":{\"@type\":\"PropertyValueSpecification\",\"valueRequired\":true,\"valueName\":\"search_term_string\"}}],\"inLanguage\":\"fr-FR\"}]}<\/script>\n<!-- \/ Yoast SEO plugin. -->","yoast_head_json":{"title":"Achat \/ Vente - Michele Bouchard","robots":{"index":"index","follow":"follow","max-snippet":"max-snippet:-1","max-image-preview":"max-image-preview:large","max-video-preview":"max-video-preview:-1"},"canonical":"https:\/\/www.mbouchard.ca\/fr\/nos-services\/","og_locale":"fr_FR","og_type":"article","og_title":"Achat \/ Vente - Michele Bouchard","og_description":"[vc_row][vc_column][vc_column_text] Notre bureau est sp\u00e9cialis\u00e9 dans l\u2019immobilier sur l&#8217;\u00eele de Montr\u00e9al depuis 25 ans . Nous offrons une grande vari\u00e9t\u00e9 de services [\/vc_column_text][vc_empty_space][\/vc_column][\/vc_row][vc_row][vc_column width=&#8221;1\/2&#8243;][vc_column_text] Pour les acheteurs et les locataires: Nous sommes l\u00e0 pour vous aider \u00e0 trouver votre propri\u00e9t\u00e9 [&hellip;]","og_url":"https:\/\/www.mbouchard.ca\/fr\/nos-services\/","og_site_name":"Michele Bouchard","article_modified_time":"2021-05-13T14:48:52+00:00","twitter_card":"summary_large_image","twitter_misc":{"Dur\u00e9e de lecture estim\u00e9e":"1 minute"},"schema":{"@context":"https:\/\/schema.org","@graph":[{"@type":"WebPage","@id":"https:\/\/www.mbouchard.ca\/fr\/nos-services\/","url":"https:\/\/www.mbouchard.ca\/fr\/nos-services\/","name":"Achat \/ Vente - Michele Bouchard","isPartOf":{"@id":"https:\/\/www.mbouchard.ca\/#website"},"datePublished":"2015-01-16T14:51:48+00:00","dateModified":"2021-05-13T14:48:52+00:00","breadcrumb":{"@id":"https:\/\/www.mbouchard.ca\/fr\/nos-services\/#breadcrumb"},"inLanguage":"fr-FR","potentialAction":[{"@type":"ReadAction","target":["https:\/\/www.mbouchard.ca\/fr\/nos-services\/"]}]},{"@type":"BreadcrumbList","@id":"https:\/\/www.mbouchard.ca\/fr\/nos-services\/#breadcrumb","itemListElement":[{"@type":"ListItem","position":1,"name":"Home","item":"https:\/\/www.mbouchard.ca\/fr\/"},{"@type":"ListItem","position":2,"name":"Achat \/ Vente"}]},{"@type":"WebSite","@id":"https:\/\/www.mbouchard.ca\/#website","url":"https:\/\/www.mbouchard.ca\/","name":"Michele Bouchard","description":"Courtier immobilier \u00e0 Montreal","potentialAction":[{"@type":"SearchAction","target":{"@type":"EntryPoint","urlTemplate":"https:\/\/www.mbouchard.ca\/?s={search_term_string}"},"query-input":{"@type":"PropertyValueSpecification","valueRequired":true,"valueName":"search_term_string"}}],"inLanguage":"fr-FR"}]}},"_links":{"self":[{"href":"https:\/\/www.mbouchard.ca\/fr\/wp-json\/wp\/v2\/pages\/2306","targetHints":{"allow":["GET"]}}],"collection":[{"href":"https:\/\/www.mbouchard.ca\/fr\/wp-json\/wp\/v2\/pages"}],"about":[{"href":"https:\/\/www.mbouchard.ca\/fr\/wp-json\/wp\/v2\/types\/page"}],"author":[{"embeddable":true,"href":"https:\/\/www.mbouchard.ca\/fr\/wp-json\/wp\/v2\/users\/1"}],"replies":[{"embeddable":true,"href":"https:\/\/www.mbouchard.ca\/fr\/wp-json\/wp\/v2\/comments?post=2306"}],"version-history":[{"count":6,"href":"https:\/\/www.mbouchard.ca\/fr\/wp-json\/wp\/v2\/pages\/2306\/revisions"}],"predecessor-version":[{"id":5228,"href":"https:\/\/www.mbouchard.ca\/fr\/wp-json\/wp\/v2\/pages\/2306\/revisions\/5228"}],"wp:attachment":[{"href":"https:\/\/www.mbouchard.ca\/fr\/wp-json\/wp\/v2\/media?parent=2306"}],"curies":[{"name":"wp","href":"https:\/\/api.w.org\/{rel}","templated":true}]}}