{"id":3786,"date":"2017-08-09T17:31:41","date_gmt":"2017-08-09T17:35:19","guid":{"rendered":"https:\/\/www.mbouchard.ca\/?post_type=product&#038;p=3786"},"modified":"2024-11-06T15:28:32","modified_gmt":"2024-11-06T15:28:32","slug":"espagnemagnifique-maison-vue-sur-la-mer","status":"publish","type":"product","link":"https:\/\/www.mbouchard.ca\/fr\/proprietes\/a-vendre\/espagnemagnifique-maison-vue-sur-la-mer\/","title":{"rendered":"ESPAGNE\/MAGNIFIQUE MAISON\/ VUE SUR LA MER"},"content":{"rendered":"<p>Semi d\u00e9tach\u00e9e avec des vues exceptionnelles sur la mer et la montagne a Benahavis. Construite sur trois \u00e9tages la propri\u00e9t\u00e9 comprend\u00a0:<\/p>\n<p>Au RDC un living room avec acc\u00e8s a une belle terrasse avec des vues exceptionnelles ,une cuisine spacieuse et deux chambres doubles avec une grande salle de bains.<\/p>\n<p>Au premier \u00e9tage la chambre des maitres avec une grande salle de bains et un balcon-terrasse.<\/p>\n<p>Au niveau du garage avec une capacit\u00e9 pour 3 voitures un tr\u00e8s grand salon avec un foyer une toilette qui peut \u00eatre transforme en chambre suppl\u00e9mentaire.<\/p>\n<p>Cette communaut\u00e9 tres calme et priv\u00e9e (seulement 8 maisons) poss\u00e8de une piscine communautaire et un syst\u00e8me vid\u00e9o de s\u00e9curit\u00e9 24 h\/ jour.<\/p>\n<p>Tres lumineuse cette maison est a 10 minutes de voiture de Puerto Banus.<\/p>\n","protected":false},"excerpt":{"rendered":"<p>Semi d\u00e9tach\u00e9e avec des vues exceptionnelles sur la mer et la montagne a Benahavis. Construite sur trois \u00e9tages la propri\u00e9t\u00e9 comprend\u00a0:<\/p>\n<p>Au RDC un living room avec acc\u00e8s a une belle terrasse avec des vues exceptionnelles ,une cuisine spacieuse et deux chambres doubles avec une grande salle de bains.<\/p>\n<p>Au premier \u00e9tage la chambre des maitres avec une grande salle de bains et un balcon-terrasse.<\/p>\n<p>Au niveau du garage avec une capacit\u00e9 pour 3 voitures un tr\u00e8s grand salon avec un foyer une toilette qui peut \u00eatre transforme en chambre suppl\u00e9mentaire.<\/p>\n<p>Cette communaut\u00e9 tres calme et priv\u00e9e (seulement 8 maisons) poss\u00e8de une piscine communautaire et un syst\u00e8me vid\u00e9o de s\u00e9curit\u00e9 24 h\/ jour.<\/p>\n<p>Tres lumineuse cette maison est a 10 minutes de voiture de Puerto Banus.<\/p>\n","protected":false},"author":1,"featured_media":3843,"template":"","meta":[],"product_brand":[],"product_cat":[108,159,116,156],"product_tag":[],"class_list":{"0":"post-3786","1":"product","2":"type-product","3":"status-publish","4":"has-post-thumbnail","6":"product_cat-a-vendre","7":"product_cat-a-vendre-ou-a-louer","8":"product_cat-vedettes","9":"product_cat-vente-residentielle","11":"first","12":"instock","13":"shipping-taxable","14":"purchasable","15":"product-type-simple"},"yoast_head":"<!-- This site is optimized with the Yoast SEO plugin v27.4 - https:\/\/yoast.com\/product\/yoast-seo-wordpress\/ -->\n<title>ESPAGNE\/MAGNIFIQUE MAISON\/ VUE SUR LA MER - Michele Bouchard<\/title>\n<meta name=\"robots\" content=\"index, follow, max-snippet:-1, max-image-preview:large, max-video-preview:-1\" \/>\n<link rel=\"canonical\" href=\"https:\/\/www.mbouchard.ca\/fr\/proprietes\/a-vendre\/espagnemagnifique-maison-vue-sur-la-mer\/\" \/>\n<meta property=\"og:locale\" content=\"fr_FR\" \/>\n<meta property=\"og:type\" content=\"article\" \/>\n<meta property=\"og:title\" content=\"ESPAGNE\/MAGNIFIQUE MAISON\/ VUE SUR LA MER - Michele Bouchard\" \/>\n<meta property=\"og:description\" content=\"Semi d\u00e9tach\u00e9e avec des vues exceptionnelles sur la mer et la montagne a Benahavis. Construite sur trois \u00e9tages la propri\u00e9t\u00e9 comprend\u00a0:  Au RDC un living room avec acc\u00e8s a une belle terrasse avec des vues exceptionnelles ,une cuisine spacieuse et deux chambres doubles avec une grande salle de bains.  Au premier \u00e9tage la chambre des maitres avec une grande salle de bains et un balcon-terrasse.  Au niveau du garage avec une capacit\u00e9 pour 3 voitures un tr\u00e8s grand salon avec un foyer une toilette qui peut \u00eatre transforme en chambre suppl\u00e9mentaire.  Cette communaut\u00e9 tres calme et priv\u00e9e (seulement 8 maisons) poss\u00e8de une piscine communautaire et un syst\u00e8me vid\u00e9o de s\u00e9curit\u00e9 24 h\/ jour.  Tres lumineuse cette maison est a 10 minutes de voiture de Puerto Banus.\" \/>\n<meta property=\"og:url\" content=\"https:\/\/www.mbouchard.ca\/fr\/proprietes\/a-vendre\/espagnemagnifique-maison-vue-sur-la-mer\/\" \/>\n<meta property=\"og:site_name\" content=\"Michele Bouchard\" \/>\n<meta property=\"article:modified_time\" content=\"2024-11-06T15:28:32+00:00\" \/>\n<meta property=\"og:image\" content=\"https:\/\/www.mbouchard.ca\/wp-content\/uploads\/2016\/11\/sold.jpg\" \/>\n\t<meta property=\"og:image:width\" content=\"640\" \/>\n\t<meta property=\"og:image:height\" content=\"480\" \/>\n\t<meta property=\"og:image:type\" content=\"image\/jpeg\" \/>\n<meta name=\"twitter:card\" content=\"summary_large_image\" \/>\n<meta name=\"twitter:label1\" content=\"Dur\u00e9e de lecture estim\u00e9e\" \/>\n\t<meta name=\"twitter:data1\" content=\"1 minute\" \/>\n<script type=\"application\/ld+json\" class=\"yoast-schema-graph\">{\"@context\":\"https:\\\/\\\/schema.org\",\"@graph\":[{\"@type\":\"WebPage\",\"@id\":\"https:\\\/\\\/www.mbouchard.ca\\\/fr\\\/proprietes\\\/a-vendre\\\/espagnemagnifique-maison-vue-sur-la-mer\\\/\",\"url\":\"https:\\\/\\\/www.mbouchard.ca\\\/fr\\\/proprietes\\\/a-vendre\\\/espagnemagnifique-maison-vue-sur-la-mer\\\/\",\"name\":\"ESPAGNE\\\/MAGNIFIQUE MAISON\\\/ VUE SUR LA MER - Michele Bouchard\",\"isPartOf\":{\"@id\":\"https:\\\/\\\/www.mbouchard.ca\\\/#website\"},\"primaryImageOfPage\":{\"@id\":\"https:\\\/\\\/www.mbouchard.ca\\\/fr\\\/proprietes\\\/a-vendre\\\/espagnemagnifique-maison-vue-sur-la-mer\\\/#primaryimage\"},\"image\":{\"@id\":\"https:\\\/\\\/www.mbouchard.ca\\\/fr\\\/proprietes\\\/a-vendre\\\/espagnemagnifique-maison-vue-sur-la-mer\\\/#primaryimage\"},\"thumbnailUrl\":\"https:\\\/\\\/www.mbouchard.ca\\\/wp-content\\\/uploads\\\/2017\\\/10\\\/piscine-scaled.jpg\",\"datePublished\":\"2017-08-09T17:35:19+00:00\",\"dateModified\":\"2024-11-06T15:28:32+00:00\",\"breadcrumb\":{\"@id\":\"https:\\\/\\\/www.mbouchard.ca\\\/fr\\\/proprietes\\\/a-vendre\\\/espagnemagnifique-maison-vue-sur-la-mer\\\/#breadcrumb\"},\"inLanguage\":\"fr-FR\",\"potentialAction\":[{\"@type\":\"ReadAction\",\"target\":[\"https:\\\/\\\/www.mbouchard.ca\\\/fr\\\/proprietes\\\/a-vendre\\\/espagnemagnifique-maison-vue-sur-la-mer\\\/\"]}]},{\"@type\":\"ImageObject\",\"inLanguage\":\"fr-FR\",\"@id\":\"https:\\\/\\\/www.mbouchard.ca\\\/fr\\\/proprietes\\\/a-vendre\\\/espagnemagnifique-maison-vue-sur-la-mer\\\/#primaryimage\",\"url\":\"https:\\\/\\\/www.mbouchard.ca\\\/wp-content\\\/uploads\\\/2017\\\/10\\\/piscine-scaled.jpg\",\"contentUrl\":\"https:\\\/\\\/www.mbouchard.ca\\\/wp-content\\\/uploads\\\/2017\\\/10\\\/piscine-scaled.jpg\",\"width\":2688,\"height\":1520},{\"@type\":\"BreadcrumbList\",\"@id\":\"https:\\\/\\\/www.mbouchard.ca\\\/fr\\\/proprietes\\\/a-vendre\\\/espagnemagnifique-maison-vue-sur-la-mer\\\/#breadcrumb\",\"itemListElement\":[{\"@type\":\"ListItem\",\"position\":1,\"name\":\"Home\",\"item\":\"https:\\\/\\\/www.mbouchard.ca\\\/fr\\\/\"},{\"@type\":\"ListItem\",\"position\":2,\"name\":\"Shop\",\"item\":\"https:\\\/\\\/www.mbouchard.ca\\\/shop\\\/\"},{\"@type\":\"ListItem\",\"position\":3,\"name\":\"ESPAGNE\\\/MAGNIFIQUE MAISON\\\/ VUE SUR LA MER\"}]},{\"@type\":\"WebSite\",\"@id\":\"https:\\\/\\\/www.mbouchard.ca\\\/#website\",\"url\":\"https:\\\/\\\/www.mbouchard.ca\\\/\",\"name\":\"Michele Bouchard\",\"description\":\"Courtier immobilier \u00e0 Montreal\",\"potentialAction\":[{\"@type\":\"SearchAction\",\"target\":{\"@type\":\"EntryPoint\",\"urlTemplate\":\"https:\\\/\\\/www.mbouchard.ca\\\/?s={search_term_string}\"},\"query-input\":{\"@type\":\"PropertyValueSpecification\",\"valueRequired\":true,\"valueName\":\"search_term_string\"}}],\"inLanguage\":\"fr-FR\"}]}<\/script>\n<!-- \/ Yoast SEO plugin. -->","yoast_head_json":{"title":"ESPAGNE\/MAGNIFIQUE MAISON\/ VUE SUR LA MER - Michele Bouchard","robots":{"index":"index","follow":"follow","max-snippet":"max-snippet:-1","max-image-preview":"max-image-preview:large","max-video-preview":"max-video-preview:-1"},"canonical":"https:\/\/www.mbouchard.ca\/fr\/proprietes\/a-vendre\/espagnemagnifique-maison-vue-sur-la-mer\/","og_locale":"fr_FR","og_type":"article","og_title":"ESPAGNE\/MAGNIFIQUE MAISON\/ VUE SUR LA MER - Michele Bouchard","og_description":"Semi d\u00e9tach\u00e9e avec des vues exceptionnelles sur la mer et la montagne a Benahavis. Construite sur trois \u00e9tages la propri\u00e9t\u00e9 comprend\u00a0:  Au RDC un living room avec acc\u00e8s a une belle terrasse avec des vues exceptionnelles ,une cuisine spacieuse et deux chambres doubles avec une grande salle de bains.  Au premier \u00e9tage la chambre des maitres avec une grande salle de bains et un balcon-terrasse.  Au niveau du garage avec une capacit\u00e9 pour 3 voitures un tr\u00e8s grand salon avec un foyer une toilette qui peut \u00eatre transforme en chambre suppl\u00e9mentaire.  Cette communaut\u00e9 tres calme et priv\u00e9e (seulement 8 maisons) poss\u00e8de une piscine communautaire et un syst\u00e8me vid\u00e9o de s\u00e9curit\u00e9 24 h\/ jour.  Tres lumineuse cette maison est a 10 minutes de voiture de Puerto Banus.","og_url":"https:\/\/www.mbouchard.ca\/fr\/proprietes\/a-vendre\/espagnemagnifique-maison-vue-sur-la-mer\/","og_site_name":"Michele Bouchard","article_modified_time":"2024-11-06T15:28:32+00:00","og_image":[{"width":640,"height":480,"url":"https:\/\/www.mbouchard.ca\/wp-content\/uploads\/2016\/11\/sold.jpg","type":"image\/jpeg"}],"twitter_card":"summary_large_image","twitter_misc":{"Dur\u00e9e de lecture estim\u00e9e":"1 minute"},"schema":{"@context":"https:\/\/schema.org","@graph":[{"@type":"WebPage","@id":"https:\/\/www.mbouchard.ca\/fr\/proprietes\/a-vendre\/espagnemagnifique-maison-vue-sur-la-mer\/","url":"https:\/\/www.mbouchard.ca\/fr\/proprietes\/a-vendre\/espagnemagnifique-maison-vue-sur-la-mer\/","name":"ESPAGNE\/MAGNIFIQUE MAISON\/ VUE SUR LA MER - Michele Bouchard","isPartOf":{"@id":"https:\/\/www.mbouchard.ca\/#website"},"primaryImageOfPage":{"@id":"https:\/\/www.mbouchard.ca\/fr\/proprietes\/a-vendre\/espagnemagnifique-maison-vue-sur-la-mer\/#primaryimage"},"image":{"@id":"https:\/\/www.mbouchard.ca\/fr\/proprietes\/a-vendre\/espagnemagnifique-maison-vue-sur-la-mer\/#primaryimage"},"thumbnailUrl":"https:\/\/www.mbouchard.ca\/wp-content\/uploads\/2017\/10\/piscine-scaled.jpg","datePublished":"2017-08-09T17:35:19+00:00","dateModified":"2024-11-06T15:28:32+00:00","breadcrumb":{"@id":"https:\/\/www.mbouchard.ca\/fr\/proprietes\/a-vendre\/espagnemagnifique-maison-vue-sur-la-mer\/#breadcrumb"},"inLanguage":"fr-FR","potentialAction":[{"@type":"ReadAction","target":["https:\/\/www.mbouchard.ca\/fr\/proprietes\/a-vendre\/espagnemagnifique-maison-vue-sur-la-mer\/"]}]},{"@type":"ImageObject","inLanguage":"fr-FR","@id":"https:\/\/www.mbouchard.ca\/fr\/proprietes\/a-vendre\/espagnemagnifique-maison-vue-sur-la-mer\/#primaryimage","url":"https:\/\/www.mbouchard.ca\/wp-content\/uploads\/2017\/10\/piscine-scaled.jpg","contentUrl":"https:\/\/www.mbouchard.ca\/wp-content\/uploads\/2017\/10\/piscine-scaled.jpg","width":2688,"height":1520},{"@type":"BreadcrumbList","@id":"https:\/\/www.mbouchard.ca\/fr\/proprietes\/a-vendre\/espagnemagnifique-maison-vue-sur-la-mer\/#breadcrumb","itemListElement":[{"@type":"ListItem","position":1,"name":"Home","item":"https:\/\/www.mbouchard.ca\/fr\/"},{"@type":"ListItem","position":2,"name":"Shop","item":"https:\/\/www.mbouchard.ca\/shop\/"},{"@type":"ListItem","position":3,"name":"ESPAGNE\/MAGNIFIQUE MAISON\/ VUE SUR LA MER"}]},{"@type":"WebSite","@id":"https:\/\/www.mbouchard.ca\/#website","url":"https:\/\/www.mbouchard.ca\/","name":"Michele Bouchard","description":"Courtier immobilier \u00e0 Montreal","potentialAction":[{"@type":"SearchAction","target":{"@type":"EntryPoint","urlTemplate":"https:\/\/www.mbouchard.ca\/?s={search_term_string}"},"query-input":{"@type":"PropertyValueSpecification","valueRequired":true,"valueName":"search_term_string"}}],"inLanguage":"fr-FR"}]}},"_links":{"self":[{"href":"https:\/\/www.mbouchard.ca\/fr\/wp-json\/wp\/v2\/product\/3786","targetHints":{"allow":["GET"]}}],"collection":[{"href":"https:\/\/www.mbouchard.ca\/fr\/wp-json\/wp\/v2\/product"}],"about":[{"href":"https:\/\/www.mbouchard.ca\/fr\/wp-json\/wp\/v2\/types\/product"}],"author":[{"embeddable":true,"href":"https:\/\/www.mbouchard.ca\/fr\/wp-json\/wp\/v2\/users\/1"}],"wp:featuredmedia":[{"embeddable":true,"href":"https:\/\/www.mbouchard.ca\/fr\/wp-json\/wp\/v2\/media\/3843"}],"wp:attachment":[{"href":"https:\/\/www.mbouchard.ca\/fr\/wp-json\/wp\/v2\/media?parent=3786"}],"wp:term":[{"taxonomy":"product_brand","embeddable":true,"href":"https:\/\/www.mbouchard.ca\/fr\/wp-json\/wp\/v2\/product_brand?post=3786"},{"taxonomy":"product_cat","embeddable":true,"href":"https:\/\/www.mbouchard.ca\/fr\/wp-json\/wp\/v2\/product_cat?post=3786"},{"taxonomy":"product_tag","embeddable":true,"href":"https:\/\/www.mbouchard.ca\/fr\/wp-json\/wp\/v2\/product_tag?post=3786"}],"curies":[{"name":"wp","href":"https:\/\/api.w.org\/{rel}","templated":true}]}}