{"id":5905,"date":"2023-04-19T15:25:24","date_gmt":"2023-04-19T15:25:24","guid":{"rendered":"https:\/\/www.mbouchard.ca\/properties\/non class\u00e9\/243-demosthenous-agia-marina-ile-degine-grece\/"},"modified":"2023-04-19T15:25:24","modified_gmt":"2023-04-19T15:25:24","slug":"243-demosthenous-agia-marina-ile-degine-grece","status":"publish","type":"product","link":"https:\/\/www.mbouchard.ca\/fr\/proprietes\/vedettes\/243-demosthenous-agia-marina-ile-degine-grece\/","title":{"rendered":"243 Demosthenous, Agia Marina, Ile d&#8217;\u00c9gine, Gr\u00e8ce"},"content":{"rendered":"","protected":false},"excerpt":{"rendered":"<p>GR\u00c8CE-\u00c0 Agia Marina sur l&#8217;\u00eele d&#8217;\u00c9gine, soit 90&#8242; min. en bateau d&#8217;Ath\u00e8nes (Pir\u00e9e), imposante propri\u00e9t\u00e9 de coin de deux \u00e9tages, \u00e0 180 m. d&#8217;une de plus belles plages sablonneuses de la M\u00e9diterran\u00e9e et entour\u00e9e d&#8217;une for\u00eat de pins. Au rez-de-chauss\u00e9e 5 suites au total 118 m2 , chacune avec cuisine et salle de douche, pour louer. Au 1er \u00e9tages 138,7 m2 avec 1 salle de bain, 1 salle d&#8217;eau, 4 chambres \u00e0 coucher, salle \u00e0 manger, salon, cuisine et terrasse pour habiter. \u00c0 noter que cette maison est aussi en vente avec 2 courtiers immobiliers qui sont en Gr\u00e8ce, toute demande ou visite des lieux ou offre d&#8217;achat sera r\u00e9f\u00e9r\u00e9 aux courtiers sur place.<\/p>\n<p><strong>MLS:<\/strong>\u00a022749747<\/p>\n","protected":false},"author":1,"featured_media":5892,"template":"","meta":[],"product_brand":[],"product_cat":[159,116],"product_tag":[],"class_list":{"0":"post-5905","1":"product","2":"type-product","3":"status-publish","4":"has-post-thumbnail","6":"product_cat-a-vendre-ou-a-louer","7":"product_cat-vedettes","9":"first","10":"instock","11":"shipping-taxable","12":"purchasable","13":"product-type-simple"},"yoast_head":"<!-- This site is optimized with the Yoast SEO plugin v27.4 - https:\/\/yoast.com\/product\/yoast-seo-wordpress\/ -->\n<title>243 Demosthenous, Agia Marina, Ile d&#039;\u00c9gine, Gr\u00e8ce - Michele Bouchard<\/title>\n<meta name=\"robots\" content=\"index, follow, max-snippet:-1, max-image-preview:large, max-video-preview:-1\" \/>\n<link rel=\"canonical\" href=\"https:\/\/www.mbouchard.ca\/fr\/proprietes\/vedettes\/243-demosthenous-agia-marina-ile-degine-grece\/\" \/>\n<meta property=\"og:locale\" content=\"fr_FR\" \/>\n<meta property=\"og:type\" content=\"article\" \/>\n<meta property=\"og:title\" content=\"243 Demosthenous, Agia Marina, Ile d&#039;\u00c9gine, Gr\u00e8ce - Michele Bouchard\" \/>\n<meta property=\"og:description\" content=\"GR\u00c8CE-\u00c0 Agia Marina sur l&#039;\u00eele d&#039;\u00c9gine, soit 90&#039; min. en bateau d&#039;Ath\u00e8nes (Pir\u00e9e), imposante propri\u00e9t\u00e9 de coin de deux \u00e9tages, \u00e0 180 m. d&#039;une de plus belles plages sablonneuses de la M\u00e9diterran\u00e9e et entour\u00e9e d&#039;une for\u00eat de pins. Au rez-de-chauss\u00e9e 5 suites au total 118 m2 , chacune avec cuisine et salle de douche, pour louer. Au 1er \u00e9tages 138,7 m2 avec 1 salle de bain, 1 salle d&#039;eau, 4 chambres \u00e0 coucher, salle \u00e0 manger, salon, cuisine et terrasse pour habiter. \u00c0 noter que cette maison est aussi en vente avec 2 courtiers immobiliers qui sont en Gr\u00e8ce, toute demande ou visite des lieux ou offre d&#039;achat sera r\u00e9f\u00e9r\u00e9 aux courtiers sur place.  MLS:\u00a022749747\" \/>\n<meta property=\"og:url\" content=\"https:\/\/www.mbouchard.ca\/fr\/proprietes\/vedettes\/243-demosthenous-agia-marina-ile-degine-grece\/\" \/>\n<meta property=\"og:site_name\" content=\"Michele Bouchard\" \/>\n<meta property=\"og:image\" content=\"https:\/\/www.mbouchard.ca\/wp-content\/uploads\/2023\/04\/IMG-20230204-WA00001.jpg\" \/>\n\t<meta property=\"og:image:width\" content=\"1280\" \/>\n\t<meta property=\"og:image:height\" content=\"576\" \/>\n\t<meta property=\"og:image:type\" content=\"image\/jpeg\" \/>\n<meta name=\"twitter:card\" content=\"summary_large_image\" \/>\n<script type=\"application\/ld+json\" class=\"yoast-schema-graph\">{\"@context\":\"https:\\\/\\\/schema.org\",\"@graph\":[{\"@type\":\"WebPage\",\"@id\":\"https:\\\/\\\/www.mbouchard.ca\\\/fr\\\/proprietes\\\/vedettes\\\/243-demosthenous-agia-marina-ile-degine-grece\\\/\",\"url\":\"https:\\\/\\\/www.mbouchard.ca\\\/fr\\\/proprietes\\\/vedettes\\\/243-demosthenous-agia-marina-ile-degine-grece\\\/\",\"name\":\"243 Demosthenous, Agia Marina, Ile d'\u00c9gine, Gr\u00e8ce - Michele Bouchard\",\"isPartOf\":{\"@id\":\"https:\\\/\\\/www.mbouchard.ca\\\/#website\"},\"primaryImageOfPage\":{\"@id\":\"https:\\\/\\\/www.mbouchard.ca\\\/fr\\\/proprietes\\\/vedettes\\\/243-demosthenous-agia-marina-ile-degine-grece\\\/#primaryimage\"},\"image\":{\"@id\":\"https:\\\/\\\/www.mbouchard.ca\\\/fr\\\/proprietes\\\/vedettes\\\/243-demosthenous-agia-marina-ile-degine-grece\\\/#primaryimage\"},\"thumbnailUrl\":\"https:\\\/\\\/www.mbouchard.ca\\\/wp-content\\\/uploads\\\/2023\\\/04\\\/IMG-20230204-WA00001.jpg\",\"datePublished\":\"2023-04-19T15:25:24+00:00\",\"breadcrumb\":{\"@id\":\"https:\\\/\\\/www.mbouchard.ca\\\/fr\\\/proprietes\\\/vedettes\\\/243-demosthenous-agia-marina-ile-degine-grece\\\/#breadcrumb\"},\"inLanguage\":\"fr-FR\",\"potentialAction\":[{\"@type\":\"ReadAction\",\"target\":[\"https:\\\/\\\/www.mbouchard.ca\\\/fr\\\/proprietes\\\/vedettes\\\/243-demosthenous-agia-marina-ile-degine-grece\\\/\"]}]},{\"@type\":\"ImageObject\",\"inLanguage\":\"fr-FR\",\"@id\":\"https:\\\/\\\/www.mbouchard.ca\\\/fr\\\/proprietes\\\/vedettes\\\/243-demosthenous-agia-marina-ile-degine-grece\\\/#primaryimage\",\"url\":\"https:\\\/\\\/www.mbouchard.ca\\\/wp-content\\\/uploads\\\/2023\\\/04\\\/IMG-20230204-WA00001.jpg\",\"contentUrl\":\"https:\\\/\\\/www.mbouchard.ca\\\/wp-content\\\/uploads\\\/2023\\\/04\\\/IMG-20230204-WA00001.jpg\",\"width\":1280,\"height\":576,\"caption\":\"Opportunit\u00e9 d'investir en Gr\u00e8ce\"},{\"@type\":\"BreadcrumbList\",\"@id\":\"https:\\\/\\\/www.mbouchard.ca\\\/fr\\\/proprietes\\\/vedettes\\\/243-demosthenous-agia-marina-ile-degine-grece\\\/#breadcrumb\",\"itemListElement\":[{\"@type\":\"ListItem\",\"position\":1,\"name\":\"Home\",\"item\":\"https:\\\/\\\/www.mbouchard.ca\\\/fr\\\/\"},{\"@type\":\"ListItem\",\"position\":2,\"name\":\"Shop\",\"item\":\"https:\\\/\\\/www.mbouchard.ca\\\/shop\\\/\"},{\"@type\":\"ListItem\",\"position\":3,\"name\":\"243 Demosthenous, Agia Marina, Ile d&#8217;\u00c9gine, Gr\u00e8ce\"}]},{\"@type\":\"WebSite\",\"@id\":\"https:\\\/\\\/www.mbouchard.ca\\\/#website\",\"url\":\"https:\\\/\\\/www.mbouchard.ca\\\/\",\"name\":\"Michele Bouchard\",\"description\":\"Courtier immobilier \u00e0 Montreal\",\"potentialAction\":[{\"@type\":\"SearchAction\",\"target\":{\"@type\":\"EntryPoint\",\"urlTemplate\":\"https:\\\/\\\/www.mbouchard.ca\\\/?s={search_term_string}\"},\"query-input\":{\"@type\":\"PropertyValueSpecification\",\"valueRequired\":true,\"valueName\":\"search_term_string\"}}],\"inLanguage\":\"fr-FR\"}]}<\/script>\n<!-- \/ Yoast SEO plugin. -->","yoast_head_json":{"title":"243 Demosthenous, Agia Marina, Ile d'\u00c9gine, Gr\u00e8ce - Michele Bouchard","robots":{"index":"index","follow":"follow","max-snippet":"max-snippet:-1","max-image-preview":"max-image-preview:large","max-video-preview":"max-video-preview:-1"},"canonical":"https:\/\/www.mbouchard.ca\/fr\/proprietes\/vedettes\/243-demosthenous-agia-marina-ile-degine-grece\/","og_locale":"fr_FR","og_type":"article","og_title":"243 Demosthenous, Agia Marina, Ile d'\u00c9gine, Gr\u00e8ce - Michele Bouchard","og_description":"GR\u00c8CE-\u00c0 Agia Marina sur l'\u00eele d'\u00c9gine, soit 90' min. en bateau d'Ath\u00e8nes (Pir\u00e9e), imposante propri\u00e9t\u00e9 de coin de deux \u00e9tages, \u00e0 180 m. d'une de plus belles plages sablonneuses de la M\u00e9diterran\u00e9e et entour\u00e9e d'une for\u00eat de pins. Au rez-de-chauss\u00e9e 5 suites au total 118 m2 , chacune avec cuisine et salle de douche, pour louer. Au 1er \u00e9tages 138,7 m2 avec 1 salle de bain, 1 salle d'eau, 4 chambres \u00e0 coucher, salle \u00e0 manger, salon, cuisine et terrasse pour habiter. \u00c0 noter que cette maison est aussi en vente avec 2 courtiers immobiliers qui sont en Gr\u00e8ce, toute demande ou visite des lieux ou offre d'achat sera r\u00e9f\u00e9r\u00e9 aux courtiers sur place.  MLS:\u00a022749747","og_url":"https:\/\/www.mbouchard.ca\/fr\/proprietes\/vedettes\/243-demosthenous-agia-marina-ile-degine-grece\/","og_site_name":"Michele Bouchard","og_image":[{"width":1280,"height":576,"url":"https:\/\/www.mbouchard.ca\/wp-content\/uploads\/2023\/04\/IMG-20230204-WA00001.jpg","type":"image\/jpeg"}],"twitter_card":"summary_large_image","schema":{"@context":"https:\/\/schema.org","@graph":[{"@type":"WebPage","@id":"https:\/\/www.mbouchard.ca\/fr\/proprietes\/vedettes\/243-demosthenous-agia-marina-ile-degine-grece\/","url":"https:\/\/www.mbouchard.ca\/fr\/proprietes\/vedettes\/243-demosthenous-agia-marina-ile-degine-grece\/","name":"243 Demosthenous, Agia Marina, Ile d'\u00c9gine, Gr\u00e8ce - Michele Bouchard","isPartOf":{"@id":"https:\/\/www.mbouchard.ca\/#website"},"primaryImageOfPage":{"@id":"https:\/\/www.mbouchard.ca\/fr\/proprietes\/vedettes\/243-demosthenous-agia-marina-ile-degine-grece\/#primaryimage"},"image":{"@id":"https:\/\/www.mbouchard.ca\/fr\/proprietes\/vedettes\/243-demosthenous-agia-marina-ile-degine-grece\/#primaryimage"},"thumbnailUrl":"https:\/\/www.mbouchard.ca\/wp-content\/uploads\/2023\/04\/IMG-20230204-WA00001.jpg","datePublished":"2023-04-19T15:25:24+00:00","breadcrumb":{"@id":"https:\/\/www.mbouchard.ca\/fr\/proprietes\/vedettes\/243-demosthenous-agia-marina-ile-degine-grece\/#breadcrumb"},"inLanguage":"fr-FR","potentialAction":[{"@type":"ReadAction","target":["https:\/\/www.mbouchard.ca\/fr\/proprietes\/vedettes\/243-demosthenous-agia-marina-ile-degine-grece\/"]}]},{"@type":"ImageObject","inLanguage":"fr-FR","@id":"https:\/\/www.mbouchard.ca\/fr\/proprietes\/vedettes\/243-demosthenous-agia-marina-ile-degine-grece\/#primaryimage","url":"https:\/\/www.mbouchard.ca\/wp-content\/uploads\/2023\/04\/IMG-20230204-WA00001.jpg","contentUrl":"https:\/\/www.mbouchard.ca\/wp-content\/uploads\/2023\/04\/IMG-20230204-WA00001.jpg","width":1280,"height":576,"caption":"Opportunit\u00e9 d'investir en Gr\u00e8ce"},{"@type":"BreadcrumbList","@id":"https:\/\/www.mbouchard.ca\/fr\/proprietes\/vedettes\/243-demosthenous-agia-marina-ile-degine-grece\/#breadcrumb","itemListElement":[{"@type":"ListItem","position":1,"name":"Home","item":"https:\/\/www.mbouchard.ca\/fr\/"},{"@type":"ListItem","position":2,"name":"Shop","item":"https:\/\/www.mbouchard.ca\/shop\/"},{"@type":"ListItem","position":3,"name":"243 Demosthenous, Agia Marina, Ile d&#8217;\u00c9gine, Gr\u00e8ce"}]},{"@type":"WebSite","@id":"https:\/\/www.mbouchard.ca\/#website","url":"https:\/\/www.mbouchard.ca\/","name":"Michele Bouchard","description":"Courtier immobilier \u00e0 Montreal","potentialAction":[{"@type":"SearchAction","target":{"@type":"EntryPoint","urlTemplate":"https:\/\/www.mbouchard.ca\/?s={search_term_string}"},"query-input":{"@type":"PropertyValueSpecification","valueRequired":true,"valueName":"search_term_string"}}],"inLanguage":"fr-FR"}]}},"_links":{"self":[{"href":"https:\/\/www.mbouchard.ca\/fr\/wp-json\/wp\/v2\/product\/5905","targetHints":{"allow":["GET"]}}],"collection":[{"href":"https:\/\/www.mbouchard.ca\/fr\/wp-json\/wp\/v2\/product"}],"about":[{"href":"https:\/\/www.mbouchard.ca\/fr\/wp-json\/wp\/v2\/types\/product"}],"author":[{"embeddable":true,"href":"https:\/\/www.mbouchard.ca\/fr\/wp-json\/wp\/v2\/users\/1"}],"wp:featuredmedia":[{"embeddable":true,"href":"https:\/\/www.mbouchard.ca\/fr\/wp-json\/wp\/v2\/media\/5892"}],"wp:attachment":[{"href":"https:\/\/www.mbouchard.ca\/fr\/wp-json\/wp\/v2\/media?parent=5905"}],"wp:term":[{"taxonomy":"product_brand","embeddable":true,"href":"https:\/\/www.mbouchard.ca\/fr\/wp-json\/wp\/v2\/product_brand?post=5905"},{"taxonomy":"product_cat","embeddable":true,"href":"https:\/\/www.mbouchard.ca\/fr\/wp-json\/wp\/v2\/product_cat?post=5905"},{"taxonomy":"product_tag","embeddable":true,"href":"https:\/\/www.mbouchard.ca\/fr\/wp-json\/wp\/v2\/product_tag?post=5905"}],"curies":[{"name":"wp","href":"https:\/\/api.w.org\/{rel}","templated":true}]}}