{"id":6057,"date":"2024-01-22T14:02:06","date_gmt":"2024-01-22T14:02:06","guid":{"rendered":"https:\/\/www.mbouchard.ca\/?post_type=product&#038;p=6057"},"modified":"2025-07-28T20:18:02","modified_gmt":"2025-07-28T20:18:02","slug":"455-st-pierre-170-montreal-qc-copy","status":"publish","type":"product","link":"https:\/\/www.mbouchard.ca\/fr\/proprietes\/a-louer\/455-st-pierre-170-montreal-qc-copy\/","title":{"rendered":"455 St-Pierre #280, Montreal, QC"},"content":{"rendered":"<p>Le Caverhill est bien plus qu&#8217;un simple b\u00e2timent ancien du Vieux-Montr\u00e9al. Construit en 1856 par des ma\u00eetres de la ma\u00e7onnerie, cet impressionnant exemple d&#8217;architecture n\u00e9oclassique nord-am\u00e9ricaine, avec ses grandes arches, ses fen\u00eatres \u00e9lanc\u00e9es et sa fa\u00e7ade de pierre orn\u00e9e, fait d\u00e9sormais partie du patrimoine historique d\u00e9sign\u00e9 de Montr\u00e9al.<\/p>\n<p>\u00c0 l&#8217;origine, l&#8217;\u00e9difice abritait le si\u00e8ge social de Caverhill Learmont, l&#8217;un des plus anciens grossistes canadiens en quincaillerie de construction, outils, articles m\u00e9nagers et \u00e9quipements maritimes. Le b\u00e2timent a \u00e9t\u00e9 soigneusement transform\u00e9 en 40 r\u00e9sidences priv\u00e9es en 2000.<\/p>\n<p>\u00c0 propos de l&#8217;unit\u00e9 280<br \/>\nSitu\u00e9e au coin sud du deuxi\u00e8me \u00e9tage, l&#8217;unit\u00e9 280 b\u00e9n\u00e9ficie d&#8217;un emplacement unique et tr\u00e8s priv\u00e9, avec seulement trois voisins. Elle est la propri\u00e9t\u00e9 du m\u00eame propri\u00e9taire depuis sa conversion. Implant\u00e9e \u00e0 l&#8217;arri\u00e8re du b\u00e2timent, elle donne sur la paisible rue Saint-Alexis, une charmante rue r\u00e9sidentielle \u00e0 sens unique.<\/p>\n<p>C&#8217;est la seule unit\u00e9 de l&#8217;immeuble \u00e0 poss\u00e9der trois colonnes originales en fonte datant des ann\u00e9es 1850 &#8212; un \u00e9l\u00e9ment architectural remarquable et un v\u00e9ritable sujet de conversation qui t\u00e9moigne du savoir-faire et de l&#8217;\u00e9l\u00e9gance de l&#8217;\u00e9poque.<\/p>\n<p>Caract\u00e9ristiques de l&#8217;int\u00e9rieur<br \/>\nLe niveau principal offre des plafonds de 14 pieds de hauteur, des murs de pierre et de brique apparente, des planchers de bois franc, et de grandes fen\u00eatres \u00e0 double vitrage qui laissent entrer une lumi\u00e8re naturelle abondante. Une chambre et une salle de bain de belles dimensions sont intelligemment am\u00e9nag\u00e9es, avec des portes en ch\u00eane, des murs insonoris\u00e9s et des finitions soign\u00e9es. La cuisine est \u00e9quip\u00e9e de meubles italiens haut de gamme, de comptoirs en granit anthracite, et dispose d&#8217;une connexion au gaz naturel. On y trouve \u00e9galement de nombreux rangements, une salle de lavage s\u00e9par\u00e9e avec laveuse et s\u00e9cheuse, ainsi qu&#8217;un syst\u00e8me avanc\u00e9 de d\u00e9tection de fuites d&#8217;eau qui coupe automatiquement l&#8217;arriv\u00e9e d&#8217;eau en cas de probl\u00e8me.<\/p>\n<p>Un refuge sur la mezzanine<br \/>\n\u00c0 l&#8217;\u00e9tage, la mezzanine (hauteur sous plafond de 6 pieds 2 pouces) offre un espace serein et polyvalent comprenant une deuxi\u00e8me chambre, une salle de bain, un coin bureau, des fauteuils de d\u00e9tente et un espace t\u00e9l\u00e9vision &#8212; un refuge priv\u00e9 et pr\u00e9cieux au sein m\u00eame de votre demeure.<\/p>\n<p>Communaut\u00e9 et emplacement<br \/>\nLa communaut\u00e9 du Caverhill est compos\u00e9e principalement de professionnels adultes, tranquilles, respectueux et discrets, ce qui conf\u00e8re \u00e0 l&#8217;immeuble une ambiance rare, calme et hautement appr\u00e9ci\u00e9e au coeur de la ville.<\/p>\n<p>Le Vieux-Montr\u00e9al s&#8217;offre \u00e0 vous \u00e0 quelques pas : boutiques, galeries d&#8217;art, salons de coiffure, nettoyeurs, station de m\u00e9tro, h\u00f4tels r\u00e9put\u00e9s, restaurants renomm\u00e9s, caf\u00e9s chaleureux et pubs anim\u00e9s vous attendent tout autour.<br \/>\nNB:Tout le mobilier, les accessoires de cuisine, les appareils \u00e9lectriques, les lits, les t\u00e9l\u00e9viseurs, etc. peuvent \u00eatre inclus dans la vente, moyennant un montant suppl\u00e9mentaire \u00e0 discuter<\/p>\n","protected":false},"excerpt":{"rendered":"<p><span class=\"formula field d15833m55\">Un bijou du Vieux-Port. D\u00e9couvrez le meilleur de la vie urbaine dans cet appartement de 2 chambres, 2 salles de bain avec un bureau suppl\u00e9mentaire, situ\u00e9 dans le magnifique immeuble Le Caverhill. Le premier \u00e9tage fait 937 pieds carr\u00e9s et la mezzanine 340 pieds carr\u00e9s selon les mesures prises par un arpenteur g\u00e9om\u00e8tre et communiqu\u00e9es au vendeur.<\/span><\/p>\n<p><strong>MLS:<\/strong> 12632229<\/p>\n","protected":false},"author":1,"featured_media":6501,"template":"","meta":[],"product_brand":[],"product_cat":[109,159,160,116],"product_tag":[],"class_list":{"0":"post-6057","1":"product","2":"type-product","3":"status-publish","4":"has-post-thumbnail","6":"product_cat-a-louer","7":"product_cat-a-vendre-ou-a-louer","8":"product_cat-location-residentielle","9":"product_cat-vedettes","11":"first","12":"instock","13":"shipping-taxable","14":"purchasable","15":"product-type-simple"},"yoast_head":"<!-- This site is optimized with the Yoast SEO plugin v27.4 - https:\/\/yoast.com\/product\/yoast-seo-wordpress\/ -->\n<title>455 St-Pierre #280, Montreal, QC - Michele Bouchard<\/title>\n<meta name=\"robots\" content=\"index, follow, max-snippet:-1, max-image-preview:large, max-video-preview:-1\" \/>\n<link rel=\"canonical\" href=\"https:\/\/www.mbouchard.ca\/fr\/proprietes\/a-louer\/455-st-pierre-170-montreal-qc-copy\/\" \/>\n<meta property=\"og:locale\" content=\"fr_FR\" \/>\n<meta property=\"og:type\" content=\"article\" \/>\n<meta property=\"og:title\" content=\"455 St-Pierre #280, Montreal, QC - Michele Bouchard\" \/>\n<meta property=\"og:description\" content=\"Un bijou du Vieux-Port. D\u00e9couvrez le meilleur de la vie urbaine dans cet appartement de 2 chambres, 2 salles de bain avec un bureau suppl\u00e9mentaire, situ\u00e9 dans le magnifique immeuble Le Caverhill. Le premier \u00e9tage fait 937 pieds carr\u00e9s et la mezzanine 340 pieds carr\u00e9s selon les mesures prises par un arpenteur g\u00e9om\u00e8tre et communiqu\u00e9es au vendeur.  MLS: 12632229\" \/>\n<meta property=\"og:url\" content=\"https:\/\/www.mbouchard.ca\/fr\/proprietes\/a-louer\/455-st-pierre-170-montreal-qc-copy\/\" \/>\n<meta property=\"og:site_name\" content=\"Michele Bouchard\" \/>\n<meta property=\"article:modified_time\" content=\"2025-07-28T20:18:02+00:00\" \/>\n<meta property=\"og:image\" content=\"https:\/\/www.mbouchard.ca\/wp-content\/uploads\/2024\/01\/280-455-rue-saint-pierre-montr-al-9-2.jpg\" \/>\n\t<meta property=\"og:image:width\" content=\"1000\" \/>\n\t<meta property=\"og:image:height\" content=\"668\" \/>\n\t<meta property=\"og:image:type\" content=\"image\/jpeg\" \/>\n<meta name=\"twitter:card\" content=\"summary_large_image\" \/>\n<meta name=\"twitter:label1\" content=\"Dur\u00e9e de lecture estim\u00e9e\" \/>\n\t<meta name=\"twitter:data1\" content=\"3 minutes\" \/>\n<script type=\"application\/ld+json\" class=\"yoast-schema-graph\">{\"@context\":\"https:\\\/\\\/schema.org\",\"@graph\":[{\"@type\":\"WebPage\",\"@id\":\"https:\\\/\\\/www.mbouchard.ca\\\/fr\\\/proprietes\\\/a-louer\\\/455-st-pierre-170-montreal-qc-copy\\\/\",\"url\":\"https:\\\/\\\/www.mbouchard.ca\\\/fr\\\/proprietes\\\/a-louer\\\/455-st-pierre-170-montreal-qc-copy\\\/\",\"name\":\"455 St-Pierre #280, Montreal, QC - Michele Bouchard\",\"isPartOf\":{\"@id\":\"https:\\\/\\\/www.mbouchard.ca\\\/#website\"},\"primaryImageOfPage\":{\"@id\":\"https:\\\/\\\/www.mbouchard.ca\\\/fr\\\/proprietes\\\/a-louer\\\/455-st-pierre-170-montreal-qc-copy\\\/#primaryimage\"},\"image\":{\"@id\":\"https:\\\/\\\/www.mbouchard.ca\\\/fr\\\/proprietes\\\/a-louer\\\/455-st-pierre-170-montreal-qc-copy\\\/#primaryimage\"},\"thumbnailUrl\":\"https:\\\/\\\/www.mbouchard.ca\\\/wp-content\\\/uploads\\\/2024\\\/01\\\/280-455-rue-saint-pierre-montr-al-9-2.jpg\",\"datePublished\":\"2024-01-22T14:02:06+00:00\",\"dateModified\":\"2025-07-28T20:18:02+00:00\",\"breadcrumb\":{\"@id\":\"https:\\\/\\\/www.mbouchard.ca\\\/fr\\\/proprietes\\\/a-louer\\\/455-st-pierre-170-montreal-qc-copy\\\/#breadcrumb\"},\"inLanguage\":\"fr-FR\",\"potentialAction\":[{\"@type\":\"ReadAction\",\"target\":[\"https:\\\/\\\/www.mbouchard.ca\\\/fr\\\/proprietes\\\/a-louer\\\/455-st-pierre-170-montreal-qc-copy\\\/\"]}]},{\"@type\":\"ImageObject\",\"inLanguage\":\"fr-FR\",\"@id\":\"https:\\\/\\\/www.mbouchard.ca\\\/fr\\\/proprietes\\\/a-louer\\\/455-st-pierre-170-montreal-qc-copy\\\/#primaryimage\",\"url\":\"https:\\\/\\\/www.mbouchard.ca\\\/wp-content\\\/uploads\\\/2024\\\/01\\\/280-455-rue-saint-pierre-montr-al-9-2.jpg\",\"contentUrl\":\"https:\\\/\\\/www.mbouchard.ca\\\/wp-content\\\/uploads\\\/2024\\\/01\\\/280-455-rue-saint-pierre-montr-al-9-2.jpg\",\"width\":1000,\"height\":668},{\"@type\":\"BreadcrumbList\",\"@id\":\"https:\\\/\\\/www.mbouchard.ca\\\/fr\\\/proprietes\\\/a-louer\\\/455-st-pierre-170-montreal-qc-copy\\\/#breadcrumb\",\"itemListElement\":[{\"@type\":\"ListItem\",\"position\":1,\"name\":\"Home\",\"item\":\"https:\\\/\\\/www.mbouchard.ca\\\/fr\\\/\"},{\"@type\":\"ListItem\",\"position\":2,\"name\":\"Shop\",\"item\":\"https:\\\/\\\/www.mbouchard.ca\\\/shop\\\/\"},{\"@type\":\"ListItem\",\"position\":3,\"name\":\"455 St-Pierre #280, Montreal, QC\"}]},{\"@type\":\"WebSite\",\"@id\":\"https:\\\/\\\/www.mbouchard.ca\\\/#website\",\"url\":\"https:\\\/\\\/www.mbouchard.ca\\\/\",\"name\":\"Michele Bouchard\",\"description\":\"Courtier immobilier \u00e0 Montreal\",\"potentialAction\":[{\"@type\":\"SearchAction\",\"target\":{\"@type\":\"EntryPoint\",\"urlTemplate\":\"https:\\\/\\\/www.mbouchard.ca\\\/?s={search_term_string}\"},\"query-input\":{\"@type\":\"PropertyValueSpecification\",\"valueRequired\":true,\"valueName\":\"search_term_string\"}}],\"inLanguage\":\"fr-FR\"}]}<\/script>\n<!-- \/ Yoast SEO plugin. -->","yoast_head_json":{"title":"455 St-Pierre #280, Montreal, QC - Michele Bouchard","robots":{"index":"index","follow":"follow","max-snippet":"max-snippet:-1","max-image-preview":"max-image-preview:large","max-video-preview":"max-video-preview:-1"},"canonical":"https:\/\/www.mbouchard.ca\/fr\/proprietes\/a-louer\/455-st-pierre-170-montreal-qc-copy\/","og_locale":"fr_FR","og_type":"article","og_title":"455 St-Pierre #280, Montreal, QC - Michele Bouchard","og_description":"Un bijou du Vieux-Port. D\u00e9couvrez le meilleur de la vie urbaine dans cet appartement de 2 chambres, 2 salles de bain avec un bureau suppl\u00e9mentaire, situ\u00e9 dans le magnifique immeuble Le Caverhill. Le premier \u00e9tage fait 937 pieds carr\u00e9s et la mezzanine 340 pieds carr\u00e9s selon les mesures prises par un arpenteur g\u00e9om\u00e8tre et communiqu\u00e9es au vendeur.  MLS: 12632229","og_url":"https:\/\/www.mbouchard.ca\/fr\/proprietes\/a-louer\/455-st-pierre-170-montreal-qc-copy\/","og_site_name":"Michele Bouchard","article_modified_time":"2025-07-28T20:18:02+00:00","og_image":[{"width":1000,"height":668,"url":"https:\/\/www.mbouchard.ca\/wp-content\/uploads\/2024\/01\/280-455-rue-saint-pierre-montr-al-9-2.jpg","type":"image\/jpeg"}],"twitter_card":"summary_large_image","twitter_misc":{"Dur\u00e9e de lecture estim\u00e9e":"3 minutes"},"schema":{"@context":"https:\/\/schema.org","@graph":[{"@type":"WebPage","@id":"https:\/\/www.mbouchard.ca\/fr\/proprietes\/a-louer\/455-st-pierre-170-montreal-qc-copy\/","url":"https:\/\/www.mbouchard.ca\/fr\/proprietes\/a-louer\/455-st-pierre-170-montreal-qc-copy\/","name":"455 St-Pierre #280, Montreal, QC - Michele Bouchard","isPartOf":{"@id":"https:\/\/www.mbouchard.ca\/#website"},"primaryImageOfPage":{"@id":"https:\/\/www.mbouchard.ca\/fr\/proprietes\/a-louer\/455-st-pierre-170-montreal-qc-copy\/#primaryimage"},"image":{"@id":"https:\/\/www.mbouchard.ca\/fr\/proprietes\/a-louer\/455-st-pierre-170-montreal-qc-copy\/#primaryimage"},"thumbnailUrl":"https:\/\/www.mbouchard.ca\/wp-content\/uploads\/2024\/01\/280-455-rue-saint-pierre-montr-al-9-2.jpg","datePublished":"2024-01-22T14:02:06+00:00","dateModified":"2025-07-28T20:18:02+00:00","breadcrumb":{"@id":"https:\/\/www.mbouchard.ca\/fr\/proprietes\/a-louer\/455-st-pierre-170-montreal-qc-copy\/#breadcrumb"},"inLanguage":"fr-FR","potentialAction":[{"@type":"ReadAction","target":["https:\/\/www.mbouchard.ca\/fr\/proprietes\/a-louer\/455-st-pierre-170-montreal-qc-copy\/"]}]},{"@type":"ImageObject","inLanguage":"fr-FR","@id":"https:\/\/www.mbouchard.ca\/fr\/proprietes\/a-louer\/455-st-pierre-170-montreal-qc-copy\/#primaryimage","url":"https:\/\/www.mbouchard.ca\/wp-content\/uploads\/2024\/01\/280-455-rue-saint-pierre-montr-al-9-2.jpg","contentUrl":"https:\/\/www.mbouchard.ca\/wp-content\/uploads\/2024\/01\/280-455-rue-saint-pierre-montr-al-9-2.jpg","width":1000,"height":668},{"@type":"BreadcrumbList","@id":"https:\/\/www.mbouchard.ca\/fr\/proprietes\/a-louer\/455-st-pierre-170-montreal-qc-copy\/#breadcrumb","itemListElement":[{"@type":"ListItem","position":1,"name":"Home","item":"https:\/\/www.mbouchard.ca\/fr\/"},{"@type":"ListItem","position":2,"name":"Shop","item":"https:\/\/www.mbouchard.ca\/shop\/"},{"@type":"ListItem","position":3,"name":"455 St-Pierre #280, Montreal, QC"}]},{"@type":"WebSite","@id":"https:\/\/www.mbouchard.ca\/#website","url":"https:\/\/www.mbouchard.ca\/","name":"Michele Bouchard","description":"Courtier immobilier \u00e0 Montreal","potentialAction":[{"@type":"SearchAction","target":{"@type":"EntryPoint","urlTemplate":"https:\/\/www.mbouchard.ca\/?s={search_term_string}"},"query-input":{"@type":"PropertyValueSpecification","valueRequired":true,"valueName":"search_term_string"}}],"inLanguage":"fr-FR"}]}},"_links":{"self":[{"href":"https:\/\/www.mbouchard.ca\/fr\/wp-json\/wp\/v2\/product\/6057","targetHints":{"allow":["GET"]}}],"collection":[{"href":"https:\/\/www.mbouchard.ca\/fr\/wp-json\/wp\/v2\/product"}],"about":[{"href":"https:\/\/www.mbouchard.ca\/fr\/wp-json\/wp\/v2\/types\/product"}],"author":[{"embeddable":true,"href":"https:\/\/www.mbouchard.ca\/fr\/wp-json\/wp\/v2\/users\/1"}],"wp:featuredmedia":[{"embeddable":true,"href":"https:\/\/www.mbouchard.ca\/fr\/wp-json\/wp\/v2\/media\/6501"}],"wp:attachment":[{"href":"https:\/\/www.mbouchard.ca\/fr\/wp-json\/wp\/v2\/media?parent=6057"}],"wp:term":[{"taxonomy":"product_brand","embeddable":true,"href":"https:\/\/www.mbouchard.ca\/fr\/wp-json\/wp\/v2\/product_brand?post=6057"},{"taxonomy":"product_cat","embeddable":true,"href":"https:\/\/www.mbouchard.ca\/fr\/wp-json\/wp\/v2\/product_cat?post=6057"},{"taxonomy":"product_tag","embeddable":true,"href":"https:\/\/www.mbouchard.ca\/fr\/wp-json\/wp\/v2\/product_tag?post=6057"}],"curies":[{"name":"wp","href":"https:\/\/api.w.org\/{rel}","templated":true}]}}