{"id":6165,"date":"2024-07-17T15:32:36","date_gmt":"2024-07-17T15:32:36","guid":{"rendered":"https:\/\/www.mbouchard.ca\/properties\/non%20class\u00e9\/34-st-paul-ouest-local-ged-gea-espace-commercial-a-montreal\/"},"modified":"2026-03-23T18:14:43","modified_gmt":"2026-03-23T18:14:43","slug":"34-st-paul-ouest-local-ged-gea-espace-commercial-a-montreal","status":"publish","type":"product","link":"https:\/\/www.mbouchard.ca\/fr\/proprietes\/a-vendre\/34-st-paul-ouest-local-ged-gea-espace-commercial-a-montreal\/","title":{"rendered":"34, rue Saint-Paul Ouest, local GED-GEA, espace commercial \u00e0 Montr\u00e9al"},"content":{"rendered":"<p>Caract\u00e9ristiques :<br \/>\n&#8211; 2 lots<br \/>\n&#8211; Acc\u00e8s \u00e0 un quai de chargement \u00e0 l\u2019arri\u00e8re<br \/>\n&#8211; Entr\u00e9e d\u2019eau possible<br \/>\n&#8211; Hauteur sous plafond exceptionnelle : 16 pieds au rez-de-chauss\u00e9e et 12,8 pieds au sous-sol (sous-plancher)<br \/>\n&#8211; Murs de briques et de pierres<br \/>\n&#8211; puits de lumi\u00e8re<br \/>\n&#8211; deux acc\u00e8s au sous-sol<\/p>\n<p>Le plancher de bois ajoute une touche d\u2019\u00e9l\u00e9gance et de chaleur, tandis que les poutres apparentes rappellent le caract\u00e8re original du b\u00e2timent. Chaque recoin de cet espace respire l\u2019histoire et le caract\u00e8re, offrant un cadre inspirant pour une vari\u00e9t\u00e9 d\u2019activit\u00e9s commerciales.<\/p>\n<p>Qu\u2019il s\u2019agisse d\u2019un studio d\u2019artiste, d\u2019une galerie d\u2019art, d\u2019un espace de cotravail, d\u2019une salle d\u2019exposition exclusive ou d\u2019une boutique haut de gamme, ce loft offre un potentiel infini pour ceux qui recherchent un lieu unique et remarquable.<\/p>\n<p>Ne manquez pas cette rare occasion de poss\u00e9der un morceau d\u2019histoire tout en profitant du confort et de la fonctionnalit\u00e9 d\u2019un espace moderne. Contactez-nous d\u00e8s aujourd\u2019hui pour planifier une visite et laissez-vous envo\u00fbter par le charme intemporel de ce loft commercial d\u2019exception.<\/p>\n<p><strong>Inclusions : <\/strong>Syst\u00e8me d\u2019alarme et de surveillance, foyer \u00e9lectrique, \u00e9clairage sur rails aux deux niveaux, syst\u00e8me d\u2019accrochage d\u2019\u0153uvres d\u2019art aux deux niveaux.<\/p>\n<p><strong>Exclusions :<\/strong> <span class=\"wrapped-field\">2 plafonniers au sous-sol<\/span><\/p>\n","protected":false},"excerpt":{"rendered":"<p>Emplacement Triple A. Loft commercial d\u2019une beaut\u00e9 exceptionnelle, alliant le charme d\u2019autrefois \u00e0 la modernit\u00e9. Nich\u00e9 au c\u0153ur du Vieux-Montr\u00e9al, ce loft commercial offre un espace unique o\u00f9 l\u2019histoire se marie harmonieusement au contemporain. Les murs de pierres et de briques, rappelant le pass\u00e9, cr\u00e9ent une ambiance chaleureuse et authentique. D\u00e8s que vous franchissez la porte, vous \u00eates accueilli par un espace a\u00e9r\u00e9, gr\u00e2ce \u00e0 des plafonds extr\u00eamement hauts qui procurent une sensation d\u2019espace in\u00e9gal\u00e9e. Les pi\u00e8ces spacieuses mettent en valeur chaque d\u00e9tail de ce magnifique loft.<\/p>\n<p><strong>MLS<\/strong> : 27117736<\/p>\n","protected":false},"author":1,"featured_media":4377,"template":"","meta":[],"product_brand":[],"product_cat":[108,159,154,116,161],"product_tag":[],"class_list":{"0":"post-6165","1":"product","2":"type-product","3":"status-publish","4":"has-post-thumbnail","6":"product_cat-a-vendre","7":"product_cat-a-vendre-ou-a-louer","8":"product_cat-appartement","9":"product_cat-vedettes","10":"product_cat-vente-commerciale","12":"first","13":"instock","14":"shipping-taxable","15":"purchasable","16":"product-type-simple"},"yoast_head":"<!-- This site is optimized with the Yoast SEO plugin v27.4 - https:\/\/yoast.com\/product\/yoast-seo-wordpress\/ -->\n<title>34, rue Saint-Paul Ouest, local GED-GEA, espace commercial \u00e0 Montr\u00e9al - Michele Bouchard<\/title>\n<meta name=\"robots\" content=\"index, follow, max-snippet:-1, max-image-preview:large, max-video-preview:-1\" \/>\n<link rel=\"canonical\" href=\"https:\/\/www.mbouchard.ca\/fr\/proprietes\/a-vendre\/34-st-paul-ouest-local-ged-gea-espace-commercial-a-montreal\/\" \/>\n<meta property=\"og:locale\" content=\"fr_FR\" \/>\n<meta property=\"og:type\" content=\"article\" \/>\n<meta property=\"og:title\" content=\"34, rue Saint-Paul Ouest, local GED-GEA, espace commercial \u00e0 Montr\u00e9al - Michele Bouchard\" \/>\n<meta property=\"og:description\" content=\"Emplacement Triple A. Loft commercial d\u2019une beaut\u00e9 exceptionnelle, alliant le charme d\u2019autrefois \u00e0 la modernit\u00e9. Nich\u00e9 au c\u0153ur du Vieux-Montr\u00e9al, ce loft commercial offre un espace unique o\u00f9 l\u2019histoire se marie harmonieusement au contemporain. Les murs de pierres et de briques, rappelant le pass\u00e9, cr\u00e9ent une ambiance chaleureuse et authentique. D\u00e8s que vous franchissez la porte, vous \u00eates accueilli par un espace a\u00e9r\u00e9, gr\u00e2ce \u00e0 des plafonds extr\u00eamement hauts qui procurent une sensation d\u2019espace in\u00e9gal\u00e9e. Les pi\u00e8ces spacieuses mettent en valeur chaque d\u00e9tail de ce magnifique loft. MLS : 27117736\" \/>\n<meta property=\"og:url\" content=\"https:\/\/www.mbouchard.ca\/fr\/proprietes\/a-vendre\/34-st-paul-ouest-local-ged-gea-espace-commercial-a-montreal\/\" \/>\n<meta property=\"og:site_name\" content=\"Michele Bouchard\" \/>\n<meta property=\"article:modified_time\" content=\"2026-03-23T18:14:43+00:00\" \/>\n<meta property=\"og:image\" content=\"https:\/\/www.mbouchard.ca\/wp-content\/uploads\/2017\/02\/sold.jpg\" \/>\n\t<meta property=\"og:image:width\" content=\"1152\" \/>\n\t<meta property=\"og:image:height\" content=\"768\" \/>\n\t<meta property=\"og:image:type\" content=\"image\/jpeg\" \/>\n<meta name=\"twitter:card\" content=\"summary_large_image\" \/>\n<meta name=\"twitter:label1\" content=\"Dur\u00e9e de lecture estim\u00e9e\" \/>\n\t<meta name=\"twitter:data1\" content=\"1 minute\" \/>\n<script type=\"application\/ld+json\" class=\"yoast-schema-graph\">{\"@context\":\"https:\\\/\\\/schema.org\",\"@graph\":[{\"@type\":\"WebPage\",\"@id\":\"https:\\\/\\\/www.mbouchard.ca\\\/fr\\\/proprietes\\\/a-vendre\\\/34-st-paul-ouest-local-ged-gea-espace-commercial-a-montreal\\\/\",\"url\":\"https:\\\/\\\/www.mbouchard.ca\\\/fr\\\/proprietes\\\/a-vendre\\\/34-st-paul-ouest-local-ged-gea-espace-commercial-a-montreal\\\/\",\"name\":\"34, rue Saint-Paul Ouest, local GED-GEA, espace commercial \u00e0 Montr\u00e9al - Michele Bouchard\",\"isPartOf\":{\"@id\":\"https:\\\/\\\/www.mbouchard.ca\\\/#website\"},\"primaryImageOfPage\":{\"@id\":\"https:\\\/\\\/www.mbouchard.ca\\\/fr\\\/proprietes\\\/a-vendre\\\/34-st-paul-ouest-local-ged-gea-espace-commercial-a-montreal\\\/#primaryimage\"},\"image\":{\"@id\":\"https:\\\/\\\/www.mbouchard.ca\\\/fr\\\/proprietes\\\/a-vendre\\\/34-st-paul-ouest-local-ged-gea-espace-commercial-a-montreal\\\/#primaryimage\"},\"thumbnailUrl\":\"https:\\\/\\\/www.mbouchard.ca\\\/wp-content\\\/uploads\\\/2017\\\/02\\\/sold.jpg\",\"datePublished\":\"2024-07-17T15:32:36+00:00\",\"dateModified\":\"2026-03-23T18:14:43+00:00\",\"breadcrumb\":{\"@id\":\"https:\\\/\\\/www.mbouchard.ca\\\/fr\\\/proprietes\\\/a-vendre\\\/34-st-paul-ouest-local-ged-gea-espace-commercial-a-montreal\\\/#breadcrumb\"},\"inLanguage\":\"fr-FR\",\"potentialAction\":[{\"@type\":\"ReadAction\",\"target\":[\"https:\\\/\\\/www.mbouchard.ca\\\/fr\\\/proprietes\\\/a-vendre\\\/34-st-paul-ouest-local-ged-gea-espace-commercial-a-montreal\\\/\"]}]},{\"@type\":\"ImageObject\",\"inLanguage\":\"fr-FR\",\"@id\":\"https:\\\/\\\/www.mbouchard.ca\\\/fr\\\/proprietes\\\/a-vendre\\\/34-st-paul-ouest-local-ged-gea-espace-commercial-a-montreal\\\/#primaryimage\",\"url\":\"https:\\\/\\\/www.mbouchard.ca\\\/wp-content\\\/uploads\\\/2017\\\/02\\\/sold.jpg\",\"contentUrl\":\"https:\\\/\\\/www.mbouchard.ca\\\/wp-content\\\/uploads\\\/2017\\\/02\\\/sold.jpg\",\"width\":1152,\"height\":768,\"caption\":\"Montr\u00e9al, Vieux-Montr\u00e9al, vendu, sold, lou\u00e9, location\"},{\"@type\":\"BreadcrumbList\",\"@id\":\"https:\\\/\\\/www.mbouchard.ca\\\/fr\\\/proprietes\\\/a-vendre\\\/34-st-paul-ouest-local-ged-gea-espace-commercial-a-montreal\\\/#breadcrumb\",\"itemListElement\":[{\"@type\":\"ListItem\",\"position\":1,\"name\":\"Home\",\"item\":\"https:\\\/\\\/www.mbouchard.ca\\\/fr\\\/\"},{\"@type\":\"ListItem\",\"position\":2,\"name\":\"Shop\",\"item\":\"https:\\\/\\\/www.mbouchard.ca\\\/shop\\\/\"},{\"@type\":\"ListItem\",\"position\":3,\"name\":\"34, rue Saint-Paul Ouest, local GED-GEA, espace commercial \u00e0 Montr\u00e9al\"}]},{\"@type\":\"WebSite\",\"@id\":\"https:\\\/\\\/www.mbouchard.ca\\\/#website\",\"url\":\"https:\\\/\\\/www.mbouchard.ca\\\/\",\"name\":\"Michele Bouchard\",\"description\":\"Courtier immobilier \u00e0 Montreal\",\"potentialAction\":[{\"@type\":\"SearchAction\",\"target\":{\"@type\":\"EntryPoint\",\"urlTemplate\":\"https:\\\/\\\/www.mbouchard.ca\\\/?s={search_term_string}\"},\"query-input\":{\"@type\":\"PropertyValueSpecification\",\"valueRequired\":true,\"valueName\":\"search_term_string\"}}],\"inLanguage\":\"fr-FR\"}]}<\/script>\n<!-- \/ Yoast SEO plugin. -->","yoast_head_json":{"title":"34, rue Saint-Paul Ouest, local GED-GEA, espace commercial \u00e0 Montr\u00e9al - Michele Bouchard","robots":{"index":"index","follow":"follow","max-snippet":"max-snippet:-1","max-image-preview":"max-image-preview:large","max-video-preview":"max-video-preview:-1"},"canonical":"https:\/\/www.mbouchard.ca\/fr\/proprietes\/a-vendre\/34-st-paul-ouest-local-ged-gea-espace-commercial-a-montreal\/","og_locale":"fr_FR","og_type":"article","og_title":"34, rue Saint-Paul Ouest, local GED-GEA, espace commercial \u00e0 Montr\u00e9al - Michele Bouchard","og_description":"Emplacement Triple A. Loft commercial d\u2019une beaut\u00e9 exceptionnelle, alliant le charme d\u2019autrefois \u00e0 la modernit\u00e9. Nich\u00e9 au c\u0153ur du Vieux-Montr\u00e9al, ce loft commercial offre un espace unique o\u00f9 l\u2019histoire se marie harmonieusement au contemporain. Les murs de pierres et de briques, rappelant le pass\u00e9, cr\u00e9ent une ambiance chaleureuse et authentique. D\u00e8s que vous franchissez la porte, vous \u00eates accueilli par un espace a\u00e9r\u00e9, gr\u00e2ce \u00e0 des plafonds extr\u00eamement hauts qui procurent une sensation d\u2019espace in\u00e9gal\u00e9e. Les pi\u00e8ces spacieuses mettent en valeur chaque d\u00e9tail de ce magnifique loft. MLS : 27117736","og_url":"https:\/\/www.mbouchard.ca\/fr\/proprietes\/a-vendre\/34-st-paul-ouest-local-ged-gea-espace-commercial-a-montreal\/","og_site_name":"Michele Bouchard","article_modified_time":"2026-03-23T18:14:43+00:00","og_image":[{"width":1152,"height":768,"url":"https:\/\/www.mbouchard.ca\/wp-content\/uploads\/2017\/02\/sold.jpg","type":"image\/jpeg"}],"twitter_card":"summary_large_image","twitter_misc":{"Dur\u00e9e de lecture estim\u00e9e":"1 minute"},"schema":{"@context":"https:\/\/schema.org","@graph":[{"@type":"WebPage","@id":"https:\/\/www.mbouchard.ca\/fr\/proprietes\/a-vendre\/34-st-paul-ouest-local-ged-gea-espace-commercial-a-montreal\/","url":"https:\/\/www.mbouchard.ca\/fr\/proprietes\/a-vendre\/34-st-paul-ouest-local-ged-gea-espace-commercial-a-montreal\/","name":"34, rue Saint-Paul Ouest, local GED-GEA, espace commercial \u00e0 Montr\u00e9al - Michele Bouchard","isPartOf":{"@id":"https:\/\/www.mbouchard.ca\/#website"},"primaryImageOfPage":{"@id":"https:\/\/www.mbouchard.ca\/fr\/proprietes\/a-vendre\/34-st-paul-ouest-local-ged-gea-espace-commercial-a-montreal\/#primaryimage"},"image":{"@id":"https:\/\/www.mbouchard.ca\/fr\/proprietes\/a-vendre\/34-st-paul-ouest-local-ged-gea-espace-commercial-a-montreal\/#primaryimage"},"thumbnailUrl":"https:\/\/www.mbouchard.ca\/wp-content\/uploads\/2017\/02\/sold.jpg","datePublished":"2024-07-17T15:32:36+00:00","dateModified":"2026-03-23T18:14:43+00:00","breadcrumb":{"@id":"https:\/\/www.mbouchard.ca\/fr\/proprietes\/a-vendre\/34-st-paul-ouest-local-ged-gea-espace-commercial-a-montreal\/#breadcrumb"},"inLanguage":"fr-FR","potentialAction":[{"@type":"ReadAction","target":["https:\/\/www.mbouchard.ca\/fr\/proprietes\/a-vendre\/34-st-paul-ouest-local-ged-gea-espace-commercial-a-montreal\/"]}]},{"@type":"ImageObject","inLanguage":"fr-FR","@id":"https:\/\/www.mbouchard.ca\/fr\/proprietes\/a-vendre\/34-st-paul-ouest-local-ged-gea-espace-commercial-a-montreal\/#primaryimage","url":"https:\/\/www.mbouchard.ca\/wp-content\/uploads\/2017\/02\/sold.jpg","contentUrl":"https:\/\/www.mbouchard.ca\/wp-content\/uploads\/2017\/02\/sold.jpg","width":1152,"height":768,"caption":"Montr\u00e9al, Vieux-Montr\u00e9al, vendu, sold, lou\u00e9, location"},{"@type":"BreadcrumbList","@id":"https:\/\/www.mbouchard.ca\/fr\/proprietes\/a-vendre\/34-st-paul-ouest-local-ged-gea-espace-commercial-a-montreal\/#breadcrumb","itemListElement":[{"@type":"ListItem","position":1,"name":"Home","item":"https:\/\/www.mbouchard.ca\/fr\/"},{"@type":"ListItem","position":2,"name":"Shop","item":"https:\/\/www.mbouchard.ca\/shop\/"},{"@type":"ListItem","position":3,"name":"34, rue Saint-Paul Ouest, local GED-GEA, espace commercial \u00e0 Montr\u00e9al"}]},{"@type":"WebSite","@id":"https:\/\/www.mbouchard.ca\/#website","url":"https:\/\/www.mbouchard.ca\/","name":"Michele Bouchard","description":"Courtier immobilier \u00e0 Montreal","potentialAction":[{"@type":"SearchAction","target":{"@type":"EntryPoint","urlTemplate":"https:\/\/www.mbouchard.ca\/?s={search_term_string}"},"query-input":{"@type":"PropertyValueSpecification","valueRequired":true,"valueName":"search_term_string"}}],"inLanguage":"fr-FR"}]}},"_links":{"self":[{"href":"https:\/\/www.mbouchard.ca\/fr\/wp-json\/wp\/v2\/product\/6165","targetHints":{"allow":["GET"]}}],"collection":[{"href":"https:\/\/www.mbouchard.ca\/fr\/wp-json\/wp\/v2\/product"}],"about":[{"href":"https:\/\/www.mbouchard.ca\/fr\/wp-json\/wp\/v2\/types\/product"}],"author":[{"embeddable":true,"href":"https:\/\/www.mbouchard.ca\/fr\/wp-json\/wp\/v2\/users\/1"}],"wp:featuredmedia":[{"embeddable":true,"href":"https:\/\/www.mbouchard.ca\/fr\/wp-json\/wp\/v2\/media\/4377"}],"wp:attachment":[{"href":"https:\/\/www.mbouchard.ca\/fr\/wp-json\/wp\/v2\/media?parent=6165"}],"wp:term":[{"taxonomy":"product_brand","embeddable":true,"href":"https:\/\/www.mbouchard.ca\/fr\/wp-json\/wp\/v2\/product_brand?post=6165"},{"taxonomy":"product_cat","embeddable":true,"href":"https:\/\/www.mbouchard.ca\/fr\/wp-json\/wp\/v2\/product_cat?post=6165"},{"taxonomy":"product_tag","embeddable":true,"href":"https:\/\/www.mbouchard.ca\/fr\/wp-json\/wp\/v2\/product_tag?post=6165"}],"curies":[{"name":"wp","href":"https:\/\/api.w.org\/{rel}","templated":true}]}}