{"id":6370,"date":"2024-12-09T17:45:44","date_gmt":"2024-12-09T17:45:44","guid":{"rendered":"https:\/\/www.mbouchard.ca\/properties\/non%20class\u00e9\/chalet-a-toulouse-en-france\/"},"modified":"2024-12-09T17:49:55","modified_gmt":"2024-12-09T17:49:55","slug":"chalet-a-toulouse-en-france","status":"publish","type":"product","link":"https:\/\/www.mbouchard.ca\/fr\/proprietes\/a-vendre-ou-a-louer\/chalet-a-toulouse-en-france\/","title":{"rendered":"Chalet \u00e0 Toulouse en France"},"content":{"rendered":"<p><a href=\"https:\/\/rivet-vigreux-immobilier.com\/t\/acheter\/vm900-rv31-maison-chalet-en-ariege\/\" target=\"_blank\" rel=\"noopener\">Cliquez ici pour voir le site officiel du bien<\/a><\/p>\n<p>Le prix est en $CAD, mais le prix r\u00e9el est en euro et est de 624,000 Euros<\/p>\n","protected":false},"excerpt":{"rendered":"<p>Au c\u0153ur des Pyr\u00e9n\u00e9es Ari\u00e9geoises, dans l\u2019ancien comt\u00e9 de Foix, cette imposante maison-chalet est n\u00e9e de l\u2018imagination du p\u00e8re du propri\u00e9taire actuel.<\/p>\n<p>D\u00e9veloppant une surface habitable d\u2019environ 210m\u00b2, la maison desservie par une entr\u00e9e monumentale dispose au premier niveau d\u2019un s\u00e9jour avec chemin\u00e9e de 54m\u00b2, d\u2019une cuisine am\u00e9nag\u00e9e, de trois chambres, d\u2019une salle de bains et d\u2019une salle d\u2019eau. Le rez-de-jardin peut parfaitement devenir un logement ind\u00e9pendant. Il offre un second s\u00e9jour, une cuisine, trois chambres suppl\u00e9mentaires et deux salles d\u2019eau; id\u00e9al pour une grande famille ou une activit\u00e9 \u00e0 domicile. D\u2019importants travaux ont \u00e9t\u00e9 r\u00e9alis\u00e9s dans les 5 derni\u00e8res ann\u00e9es et la maison est en parfait \u00e9tat.<\/p>\n<p>Elle est vendue enti\u00e8rement meubl\u00e9e. Une piscine r\u00e9cente, chauff\u00e9e avec pool house est magnifiquement int\u00e9gr\u00e9e dans un jardin paysager de plus de 7500m\u00b2. En sus une d\u00e9pendance de 90m\u00b2 constructible. Le village dispose de toutes les commodit\u00e9s. Cette maison, situ\u00e9e dans la zone NATURA 2000, offre un cadre de vie tout \u00e0 fait exceptionnel pour les amoureux de nature \u00e0 80 kms de Toulouse et 65 km de l\u2019Andorre<\/p>\n","protected":false},"author":1,"featured_media":6363,"template":"","meta":[],"product_brand":[],"product_cat":[159],"product_tag":[],"class_list":{"0":"post-6370","1":"product","2":"type-product","3":"status-publish","4":"has-post-thumbnail","6":"product_cat-a-vendre-ou-a-louer","8":"first","9":"instock","10":"shipping-taxable","11":"purchasable","12":"product-type-simple"},"yoast_head":"<!-- This site is optimized with the Yoast SEO plugin v27.4 - https:\/\/yoast.com\/product\/yoast-seo-wordpress\/ -->\n<title>Chalet \u00e0 Toulouse en France - Michele Bouchard<\/title>\n<meta name=\"robots\" content=\"index, follow, max-snippet:-1, max-image-preview:large, max-video-preview:-1\" \/>\n<link rel=\"canonical\" href=\"https:\/\/www.mbouchard.ca\/fr\/proprietes\/a-vendre-ou-a-louer\/chalet-a-toulouse-en-france\/\" \/>\n<meta property=\"og:locale\" content=\"fr_FR\" \/>\n<meta property=\"og:type\" content=\"article\" \/>\n<meta property=\"og:title\" content=\"Chalet \u00e0 Toulouse en France - Michele Bouchard\" \/>\n<meta property=\"og:description\" content=\"Au c\u0153ur des Pyr\u00e9n\u00e9es Ari\u00e9geoises, dans l\u2019ancien comt\u00e9 de Foix, cette imposante maison-chalet est n\u00e9e de l\u2018imagination du p\u00e8re du propri\u00e9taire actuel.  D\u00e9veloppant une surface habitable d\u2019environ 210m\u00b2, la maison desservie par une entr\u00e9e monumentale dispose au premier niveau d\u2019un s\u00e9jour avec chemin\u00e9e de 54m\u00b2, d\u2019une cuisine am\u00e9nag\u00e9e, de trois chambres, d\u2019une salle de bains et d\u2019une salle d\u2019eau. Le rez-de-jardin peut parfaitement devenir un logement ind\u00e9pendant. Il offre un second s\u00e9jour, une cuisine, trois chambres suppl\u00e9mentaires et deux salles d\u2019eau; id\u00e9al pour une grande famille ou une activit\u00e9 \u00e0 domicile. D\u2019importants travaux ont \u00e9t\u00e9 r\u00e9alis\u00e9s dans les 5 derni\u00e8res ann\u00e9es et la maison est en parfait \u00e9tat.  Elle est vendue enti\u00e8rement meubl\u00e9e. Une piscine r\u00e9cente, chauff\u00e9e avec pool house est magnifiquement int\u00e9gr\u00e9e dans un jardin paysager de plus de 7500m\u00b2. En sus une d\u00e9pendance de 90m\u00b2 constructible. Le village dispose de toutes les commodit\u00e9s. Cette maison, situ\u00e9e dans la zone NATURA 2000, offre un cadre de vie tout \u00e0 fait exceptionnel pour les amoureux de nature \u00e0 80 kms de Toulouse et 65 km de l\u2019Andorre\" \/>\n<meta property=\"og:url\" content=\"https:\/\/www.mbouchard.ca\/fr\/proprietes\/a-vendre-ou-a-louer\/chalet-a-toulouse-en-france\/\" \/>\n<meta property=\"og:site_name\" content=\"Michele Bouchard\" \/>\n<meta property=\"article:modified_time\" content=\"2024-12-09T17:49:55+00:00\" \/>\n<meta property=\"og:image\" content=\"https:\/\/www.mbouchard.ca\/wp-content\/uploads\/2024\/12\/Screenshot-2024-12-03-at-12.49.56\u202fPM-1024x788.png\" \/>\n\t<meta property=\"og:image:width\" content=\"1024\" \/>\n\t<meta property=\"og:image:height\" content=\"788\" \/>\n\t<meta property=\"og:image:type\" content=\"image\/png\" \/>\n<meta name=\"twitter:card\" content=\"summary_large_image\" \/>\n<script type=\"application\/ld+json\" class=\"yoast-schema-graph\">{\"@context\":\"https:\\\/\\\/schema.org\",\"@graph\":[{\"@type\":\"WebPage\",\"@id\":\"https:\\\/\\\/www.mbouchard.ca\\\/fr\\\/proprietes\\\/a-vendre-ou-a-louer\\\/chalet-a-toulouse-en-france\\\/\",\"url\":\"https:\\\/\\\/www.mbouchard.ca\\\/fr\\\/proprietes\\\/a-vendre-ou-a-louer\\\/chalet-a-toulouse-en-france\\\/\",\"name\":\"Chalet \u00e0 Toulouse en France - Michele Bouchard\",\"isPartOf\":{\"@id\":\"https:\\\/\\\/www.mbouchard.ca\\\/#website\"},\"primaryImageOfPage\":{\"@id\":\"https:\\\/\\\/www.mbouchard.ca\\\/fr\\\/proprietes\\\/a-vendre-ou-a-louer\\\/chalet-a-toulouse-en-france\\\/#primaryimage\"},\"image\":{\"@id\":\"https:\\\/\\\/www.mbouchard.ca\\\/fr\\\/proprietes\\\/a-vendre-ou-a-louer\\\/chalet-a-toulouse-en-france\\\/#primaryimage\"},\"thumbnailUrl\":\"https:\\\/\\\/www.mbouchard.ca\\\/wp-content\\\/uploads\\\/2024\\\/12\\\/Screenshot-2024-12-03-at-12.49.56\u202fPM.png\",\"datePublished\":\"2024-12-09T17:45:44+00:00\",\"dateModified\":\"2024-12-09T17:49:55+00:00\",\"breadcrumb\":{\"@id\":\"https:\\\/\\\/www.mbouchard.ca\\\/fr\\\/proprietes\\\/a-vendre-ou-a-louer\\\/chalet-a-toulouse-en-france\\\/#breadcrumb\"},\"inLanguage\":\"fr-FR\",\"potentialAction\":[{\"@type\":\"ReadAction\",\"target\":[\"https:\\\/\\\/www.mbouchard.ca\\\/fr\\\/proprietes\\\/a-vendre-ou-a-louer\\\/chalet-a-toulouse-en-france\\\/\"]}]},{\"@type\":\"ImageObject\",\"inLanguage\":\"fr-FR\",\"@id\":\"https:\\\/\\\/www.mbouchard.ca\\\/fr\\\/proprietes\\\/a-vendre-ou-a-louer\\\/chalet-a-toulouse-en-france\\\/#primaryimage\",\"url\":\"https:\\\/\\\/www.mbouchard.ca\\\/wp-content\\\/uploads\\\/2024\\\/12\\\/Screenshot-2024-12-03-at-12.49.56\u202fPM.png\",\"contentUrl\":\"https:\\\/\\\/www.mbouchard.ca\\\/wp-content\\\/uploads\\\/2024\\\/12\\\/Screenshot-2024-12-03-at-12.49.56\u202fPM.png\",\"width\":1760,\"height\":1354},{\"@type\":\"BreadcrumbList\",\"@id\":\"https:\\\/\\\/www.mbouchard.ca\\\/fr\\\/proprietes\\\/a-vendre-ou-a-louer\\\/chalet-a-toulouse-en-france\\\/#breadcrumb\",\"itemListElement\":[{\"@type\":\"ListItem\",\"position\":1,\"name\":\"Home\",\"item\":\"https:\\\/\\\/www.mbouchard.ca\\\/fr\\\/\"},{\"@type\":\"ListItem\",\"position\":2,\"name\":\"Shop\",\"item\":\"https:\\\/\\\/www.mbouchard.ca\\\/shop\\\/\"},{\"@type\":\"ListItem\",\"position\":3,\"name\":\"Chalet \u00e0 Toulouse en France\"}]},{\"@type\":\"WebSite\",\"@id\":\"https:\\\/\\\/www.mbouchard.ca\\\/#website\",\"url\":\"https:\\\/\\\/www.mbouchard.ca\\\/\",\"name\":\"Michele Bouchard\",\"description\":\"Courtier immobilier \u00e0 Montreal\",\"potentialAction\":[{\"@type\":\"SearchAction\",\"target\":{\"@type\":\"EntryPoint\",\"urlTemplate\":\"https:\\\/\\\/www.mbouchard.ca\\\/?s={search_term_string}\"},\"query-input\":{\"@type\":\"PropertyValueSpecification\",\"valueRequired\":true,\"valueName\":\"search_term_string\"}}],\"inLanguage\":\"fr-FR\"}]}<\/script>\n<!-- \/ Yoast SEO plugin. -->","yoast_head_json":{"title":"Chalet \u00e0 Toulouse en France - Michele Bouchard","robots":{"index":"index","follow":"follow","max-snippet":"max-snippet:-1","max-image-preview":"max-image-preview:large","max-video-preview":"max-video-preview:-1"},"canonical":"https:\/\/www.mbouchard.ca\/fr\/proprietes\/a-vendre-ou-a-louer\/chalet-a-toulouse-en-france\/","og_locale":"fr_FR","og_type":"article","og_title":"Chalet \u00e0 Toulouse en France - Michele Bouchard","og_description":"Au c\u0153ur des Pyr\u00e9n\u00e9es Ari\u00e9geoises, dans l\u2019ancien comt\u00e9 de Foix, cette imposante maison-chalet est n\u00e9e de l\u2018imagination du p\u00e8re du propri\u00e9taire actuel.  D\u00e9veloppant une surface habitable d\u2019environ 210m\u00b2, la maison desservie par une entr\u00e9e monumentale dispose au premier niveau d\u2019un s\u00e9jour avec chemin\u00e9e de 54m\u00b2, d\u2019une cuisine am\u00e9nag\u00e9e, de trois chambres, d\u2019une salle de bains et d\u2019une salle d\u2019eau. Le rez-de-jardin peut parfaitement devenir un logement ind\u00e9pendant. Il offre un second s\u00e9jour, une cuisine, trois chambres suppl\u00e9mentaires et deux salles d\u2019eau; id\u00e9al pour une grande famille ou une activit\u00e9 \u00e0 domicile. D\u2019importants travaux ont \u00e9t\u00e9 r\u00e9alis\u00e9s dans les 5 derni\u00e8res ann\u00e9es et la maison est en parfait \u00e9tat.  Elle est vendue enti\u00e8rement meubl\u00e9e. Une piscine r\u00e9cente, chauff\u00e9e avec pool house est magnifiquement int\u00e9gr\u00e9e dans un jardin paysager de plus de 7500m\u00b2. En sus une d\u00e9pendance de 90m\u00b2 constructible. Le village dispose de toutes les commodit\u00e9s. Cette maison, situ\u00e9e dans la zone NATURA 2000, offre un cadre de vie tout \u00e0 fait exceptionnel pour les amoureux de nature \u00e0 80 kms de Toulouse et 65 km de l\u2019Andorre","og_url":"https:\/\/www.mbouchard.ca\/fr\/proprietes\/a-vendre-ou-a-louer\/chalet-a-toulouse-en-france\/","og_site_name":"Michele Bouchard","article_modified_time":"2024-12-09T17:49:55+00:00","og_image":[{"width":1024,"height":788,"url":"https:\/\/www.mbouchard.ca\/wp-content\/uploads\/2024\/12\/Screenshot-2024-12-03-at-12.49.56\u202fPM-1024x788.png","type":"image\/png"}],"twitter_card":"summary_large_image","schema":{"@context":"https:\/\/schema.org","@graph":[{"@type":"WebPage","@id":"https:\/\/www.mbouchard.ca\/fr\/proprietes\/a-vendre-ou-a-louer\/chalet-a-toulouse-en-france\/","url":"https:\/\/www.mbouchard.ca\/fr\/proprietes\/a-vendre-ou-a-louer\/chalet-a-toulouse-en-france\/","name":"Chalet \u00e0 Toulouse en France - Michele Bouchard","isPartOf":{"@id":"https:\/\/www.mbouchard.ca\/#website"},"primaryImageOfPage":{"@id":"https:\/\/www.mbouchard.ca\/fr\/proprietes\/a-vendre-ou-a-louer\/chalet-a-toulouse-en-france\/#primaryimage"},"image":{"@id":"https:\/\/www.mbouchard.ca\/fr\/proprietes\/a-vendre-ou-a-louer\/chalet-a-toulouse-en-france\/#primaryimage"},"thumbnailUrl":"https:\/\/www.mbouchard.ca\/wp-content\/uploads\/2024\/12\/Screenshot-2024-12-03-at-12.49.56\u202fPM.png","datePublished":"2024-12-09T17:45:44+00:00","dateModified":"2024-12-09T17:49:55+00:00","breadcrumb":{"@id":"https:\/\/www.mbouchard.ca\/fr\/proprietes\/a-vendre-ou-a-louer\/chalet-a-toulouse-en-france\/#breadcrumb"},"inLanguage":"fr-FR","potentialAction":[{"@type":"ReadAction","target":["https:\/\/www.mbouchard.ca\/fr\/proprietes\/a-vendre-ou-a-louer\/chalet-a-toulouse-en-france\/"]}]},{"@type":"ImageObject","inLanguage":"fr-FR","@id":"https:\/\/www.mbouchard.ca\/fr\/proprietes\/a-vendre-ou-a-louer\/chalet-a-toulouse-en-france\/#primaryimage","url":"https:\/\/www.mbouchard.ca\/wp-content\/uploads\/2024\/12\/Screenshot-2024-12-03-at-12.49.56\u202fPM.png","contentUrl":"https:\/\/www.mbouchard.ca\/wp-content\/uploads\/2024\/12\/Screenshot-2024-12-03-at-12.49.56\u202fPM.png","width":1760,"height":1354},{"@type":"BreadcrumbList","@id":"https:\/\/www.mbouchard.ca\/fr\/proprietes\/a-vendre-ou-a-louer\/chalet-a-toulouse-en-france\/#breadcrumb","itemListElement":[{"@type":"ListItem","position":1,"name":"Home","item":"https:\/\/www.mbouchard.ca\/fr\/"},{"@type":"ListItem","position":2,"name":"Shop","item":"https:\/\/www.mbouchard.ca\/shop\/"},{"@type":"ListItem","position":3,"name":"Chalet \u00e0 Toulouse en France"}]},{"@type":"WebSite","@id":"https:\/\/www.mbouchard.ca\/#website","url":"https:\/\/www.mbouchard.ca\/","name":"Michele Bouchard","description":"Courtier immobilier \u00e0 Montreal","potentialAction":[{"@type":"SearchAction","target":{"@type":"EntryPoint","urlTemplate":"https:\/\/www.mbouchard.ca\/?s={search_term_string}"},"query-input":{"@type":"PropertyValueSpecification","valueRequired":true,"valueName":"search_term_string"}}],"inLanguage":"fr-FR"}]}},"_links":{"self":[{"href":"https:\/\/www.mbouchard.ca\/fr\/wp-json\/wp\/v2\/product\/6370","targetHints":{"allow":["GET"]}}],"collection":[{"href":"https:\/\/www.mbouchard.ca\/fr\/wp-json\/wp\/v2\/product"}],"about":[{"href":"https:\/\/www.mbouchard.ca\/fr\/wp-json\/wp\/v2\/types\/product"}],"author":[{"embeddable":true,"href":"https:\/\/www.mbouchard.ca\/fr\/wp-json\/wp\/v2\/users\/1"}],"wp:featuredmedia":[{"embeddable":true,"href":"https:\/\/www.mbouchard.ca\/fr\/wp-json\/wp\/v2\/media\/6363"}],"wp:attachment":[{"href":"https:\/\/www.mbouchard.ca\/fr\/wp-json\/wp\/v2\/media?parent=6370"}],"wp:term":[{"taxonomy":"product_brand","embeddable":true,"href":"https:\/\/www.mbouchard.ca\/fr\/wp-json\/wp\/v2\/product_brand?post=6370"},{"taxonomy":"product_cat","embeddable":true,"href":"https:\/\/www.mbouchard.ca\/fr\/wp-json\/wp\/v2\/product_cat?post=6370"},{"taxonomy":"product_tag","embeddable":true,"href":"https:\/\/www.mbouchard.ca\/fr\/wp-json\/wp\/v2\/product_tag?post=6370"}],"curies":[{"name":"wp","href":"https:\/\/api.w.org\/{rel}","templated":true}]}}