{"id":6567,"date":"2025-09-23T18:29:55","date_gmt":"2025-09-23T18:29:55","guid":{"rendered":"https:\/\/www.mbouchard.ca\/properties\/non class\u00e9\/5068-5070-rivard-plateau-montreal\/"},"modified":"2025-09-23T18:29:55","modified_gmt":"2025-09-23T18:29:55","slug":"5068-5070-rivard-plateau-montreal","status":"publish","type":"product","link":"https:\/\/www.mbouchard.ca\/fr\/proprietes\/a-vendre\/5068-5070-rivard-plateau-montreal\/","title":{"rendered":"5068-5070 Rivard, Plateau, Montreal"},"content":{"rendered":"<p>Situ\u00e9 en plein coeur du Plateau, localisation exceptionnelle, vous serez s\u00e9duit par ce bien immobilier avec un potentiel extraordinaire. \u00c0 une dizaine de m\u00e8tres du m\u00e9tro Laurier.<\/p>\n<p>Un nouveau certificat de localisation est en commande.<\/p>\n<p>Inclusions: Tous les \u00e9lectrom\u00e9nagers sur place dans les deux unit\u00e9s. L&#8217;air climatis\u00e9 amovible du RDC. L&#8217;armoire en bois du RDC, celle dans la chambre face a la rue Rivard.Certains bureaux meubles.<\/p>\n","protected":false},"excerpt":{"rendered":"<p>Duplex vintage &#8212; Grand potentiel au coeur du Plateau Situ\u00e9 dans l&#8217;un des quartiers les plus recherch\u00e9s de Montr\u00e9al, ce vaste duplex offre une occasion unique pour les investisseurs ou acheteurs \u00e0 la recherche d&#8217;un bien \u00e0 moderniser ou \u00e0 remettre au gout du jour. Avec ses grandes superficies, ses multiples chambres et sa luminosit\u00e9 naturelle, chaque unit\u00e9 propose un espace de vie g\u00e9n\u00e9reux et flexible, id\u00e9al pour cr\u00e9er la maison de vos r\u00eaves ou un immeuble \u00e0 revenus attrayant. L&#8217;emplacement est exceptionnel : \u00e0 proximit\u00e9 des parcs, des caf\u00e9s, des restaurants, des \u00e9coles et du transport en commun. Un immeuble rare sur le march\u00e9.<\/p>\n","protected":false},"author":1,"featured_media":6546,"template":"","meta":[],"product_brand":[],"product_cat":[108,159,116,156],"product_tag":[],"class_list":{"0":"post-6567","1":"product","2":"type-product","3":"status-publish","4":"has-post-thumbnail","6":"product_cat-a-vendre","7":"product_cat-a-vendre-ou-a-louer","8":"product_cat-vedettes","9":"product_cat-vente-residentielle","11":"first","12":"instock","13":"shipping-taxable","14":"purchasable","15":"product-type-simple"},"yoast_head":"<!-- This site is optimized with the Yoast SEO plugin v27.4 - https:\/\/yoast.com\/product\/yoast-seo-wordpress\/ -->\n<title>5068-5070 Rivard, Plateau, Montreal - Michele Bouchard<\/title>\n<meta name=\"robots\" content=\"index, follow, max-snippet:-1, max-image-preview:large, max-video-preview:-1\" \/>\n<link rel=\"canonical\" href=\"https:\/\/www.mbouchard.ca\/fr\/proprietes\/non%20class\u00e9\/5068-5070-rivard-plateau-montreal\/\" \/>\n<meta property=\"og:locale\" content=\"fr_FR\" \/>\n<meta property=\"og:type\" content=\"article\" \/>\n<meta property=\"og:title\" content=\"5068-5070 Rivard, Plateau, Montreal - Michele Bouchard\" \/>\n<meta property=\"og:description\" content=\"Duplex vintage -- Grand potentiel au coeur du Plateau Situ\u00e9 dans l&#039;un des quartiers les plus recherch\u00e9s de Montr\u00e9al, ce vaste duplex offre une occasion unique pour les investisseurs ou acheteurs \u00e0 la recherche d&#039;un bien \u00e0 moderniser ou \u00e0 remettre au gout du jour. Avec ses grandes superficies, ses multiples chambres et sa luminosit\u00e9 naturelle, chaque unit\u00e9 propose un espace de vie g\u00e9n\u00e9reux et flexible, id\u00e9al pour cr\u00e9er la maison de vos r\u00eaves ou un immeuble \u00e0 revenus attrayant. L&#039;emplacement est exceptionnel : \u00e0 proximit\u00e9 des parcs, des caf\u00e9s, des restaurants, des \u00e9coles et du transport en commun. Un immeuble rare sur le march\u00e9.\" \/>\n<meta property=\"og:url\" content=\"https:\/\/www.mbouchard.ca\/fr\/proprietes\/non class\u00e9\/5068-5070-rivard-plateau-montreal\/\" \/>\n<meta property=\"og:site_name\" content=\"Michele Bouchard\" \/>\n<meta property=\"og:image\" content=\"https:\/\/www.mbouchard.ca\/wp-content\/uploads\/2025\/09\/5068-rue-rivard-montr-al-2.jpg\" \/>\n\t<meta property=\"og:image:width\" content=\"1000\" \/>\n\t<meta property=\"og:image:height\" content=\"668\" \/>\n\t<meta property=\"og:image:type\" content=\"image\/jpeg\" \/>\n<meta name=\"twitter:card\" content=\"summary_large_image\" \/>\n<script type=\"application\/ld+json\" class=\"yoast-schema-graph\">{\"@context\":\"https:\\\/\\\/schema.org\",\"@graph\":[{\"@type\":\"WebPage\",\"@id\":\"https:\\\/\\\/www.mbouchard.ca\\\/fr\\\/proprietes\\\/non class\u00e9\\\/5068-5070-rivard-plateau-montreal\\\/\",\"url\":\"https:\\\/\\\/www.mbouchard.ca\\\/fr\\\/proprietes\\\/non class\u00e9\\\/5068-5070-rivard-plateau-montreal\\\/\",\"name\":\"5068-5070 Rivard, Plateau, Montreal - Michele Bouchard\",\"isPartOf\":{\"@id\":\"https:\\\/\\\/www.mbouchard.ca\\\/#website\"},\"primaryImageOfPage\":{\"@id\":\"https:\\\/\\\/www.mbouchard.ca\\\/fr\\\/proprietes\\\/non class\u00e9\\\/5068-5070-rivard-plateau-montreal\\\/#primaryimage\"},\"image\":{\"@id\":\"https:\\\/\\\/www.mbouchard.ca\\\/fr\\\/proprietes\\\/non class\u00e9\\\/5068-5070-rivard-plateau-montreal\\\/#primaryimage\"},\"thumbnailUrl\":\"https:\\\/\\\/www.mbouchard.ca\\\/wp-content\\\/uploads\\\/2025\\\/09\\\/5068-rue-rivard-montr-al-2.jpg\",\"datePublished\":\"2025-09-23T18:29:55+00:00\",\"breadcrumb\":{\"@id\":\"https:\\\/\\\/www.mbouchard.ca\\\/fr\\\/proprietes\\\/non class\u00e9\\\/5068-5070-rivard-plateau-montreal\\\/#breadcrumb\"},\"inLanguage\":\"fr-FR\",\"potentialAction\":[{\"@type\":\"ReadAction\",\"target\":[\"https:\\\/\\\/www.mbouchard.ca\\\/fr\\\/proprietes\\\/non class\u00e9\\\/5068-5070-rivard-plateau-montreal\\\/\"]}]},{\"@type\":\"ImageObject\",\"inLanguage\":\"fr-FR\",\"@id\":\"https:\\\/\\\/www.mbouchard.ca\\\/fr\\\/proprietes\\\/non class\u00e9\\\/5068-5070-rivard-plateau-montreal\\\/#primaryimage\",\"url\":\"https:\\\/\\\/www.mbouchard.ca\\\/wp-content\\\/uploads\\\/2025\\\/09\\\/5068-rue-rivard-montr-al-2.jpg\",\"contentUrl\":\"https:\\\/\\\/www.mbouchard.ca\\\/wp-content\\\/uploads\\\/2025\\\/09\\\/5068-rue-rivard-montr-al-2.jpg\",\"width\":1000,\"height\":668},{\"@type\":\"BreadcrumbList\",\"@id\":\"https:\\\/\\\/www.mbouchard.ca\\\/fr\\\/proprietes\\\/non class\u00e9\\\/5068-5070-rivard-plateau-montreal\\\/#breadcrumb\",\"itemListElement\":[{\"@type\":\"ListItem\",\"position\":1,\"name\":\"Home\",\"item\":\"https:\\\/\\\/www.mbouchard.ca\\\/fr\\\/\"},{\"@type\":\"ListItem\",\"position\":2,\"name\":\"Shop\",\"item\":\"https:\\\/\\\/www.mbouchard.ca\\\/shop\\\/\"},{\"@type\":\"ListItem\",\"position\":3,\"name\":\"5068-5070 Rivard, Plateau, Montreal\"}]},{\"@type\":\"WebSite\",\"@id\":\"https:\\\/\\\/www.mbouchard.ca\\\/#website\",\"url\":\"https:\\\/\\\/www.mbouchard.ca\\\/\",\"name\":\"Michele Bouchard\",\"description\":\"Courtier immobilier \u00e0 Montreal\",\"potentialAction\":[{\"@type\":\"SearchAction\",\"target\":{\"@type\":\"EntryPoint\",\"urlTemplate\":\"https:\\\/\\\/www.mbouchard.ca\\\/?s={search_term_string}\"},\"query-input\":{\"@type\":\"PropertyValueSpecification\",\"valueRequired\":true,\"valueName\":\"search_term_string\"}}],\"inLanguage\":\"fr-FR\"}]}<\/script>\n<!-- \/ Yoast SEO plugin. -->","yoast_head_json":{"title":"5068-5070 Rivard, Plateau, Montreal - Michele Bouchard","robots":{"index":"index","follow":"follow","max-snippet":"max-snippet:-1","max-image-preview":"max-image-preview:large","max-video-preview":"max-video-preview:-1"},"canonical":"https:\/\/www.mbouchard.ca\/fr\/proprietes\/non class\u00e9\/5068-5070-rivard-plateau-montreal\/","og_locale":"fr_FR","og_type":"article","og_title":"5068-5070 Rivard, Plateau, Montreal - Michele Bouchard","og_description":"Duplex vintage -- Grand potentiel au coeur du Plateau Situ\u00e9 dans l'un des quartiers les plus recherch\u00e9s de Montr\u00e9al, ce vaste duplex offre une occasion unique pour les investisseurs ou acheteurs \u00e0 la recherche d'un bien \u00e0 moderniser ou \u00e0 remettre au gout du jour. Avec ses grandes superficies, ses multiples chambres et sa luminosit\u00e9 naturelle, chaque unit\u00e9 propose un espace de vie g\u00e9n\u00e9reux et flexible, id\u00e9al pour cr\u00e9er la maison de vos r\u00eaves ou un immeuble \u00e0 revenus attrayant. L'emplacement est exceptionnel : \u00e0 proximit\u00e9 des parcs, des caf\u00e9s, des restaurants, des \u00e9coles et du transport en commun. Un immeuble rare sur le march\u00e9.","og_url":"https:\/\/www.mbouchard.ca\/fr\/proprietes\/non class\u00e9\/5068-5070-rivard-plateau-montreal\/","og_site_name":"Michele Bouchard","og_image":[{"width":1000,"height":668,"url":"https:\/\/www.mbouchard.ca\/wp-content\/uploads\/2025\/09\/5068-rue-rivard-montr-al-2.jpg","type":"image\/jpeg"}],"twitter_card":"summary_large_image","schema":{"@context":"https:\/\/schema.org","@graph":[{"@type":"WebPage","@id":"https:\/\/www.mbouchard.ca\/fr\/proprietes\/non class\u00e9\/5068-5070-rivard-plateau-montreal\/","url":"https:\/\/www.mbouchard.ca\/fr\/proprietes\/non class\u00e9\/5068-5070-rivard-plateau-montreal\/","name":"5068-5070 Rivard, Plateau, Montreal - Michele Bouchard","isPartOf":{"@id":"https:\/\/www.mbouchard.ca\/#website"},"primaryImageOfPage":{"@id":"https:\/\/www.mbouchard.ca\/fr\/proprietes\/non class\u00e9\/5068-5070-rivard-plateau-montreal\/#primaryimage"},"image":{"@id":"https:\/\/www.mbouchard.ca\/fr\/proprietes\/non class\u00e9\/5068-5070-rivard-plateau-montreal\/#primaryimage"},"thumbnailUrl":"https:\/\/www.mbouchard.ca\/wp-content\/uploads\/2025\/09\/5068-rue-rivard-montr-al-2.jpg","datePublished":"2025-09-23T18:29:55+00:00","breadcrumb":{"@id":"https:\/\/www.mbouchard.ca\/fr\/proprietes\/non class\u00e9\/5068-5070-rivard-plateau-montreal\/#breadcrumb"},"inLanguage":"fr-FR","potentialAction":[{"@type":"ReadAction","target":["https:\/\/www.mbouchard.ca\/fr\/proprietes\/non class\u00e9\/5068-5070-rivard-plateau-montreal\/"]}]},{"@type":"ImageObject","inLanguage":"fr-FR","@id":"https:\/\/www.mbouchard.ca\/fr\/proprietes\/non class\u00e9\/5068-5070-rivard-plateau-montreal\/#primaryimage","url":"https:\/\/www.mbouchard.ca\/wp-content\/uploads\/2025\/09\/5068-rue-rivard-montr-al-2.jpg","contentUrl":"https:\/\/www.mbouchard.ca\/wp-content\/uploads\/2025\/09\/5068-rue-rivard-montr-al-2.jpg","width":1000,"height":668},{"@type":"BreadcrumbList","@id":"https:\/\/www.mbouchard.ca\/fr\/proprietes\/non class\u00e9\/5068-5070-rivard-plateau-montreal\/#breadcrumb","itemListElement":[{"@type":"ListItem","position":1,"name":"Home","item":"https:\/\/www.mbouchard.ca\/fr\/"},{"@type":"ListItem","position":2,"name":"Shop","item":"https:\/\/www.mbouchard.ca\/shop\/"},{"@type":"ListItem","position":3,"name":"5068-5070 Rivard, Plateau, Montreal"}]},{"@type":"WebSite","@id":"https:\/\/www.mbouchard.ca\/#website","url":"https:\/\/www.mbouchard.ca\/","name":"Michele Bouchard","description":"Courtier immobilier \u00e0 Montreal","potentialAction":[{"@type":"SearchAction","target":{"@type":"EntryPoint","urlTemplate":"https:\/\/www.mbouchard.ca\/?s={search_term_string}"},"query-input":{"@type":"PropertyValueSpecification","valueRequired":true,"valueName":"search_term_string"}}],"inLanguage":"fr-FR"}]}},"_links":{"self":[{"href":"https:\/\/www.mbouchard.ca\/fr\/wp-json\/wp\/v2\/product\/6567","targetHints":{"allow":["GET"]}}],"collection":[{"href":"https:\/\/www.mbouchard.ca\/fr\/wp-json\/wp\/v2\/product"}],"about":[{"href":"https:\/\/www.mbouchard.ca\/fr\/wp-json\/wp\/v2\/types\/product"}],"author":[{"embeddable":true,"href":"https:\/\/www.mbouchard.ca\/fr\/wp-json\/wp\/v2\/users\/1"}],"wp:featuredmedia":[{"embeddable":true,"href":"https:\/\/www.mbouchard.ca\/fr\/wp-json\/wp\/v2\/media\/6546"}],"wp:attachment":[{"href":"https:\/\/www.mbouchard.ca\/fr\/wp-json\/wp\/v2\/media?parent=6567"}],"wp:term":[{"taxonomy":"product_brand","embeddable":true,"href":"https:\/\/www.mbouchard.ca\/fr\/wp-json\/wp\/v2\/product_brand?post=6567"},{"taxonomy":"product_cat","embeddable":true,"href":"https:\/\/www.mbouchard.ca\/fr\/wp-json\/wp\/v2\/product_cat?post=6567"},{"taxonomy":"product_tag","embeddable":true,"href":"https:\/\/www.mbouchard.ca\/fr\/wp-json\/wp\/v2\/product_tag?post=6567"}],"curies":[{"name":"wp","href":"https:\/\/api.w.org\/{rel}","templated":true}]}}