{"id":6589,"date":"2025-10-28T20:10:50","date_gmt":"2025-10-28T20:10:50","guid":{"rendered":"https:\/\/www.mbouchard.ca\/properties\/non%20class\u00e9\/443-st-claude\/"},"modified":"2025-10-28T20:24:51","modified_gmt":"2025-10-28T20:24:51","slug":"443-st-claude","status":"publish","type":"product","link":"https:\/\/www.mbouchard.ca\/fr\/proprietes\/a-vendre\/443-st-claude\/","title":{"rendered":"443 St-Claude, Vieux-Montreal"},"content":{"rendered":"<p>Magnifique local commercial cl\u00e9 en main dans un immeuble historique.Situ\u00e9 dans un immeuble \u00e0 caract\u00e8re historique, ce local commercial exceptionnel b\u00e9n\u00e9ficie d&#8217;une localisation de premier choix, au coeur d&#8217;un secteur recherch\u00e9 \u00e0 fort potentiel. R\u00e9parti sur deux \u00e9tages, un rez-de-chauss\u00e9e spacieux et un entre-sol fonctionnel totalisant 3476 Pieds carr\u00e9s. Ce local dispose de sa propre entr\u00e9e priv\u00e9e, assurant intimit\u00e9 et accessibilit\u00e9. Enti\u00e8rement r\u00e9nov\u00e9 avec un soin remarquable,il allie le charme de l&#8217;ancien \u00e0 une r\u00e9novation haut de gamme : mat\u00e9riaux de qualit\u00e9, finitions soign\u00e9es, et design contemporain.<\/p>\n","protected":false},"excerpt":{"rendered":"<p><span class=\"formula field d15835m33\">Ce local est cl\u00e9 en main : aucune r\u00e9novation \u00e0 pr\u00e9voir. Il est parfaitement adapt\u00e9 \u00e0 une vari\u00e9t\u00e9 de projets professionnels (boutique, bureau, galerie, etc.) et peut \u00e9galement \u00eatre converti en usage r\u00e9sidentiel, sous r\u00e9serve des autorisations n\u00e9cessaires.<\/span><\/p>\n<p>Un nouveau certificat de localisation sera command\u00e9.<\/p>\n<p>Important: \u00c0 noter que la superficie du rez de chauss\u00e9e fait 1738 PC et nous retrouvons la m^me superficie \u00e0 l&#8217;entre-sol pour un total de 3476 PC. L&#8217;occupation peut \u00eatre discuter.<br \/>\nLes visites doivent se faire apr\u00e8s 18:00 hrs du lundi au vendredi.<\/p>\n<p>Merci de noter que le prix est + TPS\/TVQ<\/p>\n","protected":false},"author":1,"featured_media":6576,"template":"","meta":[],"product_brand":[],"product_cat":[108,159,116],"product_tag":[],"class_list":{"0":"post-6589","1":"product","2":"type-product","3":"status-publish","4":"has-post-thumbnail","6":"product_cat-a-vendre","7":"product_cat-a-vendre-ou-a-louer","8":"product_cat-vedettes","10":"first","11":"instock","12":"shipping-taxable","13":"purchasable","14":"product-type-simple"},"yoast_head":"<!-- This site is optimized with the Yoast SEO plugin v27.4 - https:\/\/yoast.com\/product\/yoast-seo-wordpress\/ -->\n<title>443 St-Claude, Vieux-Montreal - Michele Bouchard<\/title>\n<meta name=\"robots\" content=\"index, follow, max-snippet:-1, max-image-preview:large, max-video-preview:-1\" \/>\n<link rel=\"canonical\" href=\"https:\/\/www.mbouchard.ca\/fr\/proprietes\/a-vendre\/443-st-claude\/\" \/>\n<meta property=\"og:locale\" content=\"fr_FR\" \/>\n<meta property=\"og:type\" content=\"article\" \/>\n<meta property=\"og:title\" content=\"443 St-Claude, Vieux-Montreal - Michele Bouchard\" \/>\n<meta property=\"og:description\" content=\"Ce local est cl\u00e9 en main : aucune r\u00e9novation \u00e0 pr\u00e9voir. Il est parfaitement adapt\u00e9 \u00e0 une vari\u00e9t\u00e9 de projets professionnels (boutique, bureau, galerie, etc.) et peut \u00e9galement \u00eatre converti en usage r\u00e9sidentiel, sous r\u00e9serve des autorisations n\u00e9cessaires.  Un nouveau certificat de localisation sera command\u00e9.  Important: \u00c0 noter que la superficie du rez de chauss\u00e9e fait 1738 PC et nous retrouvons la m^me superficie \u00e0 l&#039;entre-sol pour un total de 3476 PC. L&#039;occupation peut \u00eatre discuter. Les visites doivent se faire apr\u00e8s 18:00 hrs du lundi au vendredi.  Merci de noter que le prix est + TPS\/TVQ\" \/>\n<meta property=\"og:url\" content=\"https:\/\/www.mbouchard.ca\/fr\/proprietes\/a-vendre\/443-st-claude\/\" \/>\n<meta property=\"og:site_name\" content=\"Michele Bouchard\" \/>\n<meta property=\"article:modified_time\" content=\"2025-10-28T20:24:51+00:00\" \/>\n<meta property=\"og:image\" content=\"https:\/\/www.mbouchard.ca\/wp-content\/uploads\/2025\/10\/443-rue-saint-claude-montr-al-4.jpg\" \/>\n\t<meta property=\"og:image:width\" content=\"1000\" \/>\n\t<meta property=\"og:image:height\" content=\"668\" \/>\n\t<meta property=\"og:image:type\" content=\"image\/jpeg\" \/>\n<meta name=\"twitter:card\" content=\"summary_large_image\" \/>\n<meta name=\"twitter:label1\" content=\"Dur\u00e9e de lecture estim\u00e9e\" \/>\n\t<meta name=\"twitter:data1\" content=\"1 minute\" \/>\n<script type=\"application\/ld+json\" class=\"yoast-schema-graph\">{\"@context\":\"https:\\\/\\\/schema.org\",\"@graph\":[{\"@type\":\"WebPage\",\"@id\":\"https:\\\/\\\/www.mbouchard.ca\\\/fr\\\/proprietes\\\/a-vendre\\\/443-st-claude\\\/\",\"url\":\"https:\\\/\\\/www.mbouchard.ca\\\/fr\\\/proprietes\\\/a-vendre\\\/443-st-claude\\\/\",\"name\":\"443 St-Claude, Vieux-Montreal - Michele Bouchard\",\"isPartOf\":{\"@id\":\"https:\\\/\\\/www.mbouchard.ca\\\/#website\"},\"primaryImageOfPage\":{\"@id\":\"https:\\\/\\\/www.mbouchard.ca\\\/fr\\\/proprietes\\\/a-vendre\\\/443-st-claude\\\/#primaryimage\"},\"image\":{\"@id\":\"https:\\\/\\\/www.mbouchard.ca\\\/fr\\\/proprietes\\\/a-vendre\\\/443-st-claude\\\/#primaryimage\"},\"thumbnailUrl\":\"https:\\\/\\\/www.mbouchard.ca\\\/wp-content\\\/uploads\\\/2025\\\/10\\\/443-rue-saint-claude-montr-al-4.jpg\",\"datePublished\":\"2025-10-28T20:10:50+00:00\",\"dateModified\":\"2025-10-28T20:24:51+00:00\",\"breadcrumb\":{\"@id\":\"https:\\\/\\\/www.mbouchard.ca\\\/fr\\\/proprietes\\\/a-vendre\\\/443-st-claude\\\/#breadcrumb\"},\"inLanguage\":\"fr-FR\",\"potentialAction\":[{\"@type\":\"ReadAction\",\"target\":[\"https:\\\/\\\/www.mbouchard.ca\\\/fr\\\/proprietes\\\/a-vendre\\\/443-st-claude\\\/\"]}]},{\"@type\":\"ImageObject\",\"inLanguage\":\"fr-FR\",\"@id\":\"https:\\\/\\\/www.mbouchard.ca\\\/fr\\\/proprietes\\\/a-vendre\\\/443-st-claude\\\/#primaryimage\",\"url\":\"https:\\\/\\\/www.mbouchard.ca\\\/wp-content\\\/uploads\\\/2025\\\/10\\\/443-rue-saint-claude-montr-al-4.jpg\",\"contentUrl\":\"https:\\\/\\\/www.mbouchard.ca\\\/wp-content\\\/uploads\\\/2025\\\/10\\\/443-rue-saint-claude-montr-al-4.jpg\",\"width\":1000,\"height\":668},{\"@type\":\"BreadcrumbList\",\"@id\":\"https:\\\/\\\/www.mbouchard.ca\\\/fr\\\/proprietes\\\/a-vendre\\\/443-st-claude\\\/#breadcrumb\",\"itemListElement\":[{\"@type\":\"ListItem\",\"position\":1,\"name\":\"Home\",\"item\":\"https:\\\/\\\/www.mbouchard.ca\\\/fr\\\/\"},{\"@type\":\"ListItem\",\"position\":2,\"name\":\"Shop\",\"item\":\"https:\\\/\\\/www.mbouchard.ca\\\/shop\\\/\"},{\"@type\":\"ListItem\",\"position\":3,\"name\":\"443 St-Claude, Vieux-Montreal\"}]},{\"@type\":\"WebSite\",\"@id\":\"https:\\\/\\\/www.mbouchard.ca\\\/#website\",\"url\":\"https:\\\/\\\/www.mbouchard.ca\\\/\",\"name\":\"Michele Bouchard\",\"description\":\"Courtier immobilier \u00e0 Montreal\",\"potentialAction\":[{\"@type\":\"SearchAction\",\"target\":{\"@type\":\"EntryPoint\",\"urlTemplate\":\"https:\\\/\\\/www.mbouchard.ca\\\/?s={search_term_string}\"},\"query-input\":{\"@type\":\"PropertyValueSpecification\",\"valueRequired\":true,\"valueName\":\"search_term_string\"}}],\"inLanguage\":\"fr-FR\"}]}<\/script>\n<!-- \/ Yoast SEO plugin. -->","yoast_head_json":{"title":"443 St-Claude, Vieux-Montreal - Michele Bouchard","robots":{"index":"index","follow":"follow","max-snippet":"max-snippet:-1","max-image-preview":"max-image-preview:large","max-video-preview":"max-video-preview:-1"},"canonical":"https:\/\/www.mbouchard.ca\/fr\/proprietes\/a-vendre\/443-st-claude\/","og_locale":"fr_FR","og_type":"article","og_title":"443 St-Claude, Vieux-Montreal - Michele Bouchard","og_description":"Ce local est cl\u00e9 en main : aucune r\u00e9novation \u00e0 pr\u00e9voir. Il est parfaitement adapt\u00e9 \u00e0 une vari\u00e9t\u00e9 de projets professionnels (boutique, bureau, galerie, etc.) et peut \u00e9galement \u00eatre converti en usage r\u00e9sidentiel, sous r\u00e9serve des autorisations n\u00e9cessaires.  Un nouveau certificat de localisation sera command\u00e9.  Important: \u00c0 noter que la superficie du rez de chauss\u00e9e fait 1738 PC et nous retrouvons la m^me superficie \u00e0 l'entre-sol pour un total de 3476 PC. L'occupation peut \u00eatre discuter. Les visites doivent se faire apr\u00e8s 18:00 hrs du lundi au vendredi.  Merci de noter que le prix est + TPS\/TVQ","og_url":"https:\/\/www.mbouchard.ca\/fr\/proprietes\/a-vendre\/443-st-claude\/","og_site_name":"Michele Bouchard","article_modified_time":"2025-10-28T20:24:51+00:00","og_image":[{"width":1000,"height":668,"url":"https:\/\/www.mbouchard.ca\/wp-content\/uploads\/2025\/10\/443-rue-saint-claude-montr-al-4.jpg","type":"image\/jpeg"}],"twitter_card":"summary_large_image","twitter_misc":{"Dur\u00e9e de lecture estim\u00e9e":"1 minute"},"schema":{"@context":"https:\/\/schema.org","@graph":[{"@type":"WebPage","@id":"https:\/\/www.mbouchard.ca\/fr\/proprietes\/a-vendre\/443-st-claude\/","url":"https:\/\/www.mbouchard.ca\/fr\/proprietes\/a-vendre\/443-st-claude\/","name":"443 St-Claude, Vieux-Montreal - Michele Bouchard","isPartOf":{"@id":"https:\/\/www.mbouchard.ca\/#website"},"primaryImageOfPage":{"@id":"https:\/\/www.mbouchard.ca\/fr\/proprietes\/a-vendre\/443-st-claude\/#primaryimage"},"image":{"@id":"https:\/\/www.mbouchard.ca\/fr\/proprietes\/a-vendre\/443-st-claude\/#primaryimage"},"thumbnailUrl":"https:\/\/www.mbouchard.ca\/wp-content\/uploads\/2025\/10\/443-rue-saint-claude-montr-al-4.jpg","datePublished":"2025-10-28T20:10:50+00:00","dateModified":"2025-10-28T20:24:51+00:00","breadcrumb":{"@id":"https:\/\/www.mbouchard.ca\/fr\/proprietes\/a-vendre\/443-st-claude\/#breadcrumb"},"inLanguage":"fr-FR","potentialAction":[{"@type":"ReadAction","target":["https:\/\/www.mbouchard.ca\/fr\/proprietes\/a-vendre\/443-st-claude\/"]}]},{"@type":"ImageObject","inLanguage":"fr-FR","@id":"https:\/\/www.mbouchard.ca\/fr\/proprietes\/a-vendre\/443-st-claude\/#primaryimage","url":"https:\/\/www.mbouchard.ca\/wp-content\/uploads\/2025\/10\/443-rue-saint-claude-montr-al-4.jpg","contentUrl":"https:\/\/www.mbouchard.ca\/wp-content\/uploads\/2025\/10\/443-rue-saint-claude-montr-al-4.jpg","width":1000,"height":668},{"@type":"BreadcrumbList","@id":"https:\/\/www.mbouchard.ca\/fr\/proprietes\/a-vendre\/443-st-claude\/#breadcrumb","itemListElement":[{"@type":"ListItem","position":1,"name":"Home","item":"https:\/\/www.mbouchard.ca\/fr\/"},{"@type":"ListItem","position":2,"name":"Shop","item":"https:\/\/www.mbouchard.ca\/shop\/"},{"@type":"ListItem","position":3,"name":"443 St-Claude, Vieux-Montreal"}]},{"@type":"WebSite","@id":"https:\/\/www.mbouchard.ca\/#website","url":"https:\/\/www.mbouchard.ca\/","name":"Michele Bouchard","description":"Courtier immobilier \u00e0 Montreal","potentialAction":[{"@type":"SearchAction","target":{"@type":"EntryPoint","urlTemplate":"https:\/\/www.mbouchard.ca\/?s={search_term_string}"},"query-input":{"@type":"PropertyValueSpecification","valueRequired":true,"valueName":"search_term_string"}}],"inLanguage":"fr-FR"}]}},"_links":{"self":[{"href":"https:\/\/www.mbouchard.ca\/fr\/wp-json\/wp\/v2\/product\/6589","targetHints":{"allow":["GET"]}}],"collection":[{"href":"https:\/\/www.mbouchard.ca\/fr\/wp-json\/wp\/v2\/product"}],"about":[{"href":"https:\/\/www.mbouchard.ca\/fr\/wp-json\/wp\/v2\/types\/product"}],"author":[{"embeddable":true,"href":"https:\/\/www.mbouchard.ca\/fr\/wp-json\/wp\/v2\/users\/1"}],"wp:featuredmedia":[{"embeddable":true,"href":"https:\/\/www.mbouchard.ca\/fr\/wp-json\/wp\/v2\/media\/6576"}],"wp:attachment":[{"href":"https:\/\/www.mbouchard.ca\/fr\/wp-json\/wp\/v2\/media?parent=6589"}],"wp:term":[{"taxonomy":"product_brand","embeddable":true,"href":"https:\/\/www.mbouchard.ca\/fr\/wp-json\/wp\/v2\/product_brand?post=6589"},{"taxonomy":"product_cat","embeddable":true,"href":"https:\/\/www.mbouchard.ca\/fr\/wp-json\/wp\/v2\/product_cat?post=6589"},{"taxonomy":"product_tag","embeddable":true,"href":"https:\/\/www.mbouchard.ca\/fr\/wp-json\/wp\/v2\/product_tag?post=6589"}],"curies":[{"name":"wp","href":"https:\/\/api.w.org\/{rel}","templated":true}]}}