{"id":6634,"date":"2026-05-11T14:21:45","date_gmt":"2026-05-11T14:21:45","guid":{"rendered":"https:\/\/www.mbouchard.ca\/properties\/non class\u00e9\/5783-wolseley-cote-st-luc\/"},"modified":"2026-05-11T15:02:07","modified_gmt":"2026-05-11T15:02:07","slug":"5783-wolseley-cote-st-luc","status":"publish","type":"product","link":"https:\/\/www.mbouchard.ca\/fr\/proprietes\/a-vendre\/5783-wolseley-cote-st-luc\/","title":{"rendered":"5783 Wolseley, Cote-St-Luc"},"content":{"rendered":"<p>Located in the sought-after residential neighborhood of C\u00f4te-Saint-Luc, known for its family-friendly and safe atmosphere!<\/p>\n<p>Situ\u00e9e dans le quartier r\u00e9sidentiel pris\u00e9 de C\u00f4te-Saint-Luc, reconnu pour son ambiance familiale et s\u00e9curitaire!<br \/>\n&#8211; Proximit\u00e9 de nombreux parcs, dont Parc Pierre Elliott Trudeau, id\u00e9al pour les activit\u00e9s ext\u00e9rieures<br \/>\n&#8211; Acc\u00e8s facile aux \u00e9coles r\u00e9put\u00e9es, centres communautaires et installations sportives\/piscine<br \/>\n&#8211; \u00c0 quelques minutes des commerces, \u00e9piceries et services essentiels<br \/>&#8211; Acc\u00e8s rapide aux grands axes routiers pour rejoindre le centre-ville de Montr\u00e9al<\/p>\n<p>Venez visiter!<\/p>\n<p>Le lave-vaisselle n&#8217;est pas fonctionnel<\/p>\n<p><strong>Inclusions:<\/strong> Four, laveuse et s\u00e9cheuse. Deux filli\u00e8res en m\u00e9tal. Murphy bed dans la chambre au RDC. Luminaires. Sauna. Storage dans le couloir au RDC.     <\/p>\n<p><strong>Exclusions: <\/strong>P\u00f4les \u00e0 rideaux, rideaux, stores sauf dans la salle familiale au sous-sol. R\u00e9frig\u00e9rateur. Support de la t\u00e9l\u00e9. Freezer.   <\/p>\n","protected":false},"excerpt":{"rendered":"<p>Spacieuse propri\u00e9t\u00e9 familiale offrant 5 chambres \u00e0 coucher et 2 salles de bains compl\u00e8tes. Plafonds hauts et magnifiques planchers de bois cr\u00e9ent une ambiance chaleureuse et lumineuse. De nombreuses am\u00e9liorations ont \u00e9t\u00e9 apport\u00e9es au fil des ans, assurant confort et tranquillit\u00e9 d&#8217;esprit. Immense garage avec beaucoup de rangement, ainsi qu&#8217;un atout unique : son propre sauna. Id\u00e9ale pour une famille \u00e0 la recherche d&#8217;espace, de charme et de fonctionnalit\u00e9.    <\/p>\n<p><strong>MLS :<\/strong> <span class=\"formula field d156m5\">13855996<\/span><\/p>\n","protected":false},"author":1,"featured_media":6624,"template":"","meta":[],"product_brand":[],"product_cat":[108,159,162,141,116,163,156],"product_tag":[],"class_list":{"0":"post-6634","1":"product","2":"type-product","3":"status-publish","4":"has-post-thumbnail","6":"product_cat-a-vendre","7":"product_cat-a-vendre-ou-a-louer","8":"product_cat-family-house","9":"product_cat-non-classifiee","10":"product_cat-vedettes","11":"product_cat-single-home","12":"product_cat-vente-residentielle","14":"first","15":"instock","16":"shipping-taxable","17":"purchasable","18":"product-type-simple"},"yoast_head":"<!-- This site is optimized with the Yoast SEO plugin v27.6 - https:\/\/yoast.com\/product\/yoast-seo-wordpress\/ -->\n<title>5783 Wolseley, Cote-St-Luc - Michele Bouchard<\/title>\n<meta name=\"robots\" content=\"index, follow, max-snippet:-1, max-image-preview:large, max-video-preview:-1\" \/>\n<link rel=\"canonical\" href=\"https:\/\/www.mbouchard.ca\/fr\/proprietes\/non-classifiee\/5783-wolseley-cote-st-luc\/\" \/>\n<meta property=\"og:locale\" content=\"fr_FR\" \/>\n<meta property=\"og:type\" content=\"article\" \/>\n<meta property=\"og:title\" content=\"5783 Wolseley, Cote-St-Luc - Michele Bouchard\" \/>\n<meta property=\"og:description\" content=\"Spacieuse propri\u00e9t\u00e9 familiale offrant 5 chambres \u00e0 coucher et 2 salles de bains compl\u00e8tes. Plafonds hauts et magnifiques planchers de bois cr\u00e9ent une ambiance chaleureuse et lumineuse. De nombreuses am\u00e9liorations ont \u00e9t\u00e9 apport\u00e9es au fil des ans, assurant confort et tranquillit\u00e9 d&#039;esprit. Immense garage avec beaucoup de rangement, ainsi qu&#039;un atout unique : son propre sauna. Id\u00e9ale pour une famille \u00e0 la recherche d&#039;espace, de charme et de fonctionnalit\u00e9.   MLS : 13855996\" \/>\n<meta property=\"og:url\" content=\"https:\/\/www.mbouchard.ca\/fr\/proprietes\/non-classifiee\/5783-wolseley-cote-st-luc\/\" \/>\n<meta property=\"og:site_name\" content=\"Michele Bouchard\" \/>\n<meta property=\"article:modified_time\" content=\"2026-05-11T15:02:07+00:00\" \/>\n<meta property=\"og:image\" content=\"https:\/\/www.mbouchard.ca\/wp-content\/uploads\/2026\/05\/5783-wolseley-avenue-c-te-saint-luc-4.jpg\" \/>\n\t<meta property=\"og:image:width\" content=\"1000\" \/>\n\t<meta property=\"og:image:height\" content=\"667\" \/>\n\t<meta property=\"og:image:type\" content=\"image\/jpeg\" \/>\n<meta name=\"twitter:card\" content=\"summary_large_image\" \/>\n<meta name=\"twitter:label1\" content=\"Dur\u00e9e de lecture estim\u00e9e\" \/>\n\t<meta name=\"twitter:data1\" content=\"1 minute\" \/>\n<script type=\"application\/ld+json\" class=\"yoast-schema-graph\">{\"@context\":\"https:\\\/\\\/schema.org\",\"@graph\":[{\"@type\":\"WebPage\",\"@id\":\"https:\\\/\\\/www.mbouchard.ca\\\/fr\\\/proprietes\\\/non-classifiee\\\/5783-wolseley-cote-st-luc\\\/\",\"url\":\"https:\\\/\\\/www.mbouchard.ca\\\/fr\\\/proprietes\\\/non-classifiee\\\/5783-wolseley-cote-st-luc\\\/\",\"name\":\"5783 Wolseley, Cote-St-Luc - Michele Bouchard\",\"isPartOf\":{\"@id\":\"https:\\\/\\\/www.mbouchard.ca\\\/#website\"},\"primaryImageOfPage\":{\"@id\":\"https:\\\/\\\/www.mbouchard.ca\\\/fr\\\/proprietes\\\/non-classifiee\\\/5783-wolseley-cote-st-luc\\\/#primaryimage\"},\"image\":{\"@id\":\"https:\\\/\\\/www.mbouchard.ca\\\/fr\\\/proprietes\\\/non-classifiee\\\/5783-wolseley-cote-st-luc\\\/#primaryimage\"},\"thumbnailUrl\":\"https:\\\/\\\/www.mbouchard.ca\\\/wp-content\\\/uploads\\\/2026\\\/05\\\/5783-wolseley-avenue-c-te-saint-luc-4.jpg\",\"datePublished\":\"2026-05-11T14:21:45+00:00\",\"dateModified\":\"2026-05-11T15:02:07+00:00\",\"breadcrumb\":{\"@id\":\"https:\\\/\\\/www.mbouchard.ca\\\/fr\\\/proprietes\\\/non-classifiee\\\/5783-wolseley-cote-st-luc\\\/#breadcrumb\"},\"inLanguage\":\"fr-FR\",\"potentialAction\":[{\"@type\":\"ReadAction\",\"target\":[\"https:\\\/\\\/www.mbouchard.ca\\\/fr\\\/proprietes\\\/non-classifiee\\\/5783-wolseley-cote-st-luc\\\/\"]}]},{\"@type\":\"ImageObject\",\"inLanguage\":\"fr-FR\",\"@id\":\"https:\\\/\\\/www.mbouchard.ca\\\/fr\\\/proprietes\\\/non-classifiee\\\/5783-wolseley-cote-st-luc\\\/#primaryimage\",\"url\":\"https:\\\/\\\/www.mbouchard.ca\\\/wp-content\\\/uploads\\\/2026\\\/05\\\/5783-wolseley-avenue-c-te-saint-luc-4.jpg\",\"contentUrl\":\"https:\\\/\\\/www.mbouchard.ca\\\/wp-content\\\/uploads\\\/2026\\\/05\\\/5783-wolseley-avenue-c-te-saint-luc-4.jpg\",\"width\":1000,\"height\":667},{\"@type\":\"BreadcrumbList\",\"@id\":\"https:\\\/\\\/www.mbouchard.ca\\\/fr\\\/proprietes\\\/non-classifiee\\\/5783-wolseley-cote-st-luc\\\/#breadcrumb\",\"itemListElement\":[{\"@type\":\"ListItem\",\"position\":1,\"name\":\"Home\",\"item\":\"https:\\\/\\\/www.mbouchard.ca\\\/fr\\\/\"},{\"@type\":\"ListItem\",\"position\":2,\"name\":\"Shop\",\"item\":\"https:\\\/\\\/www.mbouchard.ca\\\/shop\\\/\"},{\"@type\":\"ListItem\",\"position\":3,\"name\":\"5783 Wolseley, Cote-St-Luc\"}]},{\"@type\":\"WebSite\",\"@id\":\"https:\\\/\\\/www.mbouchard.ca\\\/#website\",\"url\":\"https:\\\/\\\/www.mbouchard.ca\\\/\",\"name\":\"Michele Bouchard\",\"description\":\"Courtier immobilier \u00e0 Montreal\",\"potentialAction\":[{\"@type\":\"SearchAction\",\"target\":{\"@type\":\"EntryPoint\",\"urlTemplate\":\"https:\\\/\\\/www.mbouchard.ca\\\/?s={search_term_string}\"},\"query-input\":{\"@type\":\"PropertyValueSpecification\",\"valueRequired\":true,\"valueName\":\"search_term_string\"}}],\"inLanguage\":\"fr-FR\"}]}<\/script>\n<!-- \/ Yoast SEO plugin. -->","yoast_head_json":{"title":"5783 Wolseley, Cote-St-Luc - Michele Bouchard","robots":{"index":"index","follow":"follow","max-snippet":"max-snippet:-1","max-image-preview":"max-image-preview:large","max-video-preview":"max-video-preview:-1"},"canonical":"https:\/\/www.mbouchard.ca\/fr\/proprietes\/non-classifiee\/5783-wolseley-cote-st-luc\/","og_locale":"fr_FR","og_type":"article","og_title":"5783 Wolseley, Cote-St-Luc - Michele Bouchard","og_description":"Spacieuse propri\u00e9t\u00e9 familiale offrant 5 chambres \u00e0 coucher et 2 salles de bains compl\u00e8tes. Plafonds hauts et magnifiques planchers de bois cr\u00e9ent une ambiance chaleureuse et lumineuse. De nombreuses am\u00e9liorations ont \u00e9t\u00e9 apport\u00e9es au fil des ans, assurant confort et tranquillit\u00e9 d'esprit. Immense garage avec beaucoup de rangement, ainsi qu'un atout unique : son propre sauna. Id\u00e9ale pour une famille \u00e0 la recherche d'espace, de charme et de fonctionnalit\u00e9.   MLS : 13855996","og_url":"https:\/\/www.mbouchard.ca\/fr\/proprietes\/non-classifiee\/5783-wolseley-cote-st-luc\/","og_site_name":"Michele Bouchard","article_modified_time":"2026-05-11T15:02:07+00:00","og_image":[{"width":1000,"height":667,"url":"https:\/\/www.mbouchard.ca\/wp-content\/uploads\/2026\/05\/5783-wolseley-avenue-c-te-saint-luc-4.jpg","type":"image\/jpeg"}],"twitter_card":"summary_large_image","twitter_misc":{"Dur\u00e9e de lecture estim\u00e9e":"1 minute"},"schema":{"@context":"https:\/\/schema.org","@graph":[{"@type":"WebPage","@id":"https:\/\/www.mbouchard.ca\/fr\/proprietes\/non-classifiee\/5783-wolseley-cote-st-luc\/","url":"https:\/\/www.mbouchard.ca\/fr\/proprietes\/non-classifiee\/5783-wolseley-cote-st-luc\/","name":"5783 Wolseley, Cote-St-Luc - Michele Bouchard","isPartOf":{"@id":"https:\/\/www.mbouchard.ca\/#website"},"primaryImageOfPage":{"@id":"https:\/\/www.mbouchard.ca\/fr\/proprietes\/non-classifiee\/5783-wolseley-cote-st-luc\/#primaryimage"},"image":{"@id":"https:\/\/www.mbouchard.ca\/fr\/proprietes\/non-classifiee\/5783-wolseley-cote-st-luc\/#primaryimage"},"thumbnailUrl":"https:\/\/www.mbouchard.ca\/wp-content\/uploads\/2026\/05\/5783-wolseley-avenue-c-te-saint-luc-4.jpg","datePublished":"2026-05-11T14:21:45+00:00","dateModified":"2026-05-11T15:02:07+00:00","breadcrumb":{"@id":"https:\/\/www.mbouchard.ca\/fr\/proprietes\/non-classifiee\/5783-wolseley-cote-st-luc\/#breadcrumb"},"inLanguage":"fr-FR","potentialAction":[{"@type":"ReadAction","target":["https:\/\/www.mbouchard.ca\/fr\/proprietes\/non-classifiee\/5783-wolseley-cote-st-luc\/"]}]},{"@type":"ImageObject","inLanguage":"fr-FR","@id":"https:\/\/www.mbouchard.ca\/fr\/proprietes\/non-classifiee\/5783-wolseley-cote-st-luc\/#primaryimage","url":"https:\/\/www.mbouchard.ca\/wp-content\/uploads\/2026\/05\/5783-wolseley-avenue-c-te-saint-luc-4.jpg","contentUrl":"https:\/\/www.mbouchard.ca\/wp-content\/uploads\/2026\/05\/5783-wolseley-avenue-c-te-saint-luc-4.jpg","width":1000,"height":667},{"@type":"BreadcrumbList","@id":"https:\/\/www.mbouchard.ca\/fr\/proprietes\/non-classifiee\/5783-wolseley-cote-st-luc\/#breadcrumb","itemListElement":[{"@type":"ListItem","position":1,"name":"Home","item":"https:\/\/www.mbouchard.ca\/fr\/"},{"@type":"ListItem","position":2,"name":"Shop","item":"https:\/\/www.mbouchard.ca\/shop\/"},{"@type":"ListItem","position":3,"name":"5783 Wolseley, Cote-St-Luc"}]},{"@type":"WebSite","@id":"https:\/\/www.mbouchard.ca\/#website","url":"https:\/\/www.mbouchard.ca\/","name":"Michele Bouchard","description":"Courtier immobilier \u00e0 Montreal","potentialAction":[{"@type":"SearchAction","target":{"@type":"EntryPoint","urlTemplate":"https:\/\/www.mbouchard.ca\/?s={search_term_string}"},"query-input":{"@type":"PropertyValueSpecification","valueRequired":true,"valueName":"search_term_string"}}],"inLanguage":"fr-FR"}]}},"_links":{"self":[{"href":"https:\/\/www.mbouchard.ca\/fr\/wp-json\/wp\/v2\/product\/6634","targetHints":{"allow":["GET"]}}],"collection":[{"href":"https:\/\/www.mbouchard.ca\/fr\/wp-json\/wp\/v2\/product"}],"about":[{"href":"https:\/\/www.mbouchard.ca\/fr\/wp-json\/wp\/v2\/types\/product"}],"author":[{"embeddable":true,"href":"https:\/\/www.mbouchard.ca\/fr\/wp-json\/wp\/v2\/users\/1"}],"wp:featuredmedia":[{"embeddable":true,"href":"https:\/\/www.mbouchard.ca\/fr\/wp-json\/wp\/v2\/media\/6624"}],"wp:attachment":[{"href":"https:\/\/www.mbouchard.ca\/fr\/wp-json\/wp\/v2\/media?parent=6634"}],"wp:term":[{"taxonomy":"product_brand","embeddable":true,"href":"https:\/\/www.mbouchard.ca\/fr\/wp-json\/wp\/v2\/product_brand?post=6634"},{"taxonomy":"product_cat","embeddable":true,"href":"https:\/\/www.mbouchard.ca\/fr\/wp-json\/wp\/v2\/product_cat?post=6634"},{"taxonomy":"product_tag","embeddable":true,"href":"https:\/\/www.mbouchard.ca\/fr\/wp-json\/wp\/v2\/product_tag?post=6634"}],"curies":[{"name":"wp","href":"https:\/\/api.w.org\/{rel}","templated":true}]}}