{"id":6658,"date":"2026-05-11T15:12:24","date_gmt":"2026-05-11T15:12:24","guid":{"rendered":"https:\/\/www.mbouchard.ca\/properties\/non class\u00e9\/583-cousineau-laval\/"},"modified":"2026-05-11T15:38:46","modified_gmt":"2026-05-11T15:38:46","slug":"583-cousineau-laval","status":"publish","type":"product","link":"https:\/\/www.mbouchard.ca\/fr\/proprietes\/a-vendre\/583-cousineau-laval\/","title":{"rendered":"583 Cousineau, Laval"},"content":{"rendered":"<p>Am\u00e9liorations :<br \/>&#8211; Les murs du sous-sol ont majoritairement \u00e9t\u00e9 isol\u00e9s \u00e0 l&#8217;ur\u00e9thane et refaits<br \/>\n&#8211; Ajout d&#8217;une deuxi\u00e8me salle de bain au sous-sol<br \/>\n&#8211; Nouvelle cl\u00f4ture<br \/>\n&#8211; Nouvelles margelles<br \/>\n&#8211; Nouveau pav\u00e9 uni<br \/>\n&#8211; Am\u00e9liorations apport\u00e9es \u00e0 la terrasse<br \/>\n&#8211; Modernisation de la plomberie<br \/>\n<strong>Inclusions:<\/strong> Stores et rideaux, luminaires, r\u00e9frig\u00e9rateur, lave-vaisselle et four<\/p>\n<p><strong>Exclusions<\/strong>: Laveuse et s\u00e9cheuse<\/p>\n","protected":false},"excerpt":{"rendered":"<p>Un v\u00e9ritable petit nid d&#8217;amour ! Cette charmante maison unifamiliale offre 3 chambres \u00e0 coucher et 2 salles de bain compl\u00e8tes. Vous serez s\u00e9duit par son grand jardin et sa belle terrasse, parfaite pour recevoir famille et amis. Id\u00e9alement situ\u00e9e \u00e0 proximit\u00e9 de tous les services (pharmacie, supermarch\u00e9, et bien plus), elle se trouve \u00e9galement \u00e0 seulement 5 minutes en voiture du m\u00e9tro Cartier et des grands axes routiers. Le rez-de-chauss\u00e9e propose deux grandes chambres lumineuses. Le sous-sol, quant \u00e0 lui, offre un excellent potentiel : plusieurs am\u00e9liorations y ont d\u00e9j\u00e0 \u00e9t\u00e9 apport\u00e9es.     <\/p>\n","protected":false},"author":1,"featured_media":6645,"template":"","meta":[],"product_brand":[],"product_cat":[108,159,162,141,116,163,156],"product_tag":[],"class_list":{"0":"post-6658","1":"product","2":"type-product","3":"status-publish","4":"has-post-thumbnail","6":"product_cat-a-vendre","7":"product_cat-a-vendre-ou-a-louer","8":"product_cat-family-house","9":"product_cat-non-classifiee","10":"product_cat-vedettes","11":"product_cat-single-home","12":"product_cat-vente-residentielle","14":"first","15":"instock","16":"shipping-taxable","17":"purchasable","18":"product-type-simple"},"yoast_head":"<!-- This site is optimized with the Yoast SEO plugin v27.6 - https:\/\/yoast.com\/product\/yoast-seo-wordpress\/ -->\n<title>583 Cousineau, Laval - Michele Bouchard<\/title>\n<meta name=\"robots\" content=\"index, follow, max-snippet:-1, max-image-preview:large, max-video-preview:-1\" \/>\n<link rel=\"canonical\" href=\"https:\/\/www.mbouchard.ca\/fr\/proprietes\/a-vendre\/583-cousineau-laval\/\" \/>\n<meta property=\"og:locale\" content=\"fr_FR\" \/>\n<meta property=\"og:type\" content=\"article\" \/>\n<meta property=\"og:title\" content=\"583 Cousineau, Laval - Michele Bouchard\" \/>\n<meta property=\"og:description\" content=\"Un v\u00e9ritable petit nid d&#039;amour ! Cette charmante maison unifamiliale offre 3 chambres \u00e0 coucher et 2 salles de bain compl\u00e8tes. Vous serez s\u00e9duit par son grand jardin et sa belle terrasse, parfaite pour recevoir famille et amis. Id\u00e9alement situ\u00e9e \u00e0 proximit\u00e9 de tous les services (pharmacie, supermarch\u00e9, et bien plus), elle se trouve \u00e9galement \u00e0 seulement 5 minutes en voiture du m\u00e9tro Cartier et des grands axes routiers. Le rez-de-chauss\u00e9e propose deux grandes chambres lumineuses. Le sous-sol, quant \u00e0 lui, offre un excellent potentiel : plusieurs am\u00e9liorations y ont d\u00e9j\u00e0 \u00e9t\u00e9 apport\u00e9es.\" \/>\n<meta property=\"og:url\" content=\"https:\/\/www.mbouchard.ca\/fr\/proprietes\/a-vendre\/583-cousineau-laval\/\" \/>\n<meta property=\"og:site_name\" content=\"Michele Bouchard\" \/>\n<meta property=\"article:modified_time\" content=\"2026-05-11T15:38:46+00:00\" \/>\n<meta property=\"og:image\" content=\"https:\/\/www.mbouchard.ca\/wp-content\/uploads\/2026\/05\/583-rue-cousineau-laval-16.jpg\" \/>\n\t<meta property=\"og:image:width\" content=\"1000\" \/>\n\t<meta property=\"og:image:height\" content=\"667\" \/>\n\t<meta property=\"og:image:type\" content=\"image\/jpeg\" \/>\n<meta name=\"twitter:card\" content=\"summary_large_image\" \/>\n<script type=\"application\/ld+json\" class=\"yoast-schema-graph\">{\"@context\":\"https:\\\/\\\/schema.org\",\"@graph\":[{\"@type\":\"WebPage\",\"@id\":\"https:\\\/\\\/www.mbouchard.ca\\\/fr\\\/proprietes\\\/a-vendre\\\/583-cousineau-laval\\\/\",\"url\":\"https:\\\/\\\/www.mbouchard.ca\\\/fr\\\/proprietes\\\/a-vendre\\\/583-cousineau-laval\\\/\",\"name\":\"583 Cousineau, Laval - Michele Bouchard\",\"isPartOf\":{\"@id\":\"https:\\\/\\\/www.mbouchard.ca\\\/#website\"},\"primaryImageOfPage\":{\"@id\":\"https:\\\/\\\/www.mbouchard.ca\\\/fr\\\/proprietes\\\/a-vendre\\\/583-cousineau-laval\\\/#primaryimage\"},\"image\":{\"@id\":\"https:\\\/\\\/www.mbouchard.ca\\\/fr\\\/proprietes\\\/a-vendre\\\/583-cousineau-laval\\\/#primaryimage\"},\"thumbnailUrl\":\"https:\\\/\\\/www.mbouchard.ca\\\/wp-content\\\/uploads\\\/2026\\\/05\\\/583-rue-cousineau-laval-16.jpg\",\"datePublished\":\"2026-05-11T15:12:24+00:00\",\"dateModified\":\"2026-05-11T15:38:46+00:00\",\"breadcrumb\":{\"@id\":\"https:\\\/\\\/www.mbouchard.ca\\\/fr\\\/proprietes\\\/a-vendre\\\/583-cousineau-laval\\\/#breadcrumb\"},\"inLanguage\":\"fr-FR\",\"potentialAction\":[{\"@type\":\"ReadAction\",\"target\":[\"https:\\\/\\\/www.mbouchard.ca\\\/fr\\\/proprietes\\\/a-vendre\\\/583-cousineau-laval\\\/\"]}]},{\"@type\":\"ImageObject\",\"inLanguage\":\"fr-FR\",\"@id\":\"https:\\\/\\\/www.mbouchard.ca\\\/fr\\\/proprietes\\\/a-vendre\\\/583-cousineau-laval\\\/#primaryimage\",\"url\":\"https:\\\/\\\/www.mbouchard.ca\\\/wp-content\\\/uploads\\\/2026\\\/05\\\/583-rue-cousineau-laval-16.jpg\",\"contentUrl\":\"https:\\\/\\\/www.mbouchard.ca\\\/wp-content\\\/uploads\\\/2026\\\/05\\\/583-rue-cousineau-laval-16.jpg\",\"width\":1000,\"height\":667,\"caption\":\"Cette photo a \u00e9t\u00e9 meubl\u00e9e avec l'IA\"},{\"@type\":\"BreadcrumbList\",\"@id\":\"https:\\\/\\\/www.mbouchard.ca\\\/fr\\\/proprietes\\\/a-vendre\\\/583-cousineau-laval\\\/#breadcrumb\",\"itemListElement\":[{\"@type\":\"ListItem\",\"position\":1,\"name\":\"Home\",\"item\":\"https:\\\/\\\/www.mbouchard.ca\\\/fr\\\/\"},{\"@type\":\"ListItem\",\"position\":2,\"name\":\"Shop\",\"item\":\"https:\\\/\\\/www.mbouchard.ca\\\/shop\\\/\"},{\"@type\":\"ListItem\",\"position\":3,\"name\":\"583 Cousineau, Laval\"}]},{\"@type\":\"WebSite\",\"@id\":\"https:\\\/\\\/www.mbouchard.ca\\\/#website\",\"url\":\"https:\\\/\\\/www.mbouchard.ca\\\/\",\"name\":\"Michele Bouchard\",\"description\":\"Courtier immobilier \u00e0 Montreal\",\"potentialAction\":[{\"@type\":\"SearchAction\",\"target\":{\"@type\":\"EntryPoint\",\"urlTemplate\":\"https:\\\/\\\/www.mbouchard.ca\\\/?s={search_term_string}\"},\"query-input\":{\"@type\":\"PropertyValueSpecification\",\"valueRequired\":true,\"valueName\":\"search_term_string\"}}],\"inLanguage\":\"fr-FR\"}]}<\/script>\n<!-- \/ Yoast SEO plugin. -->","yoast_head_json":{"title":"583 Cousineau, Laval - Michele Bouchard","robots":{"index":"index","follow":"follow","max-snippet":"max-snippet:-1","max-image-preview":"max-image-preview:large","max-video-preview":"max-video-preview:-1"},"canonical":"https:\/\/www.mbouchard.ca\/fr\/proprietes\/a-vendre\/583-cousineau-laval\/","og_locale":"fr_FR","og_type":"article","og_title":"583 Cousineau, Laval - Michele Bouchard","og_description":"Un v\u00e9ritable petit nid d'amour ! Cette charmante maison unifamiliale offre 3 chambres \u00e0 coucher et 2 salles de bain compl\u00e8tes. Vous serez s\u00e9duit par son grand jardin et sa belle terrasse, parfaite pour recevoir famille et amis. Id\u00e9alement situ\u00e9e \u00e0 proximit\u00e9 de tous les services (pharmacie, supermarch\u00e9, et bien plus), elle se trouve \u00e9galement \u00e0 seulement 5 minutes en voiture du m\u00e9tro Cartier et des grands axes routiers. Le rez-de-chauss\u00e9e propose deux grandes chambres lumineuses. Le sous-sol, quant \u00e0 lui, offre un excellent potentiel : plusieurs am\u00e9liorations y ont d\u00e9j\u00e0 \u00e9t\u00e9 apport\u00e9es.","og_url":"https:\/\/www.mbouchard.ca\/fr\/proprietes\/a-vendre\/583-cousineau-laval\/","og_site_name":"Michele Bouchard","article_modified_time":"2026-05-11T15:38:46+00:00","og_image":[{"width":1000,"height":667,"url":"https:\/\/www.mbouchard.ca\/wp-content\/uploads\/2026\/05\/583-rue-cousineau-laval-16.jpg","type":"image\/jpeg"}],"twitter_card":"summary_large_image","schema":{"@context":"https:\/\/schema.org","@graph":[{"@type":"WebPage","@id":"https:\/\/www.mbouchard.ca\/fr\/proprietes\/a-vendre\/583-cousineau-laval\/","url":"https:\/\/www.mbouchard.ca\/fr\/proprietes\/a-vendre\/583-cousineau-laval\/","name":"583 Cousineau, Laval - Michele Bouchard","isPartOf":{"@id":"https:\/\/www.mbouchard.ca\/#website"},"primaryImageOfPage":{"@id":"https:\/\/www.mbouchard.ca\/fr\/proprietes\/a-vendre\/583-cousineau-laval\/#primaryimage"},"image":{"@id":"https:\/\/www.mbouchard.ca\/fr\/proprietes\/a-vendre\/583-cousineau-laval\/#primaryimage"},"thumbnailUrl":"https:\/\/www.mbouchard.ca\/wp-content\/uploads\/2026\/05\/583-rue-cousineau-laval-16.jpg","datePublished":"2026-05-11T15:12:24+00:00","dateModified":"2026-05-11T15:38:46+00:00","breadcrumb":{"@id":"https:\/\/www.mbouchard.ca\/fr\/proprietes\/a-vendre\/583-cousineau-laval\/#breadcrumb"},"inLanguage":"fr-FR","potentialAction":[{"@type":"ReadAction","target":["https:\/\/www.mbouchard.ca\/fr\/proprietes\/a-vendre\/583-cousineau-laval\/"]}]},{"@type":"ImageObject","inLanguage":"fr-FR","@id":"https:\/\/www.mbouchard.ca\/fr\/proprietes\/a-vendre\/583-cousineau-laval\/#primaryimage","url":"https:\/\/www.mbouchard.ca\/wp-content\/uploads\/2026\/05\/583-rue-cousineau-laval-16.jpg","contentUrl":"https:\/\/www.mbouchard.ca\/wp-content\/uploads\/2026\/05\/583-rue-cousineau-laval-16.jpg","width":1000,"height":667,"caption":"Cette photo a \u00e9t\u00e9 meubl\u00e9e avec l'IA"},{"@type":"BreadcrumbList","@id":"https:\/\/www.mbouchard.ca\/fr\/proprietes\/a-vendre\/583-cousineau-laval\/#breadcrumb","itemListElement":[{"@type":"ListItem","position":1,"name":"Home","item":"https:\/\/www.mbouchard.ca\/fr\/"},{"@type":"ListItem","position":2,"name":"Shop","item":"https:\/\/www.mbouchard.ca\/shop\/"},{"@type":"ListItem","position":3,"name":"583 Cousineau, Laval"}]},{"@type":"WebSite","@id":"https:\/\/www.mbouchard.ca\/#website","url":"https:\/\/www.mbouchard.ca\/","name":"Michele Bouchard","description":"Courtier immobilier \u00e0 Montreal","potentialAction":[{"@type":"SearchAction","target":{"@type":"EntryPoint","urlTemplate":"https:\/\/www.mbouchard.ca\/?s={search_term_string}"},"query-input":{"@type":"PropertyValueSpecification","valueRequired":true,"valueName":"search_term_string"}}],"inLanguage":"fr-FR"}]}},"_links":{"self":[{"href":"https:\/\/www.mbouchard.ca\/fr\/wp-json\/wp\/v2\/product\/6658","targetHints":{"allow":["GET"]}}],"collection":[{"href":"https:\/\/www.mbouchard.ca\/fr\/wp-json\/wp\/v2\/product"}],"about":[{"href":"https:\/\/www.mbouchard.ca\/fr\/wp-json\/wp\/v2\/types\/product"}],"author":[{"embeddable":true,"href":"https:\/\/www.mbouchard.ca\/fr\/wp-json\/wp\/v2\/users\/1"}],"wp:featuredmedia":[{"embeddable":true,"href":"https:\/\/www.mbouchard.ca\/fr\/wp-json\/wp\/v2\/media\/6645"}],"wp:attachment":[{"href":"https:\/\/www.mbouchard.ca\/fr\/wp-json\/wp\/v2\/media?parent=6658"}],"wp:term":[{"taxonomy":"product_brand","embeddable":true,"href":"https:\/\/www.mbouchard.ca\/fr\/wp-json\/wp\/v2\/product_brand?post=6658"},{"taxonomy":"product_cat","embeddable":true,"href":"https:\/\/www.mbouchard.ca\/fr\/wp-json\/wp\/v2\/product_cat?post=6658"},{"taxonomy":"product_tag","embeddable":true,"href":"https:\/\/www.mbouchard.ca\/fr\/wp-json\/wp\/v2\/product_tag?post=6658"}],"curies":[{"name":"wp","href":"https:\/\/api.w.org\/{rel}","templated":true}]}}